{"id":50,"date":"2023-01-09T15:23:14","date_gmt":"2023-01-09T15:23:14","guid":{"rendered":"https:\/\/deadoralivesaloon.com\/?page_id=50"},"modified":"2023-01-09T15:23:14","modified_gmt":"2023-01-09T15:23:14","slug":"haftungsausschluss","status":"publish","type":"page","link":"https:\/\/deadoralivesaloon.com\/de\/disclaimer\/","title":{"rendered":"Haftungsausschluss f\u00fcr DeadorAliveSaloon"},"content":{"rendered":"<div class=\"page\">\n<div class=\"container\">\n<div class=\"content download-wrapper\">\n<div class=\"row\">\n<div class=\"col-md-6 col-md-pull-6 col-sm-6 col-sm-pull-6\">\n<div class=\"main\">\n<div class=\"preview\">\n<p>Wenn Sie weitere Informationen ben\u00f6tigen oder Fragen zum Haftungsausschluss unserer Website haben, k\u00f6nnen Sie uns gerne per E-Mail unter doasaloon@casino.com kontaktieren.<\/p>\n<h2>Haftungsausschl\u00fcsse f\u00fcr deadoralivesaloon.com<\/h2>\n<p>Alle Informationen auf dieser Website - https:\/\/deadoralivesaloon.com\/ - werden nach bestem Wissen und Gewissen und nur zu allgemeinen Informationszwecken ver\u00f6ffentlicht. Deadoralivesaloon.com \u00fcbernimmt keine Garantie f\u00fcr die Vollst\u00e4ndigkeit, Zuverl\u00e4ssigkeit und Genauigkeit dieser Informationen. Jede Handlung, die Sie aufgrund der Informationen auf dieser Website vornehmen (<a href=\"https:\/\/deadoralivesaloon.com\/de\/\" target=\"_blank\" rel=\"noopener\">deadoralivesaloon.com<\/a>), erfolgt ausschlie\u00dflich auf eigene Gefahr. deadoralivesaloon.com haftet nicht f\u00fcr Verluste und\/oder Sch\u00e4den im Zusammenhang mit der Nutzung unserer Website.<\/p>\n<p>Von unserer Website aus k\u00f6nnen Sie andere Websites besuchen, indem Sie Hyperlinks zu solchen externen Websites folgen. Obwohl wir uns bem\u00fchen, nur qualitativ hochwertige Links zu n\u00fctzlichen und ethischen Websites anzubieten, haben wir keine Kontrolle \u00fcber den Inhalt und die Art dieser Websites. Diese Links zu anderen Websites stellen keine Empfehlung f\u00fcr den gesamten Inhalt dieser Websites dar. Die Eigent\u00fcmer und Inhalte der Websites k\u00f6nnen sich ohne Vorank\u00fcndigung \u00e4ndern und es kann vorkommen, dass wir einen Link, der m\u00f6glicherweise \"schlecht\" geworden ist, nicht entfernen k\u00f6nnen.<\/p>\n<p>Bitte beachten Sie auch, dass Sie beim Verlassen unserer Website auf andere Websites gelangen k\u00f6nnen, die andere <a href=\"https:\/\/deadoralivesaloon.com\/de\/datenschutzerklarung\/\" title=\"Datenschutzrichtlinie f\u00fcr DeadorAlive: Saloon\" target=\"_blank\" rel=\"noopener\" data-wpil-monitor-id=\"8\">Datenschutzrichtlinien<\/a> und Bedingungen, die au\u00dferhalb unserer Kontrolle liegen. Bitte informieren Sie sich \u00fcber die Datenschutzrichtlinien dieser Websites sowie \u00fcber deren \"Nutzungsbedingungen\", bevor Sie Gesch\u00e4fte t\u00e4tigen oder Informationen hochladen.<\/p>\n<h2>Zustimmung<\/h2>\n<p>Durch die Nutzung unserer Website erkl\u00e4ren Sie sich mit unserem Haftungsausschluss einverstanden und stimmen dessen Bedingungen zu.<\/p>\n<h2>Update<\/h2>\n<p>Sollten wir dieses Dokument aktualisieren, erg\u00e4nzen oder \u00e4ndern, werden diese \u00c4nderungen an dieser Stelle deutlich sichtbar ver\u00f6ffentlicht.<\/p>\n<\/div>\n<\/div>\n<\/div>\n<\/div>\n<\/div>\n<\/div>\n<\/div>\n<style>\r\n\r\n        .lwrp.link-whisper-related-posts{\r\n            \r\n            margin-top: 40px;\nmargin-bottom: 30px;\r\n        }\r\n        .lwrp .lwrp-title{\r\n            \r\n            \r\n        }\r\n        .lwrp .lwrp-description{\r\n            \r\n            \r\n\r\n        }\r\n        .lwrp .lwrp-list-container{\r\n        }\r\n        .lwrp .lwrp-list-multi-container{\r\n            display: flex;\r\n        }\r\n        .lwrp .lwrp-list-double{\r\n            width: 48%;\r\n        }\r\n        .lwrp .lwrp-list-triple{\r\n            width: 32%;\r\n        }\r\n        .lwrp .lwrp-list-row-container{\r\n            display: flex;\r\n            justify-content: space-between;\r\n        }\r\n        .lwrp .lwrp-list-row-container .lwrp-list-item{\r\n            width: calc(25% - 20px);\r\n        }\r\n        .lwrp .lwrp-list-item:not(.lwrp-no-posts-message-item){\r\n            \r\n            max-width: 250px;\r\n        }\r\n        .lwrp .lwrp-list-item img{\r\n            max-width: 100%;\r\n            height: auto;\r\n        }\r\n        .lwrp .lwrp-list-item.lwrp-empty-list-item{\r\n            background: initial !important;\r\n        }\r\n        .lwrp .lwrp-list-item .lwrp-list-link .lwrp-list-link-title-text,\r\n        .lwrp .lwrp-list-item .lwrp-list-no-posts-message{\r\n            \r\n                \r\n        }\r\n        @media screen and (max-width: 480px) {\r\n            .lwrp.link-whisper-related-posts{\r\n                \r\n                \r\n            }\r\n            .lwrp .lwrp-title{\r\n                \r\n                \r\n            }\r\n            .lwrp .lwrp-description{\r\n                \r\n                \r\n            }\r\n            .lwrp .lwrp-list-multi-container{\r\n                flex-direction: column;\r\n            }\r\n            .lwrp .lwrp-list-multi-container ul.lwrp-list{\r\n                margin-top: 0px;\r\n                margin-bottom: 0px;\r\n                padding-top: 0px;\r\n                padding-bottom: 0px;\r\n            }\r\n            .lwrp .lwrp-list-double,\r\n            .lwrp .lwrp-list-triple{\r\n                width: 100%;\r\n            }\r\n            .lwrp .lwrp-list-row-container{\r\n                justify-content: initial;\r\n                flex-direction: column;\r\n            }\r\n            .lwrp .lwrp-list-row-container .lwrp-list-item{\r\n                width: 100%;\r\n            }\r\n            .lwrp .lwrp-list-item:not(.lwrp-no-posts-message-item){\r\n                \r\n                max-width: initial;\r\n            }\r\n            .lwrp .lwrp-list-item .lwrp-list-link .lwrp-list-link-title-text,\r\n            .lwrp .lwrp-list-item .lwrp-list-no-posts-message{\r\n                \r\n                    \r\n            }\r\n        }<\/style>\r\n<div id=\"link-whisper-related-posts-widget\" class=\"link-whisper-related-posts lwrp\">\r\n            <h3 class=\"lwrp-title\">Verwandte Beitr\u00e4ge<\/h3>    \r\n        <div class=\"lwrp-list-container\">\r\n                                            <div class=\"lwrp-list-multi-container\">\r\n                    <ul class=\"lwrp-list lwrp-list-double lwrp-list-left\">\r\n                        <li class=\"lwrp-list-item\"><a href=\"https:\/\/deadoralivesaloon.com\/lv\/super-andar-bahar\/\" class=\"lwrp-list-link\"><span class=\"lwrp-list-link-title-text\">Erleben Sie die Aufregung von Super Andar Bahar: Das neueste Spiel von Evolution Gaming!<\/span><\/a><\/li><li class=\"lwrp-list-item\"><a href=\"https:\/\/deadoralivesaloon.com\/lv\/atsauksmes\/\" class=\"lwrp-list-link\"><span class=\"lwrp-list-link-title-text\">Dead or Alive Saloon: Das neueste Online-Casino-Kartenspiel, das die Welt im Sturm erobert<\/span><\/a><\/li>                    <\/ul>\r\n                    <ul class=\"lwrp-list lwrp-list-double lwrp-list-right\">\r\n                        <li class=\"lwrp-list-item\"><a href=\"https:\/\/deadoralivesaloon.com\/lv\/top-kazino-galda-karsu-speles-spelesanai-online\/\" class=\"lwrp-list-link\"><span class=\"lwrp-list-link-title-text\">Die besten Casino-Tischkartenspiele zum Online-Spielen im Jahr 2024<\/span><\/a><\/li>                    <\/ul>\r\n                <\/div>\r\n                        <\/div>\r\n<\/div>","protected":false},"excerpt":{"rendered":"<p>Wenn Sie weitere Informationen ben\u00f6tigen oder Fragen zum Haftungsausschluss auf unserer Website haben, k\u00f6nnen Sie uns gerne per E-Mail unter doasaloon@casino.com kontaktieren. Haftungsausschluss f\u00fcr deadoralivesaloon.com Alle Informationen auf dieser Website - https:\/\/deadoralivesaloon.com\/ - werden in gutem Glauben und nur zu allgemeinen Informationszwecken ver\u00f6ffentlicht. Deadoralivesaloon.com gibt keine Garantien \u00fcber die ... <a title=\"Haftungsausschluss f\u00fcr DeadorAliveSaloon\" class=\"read-more\" href=\"https:\/\/deadoralivesaloon.com\/de\/disclaimer\/\" aria-label=\"Mehr Informationen \u00fcber Disclaimer f\u00fcr DeadorAliveSaloon\">Mehr lesen<\/a><\/p>","protected":false},"author":1,"featured_media":0,"parent":0,"menu_order":0,"comment_status":"closed","ping_status":"closed","template":"","meta":{"footnotes":""},"class_list":["post-50","page","type-page","status-publish"],"_links":{"self":[{"href":"https:\/\/deadoralivesaloon.com\/de\/wp-json\/wp\/v2\/pages\/50","targetHints":{"allow":["GET"]}}],"collection":[{"href":"https:\/\/deadoralivesaloon.com\/de\/wp-json\/wp\/v2\/pages"}],"about":[{"href":"https:\/\/deadoralivesaloon.com\/de\/wp-json\/wp\/v2\/types\/page"}],"author":[{"embeddable":true,"href":"https:\/\/deadoralivesaloon.com\/de\/wp-json\/wp\/v2\/users\/1"}],"replies":[{"embeddable":true,"href":"https:\/\/deadoralivesaloon.com\/de\/wp-json\/wp\/v2\/comments?post=50"}],"version-history":[{"count":0,"href":"https:\/\/deadoralivesaloon.com\/de\/wp-json\/wp\/v2\/pages\/50\/revisions"}],"wp:attachment":[{"href":"https:\/\/deadoralivesaloon.com\/de\/wp-json\/wp\/v2\/media?parent=50"}],"curies":[{"name":"wp","href":"https:\/\/api.w.org\/{rel}","templated":true}]}}