{"id":50,"date":"2023-01-09T15:23:14","date_gmt":"2023-01-09T15:23:14","guid":{"rendered":"https:\/\/deadoralivesaloon.com\/?page_id=50"},"modified":"2023-01-09T15:23:14","modified_gmt":"2023-01-09T15:23:14","slug":"descargo-de-responsabilidad","status":"publish","type":"page","link":"https:\/\/deadoralivesaloon.com\/es\/disclaimer\/","title":{"rendered":"Descargo de responsabilidad de DeadorAliveSaloon"},"content":{"rendered":"<div class=\"page\">\n<div class=\"container\">\n<div class=\"content download-wrapper\">\n<div class=\"row\">\n<div class=\"col-md-6 col-md-pull-6 col-sm-6 col-sm-pull-6\">\n<div class=\"main\">\n<div class=\"preview\">\n<p>Si necesita m\u00e1s informaci\u00f3n o tiene alguna pregunta sobre el descargo de responsabilidad de nuestro sitio, no dude en ponerse en contacto con nosotros por correo electr\u00f3nico en doasaloon@casino.com.<\/p>\n<h2>Descargo de responsabilidad de deadoralivesaloon.com<\/h2>\n<p>Toda la informaci\u00f3n contenida en este sitio web - https:\/\/deadoralivesaloon.com\/ - se publica de buena fe y \u00fanicamente con fines de informaci\u00f3n general. Deadoralivesaloon.com no garantiza la integridad, fiabilidad y exactitud de esta informaci\u00f3n. Cualquier acci\u00f3n que usted tome sobre la base de la informaci\u00f3n que se encuentra en este sitio web (<a href=\"https:\/\/deadoralivesaloon.com\/es\/\" target=\"_blank\" rel=\"noopener\">deadoralivesaloon.com<\/a>), es estrictamente bajo su propio riesgo. deadoralivesaloon.com no ser\u00e1 responsable de las p\u00e9rdidas y\/o da\u00f1os relacionados con el uso de nuestro sitio web.<\/p>\n<p>Desde nuestro sitio web, puede visitar otros sitios siguiendo los hiperv\u00ednculos a dichos sitios externos. Aunque nos esforzamos por ofrecer s\u00f3lo enlaces de calidad a sitios web \u00fatiles y \u00e9ticos, no tenemos ning\u00fan control sobre el contenido y la naturaleza de estos sitios. Estos enlaces a otros sitios web no implican una recomendaci\u00f3n de todos los contenidos que se encuentran en ellos. Los propietarios de los sitios y su contenido pueden cambiar sin previo aviso y puede ocurrir antes de que tengamos la oportunidad de eliminar un enlace que pueda haber salido \"malo\".<\/p>\n<p>Tenga en cuenta tambi\u00e9n que cuando abandone nuestro sitio web, otros sitios pueden tener diferentes <a href=\"https:\/\/deadoralivesaloon.com\/es\/politica-de-privacidad\/\" title=\"Pol\u00edtica de privacidad de DeadorAlive: Saloon\" target=\"_blank\" rel=\"noopener\" data-wpil-monitor-id=\"8\">pol\u00edticas de privacidad<\/a> y condiciones que escapan a nuestro control. Por favor, aseg\u00farese de comprobar las Pol\u00edticas de Privacidad de estos sitios, as\u00ed como sus \"Condiciones de Servicio\" antes de participar en cualquier negocio o cargar cualquier informaci\u00f3n.<\/p>\n<h2>Consentimiento<\/h2>\n<p>Al utilizar nuestro sitio web, usted acepta nuestra cl\u00e1usula de exenci\u00f3n de responsabilidad y est\u00e1 de acuerdo con sus t\u00e9rminos.<\/p>\n<h2>Actualizaci\u00f3n<\/h2>\n<p>En caso de que actualicemos, modifiquemos o introduzcamos cambios en este documento, dichos cambios se publicar\u00e1n aqu\u00ed de forma destacada.<\/p>\n<\/div>\n<\/div>\n<\/div>\n<\/div>\n<\/div>\n<\/div>\n<\/div>\n<style>\r\n\r\n        .lwrp.link-whisper-related-posts{\r\n            \r\n            margin-top: 40px;\nmargin-bottom: 30px;\r\n        }\r\n        .lwrp .lwrp-title{\r\n            \r\n            \r\n        }\r\n        .lwrp .lwrp-description{\r\n            \r\n            \r\n\r\n        }\r\n        .lwrp .lwrp-list-container{\r\n        }\r\n        .lwrp .lwrp-list-multi-container{\r\n            display: flex;\r\n        }\r\n        .lwrp .lwrp-list-double{\r\n            width: 48%;\r\n        }\r\n        .lwrp .lwrp-list-triple{\r\n            width: 32%;\r\n        }\r\n        .lwrp .lwrp-list-row-container{\r\n            display: flex;\r\n            justify-content: space-between;\r\n        }\r\n        .lwrp .lwrp-list-row-container .lwrp-list-item{\r\n            width: calc(25% - 20px);\r\n        }\r\n        .lwrp .lwrp-list-item:not(.lwrp-no-posts-message-item){\r\n            \r\n            max-width: 250px;\r\n        }\r\n        .lwrp .lwrp-list-item img{\r\n            max-width: 100%;\r\n            height: auto;\r\n        }\r\n        .lwrp .lwrp-list-item.lwrp-empty-list-item{\r\n            background: initial !important;\r\n        }\r\n        .lwrp .lwrp-list-item .lwrp-list-link .lwrp-list-link-title-text,\r\n        .lwrp .lwrp-list-item .lwrp-list-no-posts-message{\r\n            \r\n                \r\n        }\r\n        @media screen and (max-width: 480px) {\r\n            .lwrp.link-whisper-related-posts{\r\n                \r\n                \r\n            }\r\n            .lwrp .lwrp-title{\r\n                \r\n                \r\n            }\r\n            .lwrp .lwrp-description{\r\n                \r\n                \r\n            }\r\n            .lwrp .lwrp-list-multi-container{\r\n                flex-direction: column;\r\n            }\r\n            .lwrp .lwrp-list-multi-container ul.lwrp-list{\r\n                margin-top: 0px;\r\n                margin-bottom: 0px;\r\n                padding-top: 0px;\r\n                padding-bottom: 0px;\r\n            }\r\n            .lwrp .lwrp-list-double,\r\n            .lwrp .lwrp-list-triple{\r\n                width: 100%;\r\n            }\r\n            .lwrp .lwrp-list-row-container{\r\n                justify-content: initial;\r\n                flex-direction: column;\r\n            }\r\n            .lwrp .lwrp-list-row-container .lwrp-list-item{\r\n                width: 100%;\r\n            }\r\n            .lwrp .lwrp-list-item:not(.lwrp-no-posts-message-item){\r\n                \r\n                max-width: initial;\r\n            }\r\n            .lwrp .lwrp-list-item .lwrp-list-link .lwrp-list-link-title-text,\r\n            .lwrp .lwrp-list-item .lwrp-list-no-posts-message{\r\n                \r\n                    \r\n            }\r\n        }<\/style>\r\n<div id=\"link-whisper-related-posts-widget\" class=\"link-whisper-related-posts lwrp\">\r\n            <h3 class=\"lwrp-title\">Entradas relacionadas<\/h3>    \r\n        <div class=\"lwrp-list-container\">\r\n                                            <div class=\"lwrp-list-multi-container\">\r\n                    <ul class=\"lwrp-list lwrp-list-double lwrp-list-left\">\r\n                        <li class=\"lwrp-list-item\"><a href=\"https:\/\/deadoralivesaloon.com\/lv\/super-andar-bahar\/\" class=\"lwrp-list-link\"><span class=\"lwrp-list-link-title-text\">Vive la emoci\u00f3n de Super Andar Bahar: \u00a1el \u00faltimo juego de Evolution Gaming!<\/span><\/a><\/li><li class=\"lwrp-list-item\"><a href=\"https:\/\/deadoralivesaloon.com\/lv\/atsauksmes\/\" class=\"lwrp-list-link\"><span class=\"lwrp-list-link-title-text\">Dead or Alive Saloon: el \u00faltimo juego de cartas de casino en l\u00ednea que arrasa en todo el mundo<\/span><\/a><\/li>                    <\/ul>\r\n                    <ul class=\"lwrp-list lwrp-list-double lwrp-list-right\">\r\n                        <li class=\"lwrp-list-item\"><a href=\"https:\/\/deadoralivesaloon.com\/lv\/top-kazino-galda-karsu-speles-spelesanai-online\/\" class=\"lwrp-list-link\"><span class=\"lwrp-list-link-title-text\">Los mejores juegos de cartas de mesa para jugar en l\u00ednea en 2024<\/span><\/a><\/li>                    <\/ul>\r\n                <\/div>\r\n                        <\/div>\r\n<\/div>","protected":false},"excerpt":{"rendered":"<p>Si necesita m\u00e1s informaci\u00f3n o tiene alguna pregunta sobre la cl\u00e1usula de exenci\u00f3n de responsabilidad de nuestro sitio web, no dude en ponerse en contacto con nosotros por correo electr\u00f3nico en doasaloon@casino.com. Descargo de responsabilidad para deadoralivesaloon.com Toda la informaci\u00f3n de este sitio web - https:\/\/deadoralivesaloon.com\/ - se publica de buena fe y \u00fanicamente con fines de informaci\u00f3n general. Deadoralivesaloon.com no ofrece ninguna garant\u00eda ... <a title=\"Descargo de responsabilidad de DeadorAliveSaloon\" class=\"read-more\" href=\"https:\/\/deadoralivesaloon.com\/es\/disclaimer\/\" aria-label=\"Leer m\u00e1s sobre Descargo de responsabilidad para DeadorAliveSaloon\">Seguir leyendo<\/a><\/p>","protected":false},"author":1,"featured_media":0,"parent":0,"menu_order":0,"comment_status":"closed","ping_status":"closed","template":"","meta":{"footnotes":""},"class_list":["post-50","page","type-page","status-publish"],"_links":{"self":[{"href":"https:\/\/deadoralivesaloon.com\/es\/wp-json\/wp\/v2\/pages\/50","targetHints":{"allow":["GET"]}}],"collection":[{"href":"https:\/\/deadoralivesaloon.com\/es\/wp-json\/wp\/v2\/pages"}],"about":[{"href":"https:\/\/deadoralivesaloon.com\/es\/wp-json\/wp\/v2\/types\/page"}],"author":[{"embeddable":true,"href":"https:\/\/deadoralivesaloon.com\/es\/wp-json\/wp\/v2\/users\/1"}],"replies":[{"embeddable":true,"href":"https:\/\/deadoralivesaloon.com\/es\/wp-json\/wp\/v2\/comments?post=50"}],"version-history":[{"count":0,"href":"https:\/\/deadoralivesaloon.com\/es\/wp-json\/wp\/v2\/pages\/50\/revisions"}],"wp:attachment":[{"href":"https:\/\/deadoralivesaloon.com\/es\/wp-json\/wp\/v2\/media?parent=50"}],"curies":[{"name":"wp","href":"https:\/\/api.w.org\/{rel}","templated":true}]}}