{"id":47,"date":"2023-01-09T15:19:57","date_gmt":"2023-01-09T15:19:57","guid":{"rendered":"https:\/\/deadoralivesaloon.com\/?page_id=47"},"modified":"2023-01-09T15:19:57","modified_gmt":"2023-01-09T15:19:57","slug":"privaatsuspoliitika","status":"publish","type":"page","link":"https:\/\/deadoralivesaloon.com\/et\/privacy-policy\/","title":{"rendered":"DeadorAlive'i privaatsuspoliitika: Saloon"},"content":{"rendered":"<div class=\"page\">\n<div class=\"container\">\n<div class=\"content download-wrapper\">\n<div class=\"row\">\n<div class=\"col-md-6 col-md-pull-6 col-sm-6 col-sm-pull-6\">\n<div class=\"main\">\n<div class=\"preview\">\n<p>aadressil deadoralivesaloon.com, mis on juurdep\u00e4\u00e4setav aadressil <a href=\"https:\/\/deadoralivesaloon.com\/et\/\" target=\"_blank\" rel=\"noopener\">https:\/\/deadoralivesaloon.com\/<\/a>\u00fcks meie peamisi prioriteete on meie k\u00fclastajate privaatsus. K\u00e4esolev privaatsuspoliitika dokument sisaldab teavet, mida deadoralivesaloon.com kogub ja salvestab ning kuidas me seda kasutame.<\/p>\n<p>Kui teil on lisak\u00fcsimusi v\u00f5i vajate lisateavet meie privaatsuspoliitika kohta, v\u00f5tke meiega julgelt \u00fchendust.<\/p>\n<p>K\u00e4esolev privaatsuspoliitika kehtib ainult meie veebip\u00f5hise tegevuse kohta ja kehtib meie veebisaidi k\u00fclastajate suhtes seoses teabega, mida nad jagavad ja\/v\u00f5i koguvad deadoralivesaloon.com-s. See poliitika ei kehti teabe kohta, mida kogutakse v\u00e4ljaspool internetti v\u00f5i muude kanalite kaudu peale selle veebisaidi.<\/p>\n<h2>N\u00f5usolek<\/h2>\n<p>Kasutades meie veebisaiti, n\u00f5ustute k\u00e4esolevaga meie privaatsuspoliitikaga ja n\u00f5ustute selle tingimustega.<\/p>\n<h2>Kogutud teave<\/h2>\n<p>Isikuandmed, mida teilt palutakse esitada, ja p\u00f5hjused, miks teilt seda palute, tehakse teile selgeks siis, kui me palume teil oma isikuandmeid esitada.<\/p>\n<p>Kui v\u00f5tate meiega otse \u00fchendust, v\u00f5ime saada teie kohta lisateavet, n\u00e4iteks teie nime, e-posti aadressi, telefoninumbri, meile saadetud s\u00f5numi ja\/v\u00f5i manuste sisu ning mis tahes muud teavet, mida te soovite esitada.<\/p>\n<p>Konto registreerimisel v\u00f5ime k\u00fcsida teie kontaktandmeid, sealhulgas nime, ettev\u00f5tte nime, aadressi, e-posti aadressi ja telefoninumbrit.<\/p>\n<h2>Kuidas me teie andmeid kasutame<\/h2>\n<p>Me kasutame kogutud teavet mitmel viisil, sealhulgas selleks, et:<\/p>\n<ul>\n<li>Meie veebilehe pakkumine, haldamine ja haldamine<\/li>\n<li>Parandada, isikup\u00e4rastada ja laiendada meie veebisaiti<\/li>\n<li>M\u00f5ista ja anal\u00fc\u00fcsida, kuidas te meie veebisaiti kasutate.<\/li>\n<li>uute toodete, teenuste, funktsioonide ja funktsionaalsuse arendamine<\/li>\n<li>suhelda teiega kas otse v\u00f5i m\u00f5ne meie partneri kaudu, sealhulgas klienditeeninduse eesm\u00e4rgil, et edastada teile uuendusi ja muud veebisaidiga seotud teavet ning turundus- ja reklaami eesm\u00e4rgil.<\/li>\n<li>Saada teile e-kirju<\/li>\n<li>Pettuste leidmine ja ennetamine<\/li>\n<\/ul>\n<h2>Logifailid<\/h2>\n<p>deadoralivesaloon.com j\u00e4rgib logifailide kasutamise standardmenetlust. Need failid logivad k\u00fclastajad, kui nad k\u00fclastavad veebisaite. K\u00f5ik hostingufirmad teevad seda ja see on osa hostinguteenuste anal\u00fc\u00fcsist. Logifailide abil kogutud teave h\u00f5lmab internetiprotokolli (IP) aadressi, brauseri t\u00fc\u00fcpi, internetiteenuse pakkujat (ISP), kuup\u00e4eva ja kellaaja templit, viitavaid\/v\u00e4ljuvate lehtede arvu ja v\u00f5imalusel ka kl\u00f5psude arvu. Need ei ole seotud \u00fchegi isiklikult tuvastatava teabega. Andmete eesm\u00e4rk on anal\u00fc\u00fcsida suundumusi, hallata veebilehte, j\u00e4lgida kasutajate liikumist veebilehel ja koguda demograafilist teavet.<\/p>\n<h2>K\u00fcpsised ja veebimajakad<\/h2>\n<p>Nagu iga teine veebisait, kasutab ka deadoralivesaloon.com k\u00fcpsiseid. Neid k\u00fcpsiseid kasutatakse teabe salvestamiseks, sealhulgas k\u00fclastajate eelistuste ja veebilehe lehek\u00fclgede kohta, mida k\u00fclastaja k\u00fclastas v\u00f5i k\u00fclastas. Seda teavet kasutatakse kasutajate kasutuskogemuse optimeerimiseks, kohandades meie veebilehe sisu vastavalt k\u00fclastajate brauseri t\u00fc\u00fcbile ja\/v\u00f5i muule teabele.<\/p>\n<h2>Reklaamipartnerid Privaatsuspoliitika<\/h2>\n<p>Sellest nimekirjast leiate iga deadoralivesaloon.com reklaamipartneri privaatsuspoliitikat.<\/p>\n<p>Kolmandate osapoolte reklaamiserverid v\u00f5i reklaamiv\u00f5rgud kasutavad tehnoloogiaid nagu k\u00fcpsised, JavaScript v\u00f5i veebimajakad, mida kasutatakse nende vastavates reklaamides ja linkides, mis ilmuvad deadoralivesaloon.com-s, mis saadetakse otse kasutajate brauserile. Sellisel juhul saavad nad automaatselt teie IP-aadressi. Neid tehnoloogiaid kasutatakse nende reklaamikampaaniate t\u00f5hususe m\u00f5\u00f5tmiseks ja\/v\u00f5i k\u00fclastatavatel veebisaitidel kuvatava reklaamisisu isikup\u00e4rastamiseks.<\/p>\n<p>Pange t\u00e4hele, et deadoralivesaloon.com-l ei ole juurdep\u00e4\u00e4su ega kontrolli nende k\u00fcpsiste \u00fcle, mida kasutavad kolmandatest isikutest reklaamijad.<\/p>\n<h2>Kolmanda osapoole privaatsuspoliitikad<\/h2>\n<p>deadoralivesaloon.com privaatsuspoliitikat ei kohaldata teiste reklaamijate v\u00f5i veebisaitide suhtes. Seega soovitame teil \u00fcksikasjalikuma teabe saamiseks tutvuda nende kolmandate osapoolte reklaamiserverite vastavate privaatsuspoliitikatega. See v\u00f5ib sisaldada nende tavasid ja juhiseid selle kohta, kuidas teatud valikutest loobuda.<\/p>\n<p>Saate k\u00fcpsiste keelamise valida oma veebilehitseja valikute kaudu. \u00dcksikasjalikumat teavet k\u00fcpsiste haldamise kohta konkreetsete veebilehitsejate puhul leiate veebilehitsejate vastavatelt veebilehtedelt.<\/p>\n<h2>CCPA privaatsus\u00f5igused (\u00e4rge m\u00fc\u00fcge minu isikuandmeid)<\/h2>\n<p>CCPA kohaselt on California tarbijatel muude \u00f5iguste hulgas \u00f5igus:<\/p>\n<p>n\u00f5uda, et ettev\u00f5tja, kes kogub tarbija isikuandmeid, avalikustaks tarbijate kohta kogutud isikuandmete kategooriad ja konkreetsed osad.<\/p>\n<p>n\u00f5uda, et ettev\u00f5tja kustutaks k\u00f5ik tarbija kohta kogutud isikuandmed, mida ettev\u00f5tja on kogunud.<\/p>\n<p>n\u00f5uda, et ettev\u00f5tja, kes m\u00fc\u00fcb tarbija isikuandmeid, ei m\u00fc\u00fcks tarbija isikuandmeid.<\/p>\n<p>Kui te esitate taotluse, on meil \u00fcks kuu aega teile vastata. Kui soovite kasutada m\u00f5nda neist \u00f5igustest, v\u00f5tke meiega \u00fchendust.<\/p>\n<h2>GDPR andmekaitse \u00f5igused<\/h2>\n<p>Soovime tagada, et te oleksite t\u00e4ielikult teadlik k\u00f5igist oma andmekaitse\u00f5igustest. Igal kasutajal on \u00f5igus j\u00e4rgmisele:<\/p>\n<p>\u00d5igus juurdep\u00e4\u00e4sule - teil on \u00f5igus n\u00f5uda oma isikuandmete koopiaid. Selle teenuse eest v\u00f5ime v\u00f5tta teilt v\u00e4ikese tasu.<\/p>\n<p>\u00d5igus andmete parandamisele - teil on \u00f5igus n\u00f5uda, et me parandaksime teie arvates ebat\u00e4pseid andmeid. Samuti on teil \u00f5igus n\u00f5uda, et me t\u00e4iendaksime teavet, mis on teie arvates ebat\u00e4ielik.<\/p>\n<p>\u00d5igus andmete kustutamisele - teil on \u00f5igus n\u00f5uda, et me kustutaksime teie isikuandmed teatud tingimustel.<\/p>\n<p>\u00d5igus piirata t\u00f6\u00f6tlemist - teil on \u00f5igus n\u00f5uda, et me teatud tingimustel piiraksime teie isikuandmete t\u00f6\u00f6tlemist.<\/p>\n<p>\u00d5igus esitada vastuv\u00e4iteid t\u00f6\u00f6tlemisele - teil on \u00f5igus teatavatel tingimustel esitada vastuv\u00e4iteid oma isikuandmete t\u00f6\u00f6tlemisele.<\/p>\n<p>\u00d5igus andmete \u00fclekantavusele - teil on \u00f5igus n\u00f5uda, et me edastaksime kogutud andmed teatud tingimustel teisele organisatsioonile v\u00f5i otse teile.<\/p>\n<p>Kui te esitate taotluse, on meil \u00fcks kuu aega teile vastata. Kui soovite kasutada m\u00f5nda neist \u00f5igustest, v\u00f5tke meiega \u00fchendust.<\/p>\n<h2>Laste teave<\/h2>\n<p>Teine osa meie prioriteedist on laste kaitse lisamine interneti kasutamise ajal. Me julgustame vanemaid ja eestkostjaid j\u00e4lgima, osalema ja\/v\u00f5i j\u00e4lgima ja suunama nende tegevust internetis.<\/p>\n<p>deadoralivesaloon.com ei kogu teadlikult mingeid isikuandmeid alla 13-aastastelt lastelt. Kui arvate, et teie laps on meie veebisaidil sellist teavet esitanud, soovitame teil meiega viivitamatult \u00fchendust v\u00f5tta ja me teeme k\u00f5ik endast oleneva, et sellised andmed meie andmetest viivitamatult eemaldada.<\/p>\n<\/div>\n<\/div>\n<\/div>\n<\/div>\n<\/div>\n<\/div>\n<\/div>\n<style>\r\n\r\n        .lwrp.link-whisper-related-posts{\r\n            \r\n            margin-top: 40px;\nmargin-bottom: 30px;\r\n        }\r\n        .lwrp .lwrp-title{\r\n            \r\n            \r\n        }\r\n        .lwrp .lwrp-description{\r\n            \r\n            \r\n\r\n        }\r\n        .lwrp .lwrp-list-container{\r\n        }\r\n        .lwrp .lwrp-list-multi-container{\r\n            display: flex;\r\n        }\r\n        .lwrp .lwrp-list-double{\r\n            width: 48%;\r\n        }\r\n        .lwrp .lwrp-list-triple{\r\n            width: 32%;\r\n        }\r\n        .lwrp .lwrp-list-row-container{\r\n            display: flex;\r\n            justify-content: space-between;\r\n        }\r\n        .lwrp .lwrp-list-row-container .lwrp-list-item{\r\n            width: calc(25% - 20px);\r\n        }\r\n        .lwrp .lwrp-list-item:not(.lwrp-no-posts-message-item){\r\n            \r\n            max-width: 250px;\r\n        }\r\n        .lwrp .lwrp-list-item img{\r\n            max-width: 100%;\r\n            height: auto;\r\n        }\r\n        .lwrp .lwrp-list-item.lwrp-empty-list-item{\r\n            background: initial !important;\r\n        }\r\n        .lwrp .lwrp-list-item .lwrp-list-link .lwrp-list-link-title-text,\r\n        .lwrp .lwrp-list-item .lwrp-list-no-posts-message{\r\n            \r\n                \r\n        }\r\n        @media screen and (max-width: 480px) {\r\n            .lwrp.link-whisper-related-posts{\r\n                \r\n                \r\n            }\r\n            .lwrp .lwrp-title{\r\n                \r\n                \r\n            }\r\n            .lwrp .lwrp-description{\r\n                \r\n                \r\n            }\r\n            .lwrp .lwrp-list-multi-container{\r\n                flex-direction: column;\r\n            }\r\n            .lwrp .lwrp-list-multi-container ul.lwrp-list{\r\n                margin-top: 0px;\r\n                margin-bottom: 0px;\r\n                padding-top: 0px;\r\n                padding-bottom: 0px;\r\n            }\r\n            .lwrp .lwrp-list-double,\r\n            .lwrp .lwrp-list-triple{\r\n                width: 100%;\r\n            }\r\n            .lwrp .lwrp-list-row-container{\r\n                justify-content: initial;\r\n                flex-direction: column;\r\n            }\r\n            .lwrp .lwrp-list-row-container .lwrp-list-item{\r\n                width: 100%;\r\n            }\r\n            .lwrp .lwrp-list-item:not(.lwrp-no-posts-message-item){\r\n                \r\n                max-width: initial;\r\n            }\r\n            .lwrp .lwrp-list-item .lwrp-list-link .lwrp-list-link-title-text,\r\n            .lwrp .lwrp-list-item .lwrp-list-no-posts-message{\r\n                \r\n                    \r\n            }\r\n        }<\/style>\r\n<div id=\"link-whisper-related-posts-widget\" class=\"link-whisper-related-posts lwrp\">\r\n            <h3 class=\"lwrp-title\">Seotud ametikohad<\/h3>    \r\n        <div class=\"lwrp-list-container\">\r\n                                            <div class=\"lwrp-list-multi-container\">\r\n                    <ul class=\"lwrp-list lwrp-list-double lwrp-list-left\">\r\n                        <li class=\"lwrp-list-item\"><a href=\"https:\/\/deadoralivesaloon.com\/et\/super-andar-bahar\/\" class=\"lwrp-list-link\"><span class=\"lwrp-list-link-title-text\">Kogege p\u00f5nevust Super Andar Bahar: Evolution Gaming uusim m\u00e4ng!<\/span><\/a><\/li><li class=\"lwrp-list-item\"><a href=\"https:\/\/deadoralivesaloon.com\/et\/top-kasiino-laua-kaardimangud-mangida-online\/\" class=\"lwrp-list-link\"><span class=\"lwrp-list-link-title-text\">Top kasiino lauakaardim\u00e4ngud, mida m\u00e4ngida online 2024. aastal<\/span><\/a><\/li>                    <\/ul>\r\n                    <ul class=\"lwrp-list lwrp-list-double lwrp-list-right\">\r\n                        <li class=\"lwrp-list-item\"><a href=\"https:\/\/deadoralivesaloon.com\/et\/arvustused\/\" class=\"lwrp-list-link\"><span class=\"lwrp-list-link-title-text\">Dead or Alive Saloon: uusim online kasiino kaardim\u00e4ng, mis v\u00f5tab maailma tormi alla<\/span><\/a><\/li>                    <\/ul>\r\n                <\/div>\r\n                        <\/div>\r\n<\/div>","protected":false},"excerpt":{"rendered":"<p>deadoralivesaloon.com-s, mis on k\u00e4ttesaadav aadressil https:\/\/deadoralivesaloon.com\/, on \u00fcks meie peamisi prioriteete k\u00fclastajate privaatsus. K\u00e4esolev privaatsuspoliitika dokument sisaldab teavet, mida deadoralivesaloon.com kogub ja salvestab, ning seda, kuidas me seda kasutame. Kui teil on lisak\u00fcsimusi v\u00f5i vajate lisateavet meie privaatsuspoliitika kohta, v\u00f5tke meiega julgelt \u00fchendust. ... <a title=\"DeadorAlive&#039;i privaatsuspoliitika: Saloon\" class=\"read-more\" href=\"https:\/\/deadoralivesaloon.com\/et\/privacy-policy\/\" aria-label=\"Loe l\u00e4hemalt DeadorAlive&#039;i privaatsuspoliitikast: Saloon\">Loe edasi<\/a><\/p>","protected":false},"author":1,"featured_media":0,"parent":0,"menu_order":0,"comment_status":"closed","ping_status":"closed","template":"","meta":{"footnotes":""},"class_list":["post-47","page","type-page","status-publish"],"_links":{"self":[{"href":"https:\/\/deadoralivesaloon.com\/et\/wp-json\/wp\/v2\/pages\/47","targetHints":{"allow":["GET"]}}],"collection":[{"href":"https:\/\/deadoralivesaloon.com\/et\/wp-json\/wp\/v2\/pages"}],"about":[{"href":"https:\/\/deadoralivesaloon.com\/et\/wp-json\/wp\/v2\/types\/page"}],"author":[{"embeddable":true,"href":"https:\/\/deadoralivesaloon.com\/et\/wp-json\/wp\/v2\/users\/1"}],"replies":[{"embeddable":true,"href":"https:\/\/deadoralivesaloon.com\/et\/wp-json\/wp\/v2\/comments?post=47"}],"version-history":[{"count":0,"href":"https:\/\/deadoralivesaloon.com\/et\/wp-json\/wp\/v2\/pages\/47\/revisions"}],"wp:attachment":[{"href":"https:\/\/deadoralivesaloon.com\/et\/wp-json\/wp\/v2\/media?parent=47"}],"curies":[{"name":"wp","href":"https:\/\/api.w.org\/{rel}","templated":true}]}}