{"id":50,"date":"2023-01-09T15:23:14","date_gmt":"2023-01-09T15:23:14","guid":{"rendered":"https:\/\/deadoralivesaloon.com\/?page_id=50"},"modified":"2023-01-09T15:23:14","modified_gmt":"2023-01-09T15:23:14","slug":"vastutusest-loobumine","status":"publish","type":"page","link":"https:\/\/deadoralivesaloon.com\/et\/disclaimer\/","title":{"rendered":"DeadorAliveSaloon'i vastutusest loobumine"},"content":{"rendered":"<div class=\"page\">\n<div class=\"container\">\n<div class=\"content download-wrapper\">\n<div class=\"row\">\n<div class=\"col-md-6 col-md-pull-6 col-sm-6 col-sm-pull-6\">\n<div class=\"main\">\n<div class=\"preview\">\n<p>Kui vajate lisateavet v\u00f5i teil on k\u00fcsimusi meie saidi vastutuse v\u00e4listamise kohta, v\u00f5tke meiega \u00fchendust e-posti aadressil doasaloon@casino.com.<\/p>\n<h2>deadoralivesaloon.com lahti\u00fctlemised<\/h2>\n<p>Kogu teave sellel veebisaidil - https:\/\/deadoralivesaloon.com\/ - on avaldatud heas usus ja ainult \u00fcldiseks teavitamiseks. Deadoralivesaloon.com ei anna mingeid garantiisid selle teabe t\u00e4ielikkuse, usaldusv\u00e4\u00e4rsuse ja t\u00e4psuse kohta. Mis tahes tegevus, mida te teete sellel veebisaidil leiduva teabe p\u00f5hjal (<a href=\"https:\/\/deadoralivesaloon.com\/et\/\" target=\"_blank\" rel=\"noopener\">deadoralivesaloon.com<\/a>), on rangelt omal vastutusel. deadoralivesaloon.com ei vastuta mis tahes kahjude ja\/v\u00f5i kahjude eest, mis on seotud meie veebisaidi kasutamisega.<\/p>\n<p>Meie veebisaidilt saate k\u00fclastada teisi veebisaite, j\u00e4rgides h\u00fcperlinke sellistele v\u00e4listele veebisaitidele. Kuigi me p\u00fc\u00fcame pakkuda ainult kvaliteetseid linke kasulikele ja eetilistele veebisaitidele, ei ole meil mingit kontrolli nende veebisaitide sisu ja olemuse \u00fcle. Need lingid teistele veebisaitidele ei t\u00e4henda, et me soovitame kogu neil saitidel leiduvat sisu. Saidi omanikud ja sisu v\u00f5ivad muutuda ilma ette teatamata ja see v\u00f5ib juhtuda enne, kui meil on v\u00f5imalus eemaldada link, mis v\u00f5ib olla \"halvasti\" l\u00e4inud.<\/p>\n<p>Palun olge ka teadlik, et kui te lahkute meie veebilehelt, v\u00f5ivad teistel veebilehtedel olla erinevad <a href=\"https:\/\/deadoralivesaloon.com\/et\/privaatsuspoliitika\/\" title=\"DeadorAlive&#039;i privaatsuspoliitika: Saloon\" target=\"_blank\" rel=\"noopener\" data-wpil-monitor-id=\"8\">privaatsuspoliitika<\/a> ja tingimused, mis ei ole meie kontrolli all. Palun kontrollige kindlasti nende saitide privaatsuspoliitikat ja \"Teenuse tingimusi\", enne kui alustate \u00e4ritegevust v\u00f5i laadite teavet \u00fcles.<\/p>\n<h2>N\u00f5usolek<\/h2>\n<p>Kasutades meie veebisaiti, n\u00f5ustute k\u00e4esolevaga meie vastutusest loobumisega ja n\u00f5ustute selle tingimustega.<\/p>\n<h2>Ajakohastamine<\/h2>\n<p>Kui me ajakohastame, t\u00e4iendame v\u00f5i muudame k\u00e4esolevat dokumenti, pannakse need muudatused siinkohal n\u00e4htavalt v\u00e4lja.<\/p>\n<\/div>\n<\/div>\n<\/div>\n<\/div>\n<\/div>\n<\/div>\n<\/div>\n<style>\r\n\r\n        .lwrp.link-whisper-related-posts{\r\n            \r\n            margin-top: 40px;\nmargin-bottom: 30px;\r\n        }\r\n        .lwrp .lwrp-title{\r\n            \r\n            \r\n        }\r\n        .lwrp .lwrp-description{\r\n            \r\n            \r\n\r\n        }\r\n        .lwrp .lwrp-list-container{\r\n        }\r\n        .lwrp .lwrp-list-multi-container{\r\n            display: flex;\r\n        }\r\n        .lwrp .lwrp-list-double{\r\n            width: 48%;\r\n        }\r\n        .lwrp .lwrp-list-triple{\r\n            width: 32%;\r\n        }\r\n        .lwrp .lwrp-list-row-container{\r\n            display: flex;\r\n            justify-content: space-between;\r\n        }\r\n        .lwrp .lwrp-list-row-container .lwrp-list-item{\r\n            width: calc(25% - 20px);\r\n        }\r\n        .lwrp .lwrp-list-item:not(.lwrp-no-posts-message-item){\r\n            \r\n            max-width: 250px;\r\n        }\r\n        .lwrp .lwrp-list-item img{\r\n            max-width: 100%;\r\n            height: auto;\r\n        }\r\n        .lwrp .lwrp-list-item.lwrp-empty-list-item{\r\n            background: initial !important;\r\n        }\r\n        .lwrp .lwrp-list-item .lwrp-list-link .lwrp-list-link-title-text,\r\n        .lwrp .lwrp-list-item .lwrp-list-no-posts-message{\r\n            \r\n                \r\n        }\r\n        @media screen and (max-width: 480px) {\r\n            .lwrp.link-whisper-related-posts{\r\n                \r\n                \r\n            }\r\n            .lwrp .lwrp-title{\r\n                \r\n                \r\n            }\r\n            .lwrp .lwrp-description{\r\n                \r\n                \r\n            }\r\n            .lwrp .lwrp-list-multi-container{\r\n                flex-direction: column;\r\n            }\r\n            .lwrp .lwrp-list-multi-container ul.lwrp-list{\r\n                margin-top: 0px;\r\n                margin-bottom: 0px;\r\n                padding-top: 0px;\r\n                padding-bottom: 0px;\r\n            }\r\n            .lwrp .lwrp-list-double,\r\n            .lwrp .lwrp-list-triple{\r\n                width: 100%;\r\n            }\r\n            .lwrp .lwrp-list-row-container{\r\n                justify-content: initial;\r\n                flex-direction: column;\r\n            }\r\n            .lwrp .lwrp-list-row-container .lwrp-list-item{\r\n                width: 100%;\r\n            }\r\n            .lwrp .lwrp-list-item:not(.lwrp-no-posts-message-item){\r\n                \r\n                max-width: initial;\r\n            }\r\n            .lwrp .lwrp-list-item .lwrp-list-link .lwrp-list-link-title-text,\r\n            .lwrp .lwrp-list-item .lwrp-list-no-posts-message{\r\n                \r\n                    \r\n            }\r\n        }<\/style>\r\n<div id=\"link-whisper-related-posts-widget\" class=\"link-whisper-related-posts lwrp\">\r\n            <h3 class=\"lwrp-title\">Seotud ametikohad<\/h3>    \r\n        <div class=\"lwrp-list-container\">\r\n                                            <div class=\"lwrp-list-multi-container\">\r\n                    <ul class=\"lwrp-list lwrp-list-double lwrp-list-left\">\r\n                        <li class=\"lwrp-list-item\"><a href=\"https:\/\/deadoralivesaloon.com\/lv\/super-andar-bahar\/\" class=\"lwrp-list-link\"><span class=\"lwrp-list-link-title-text\">Kogege p\u00f5nevust Super Andar Bahar: Evolution Gaming uusim m\u00e4ng!<\/span><\/a><\/li><li class=\"lwrp-list-item\"><a href=\"https:\/\/deadoralivesaloon.com\/lv\/atsauksmes\/\" class=\"lwrp-list-link\"><span class=\"lwrp-list-link-title-text\">Dead or Alive Saloon: uusim online kasiino kaardim\u00e4ng, mis v\u00f5tab maailma tormi alla<\/span><\/a><\/li>                    <\/ul>\r\n                    <ul class=\"lwrp-list lwrp-list-double lwrp-list-right\">\r\n                        <li class=\"lwrp-list-item\"><a href=\"https:\/\/deadoralivesaloon.com\/lv\/top-kazino-galda-karsu-speles-spelesanai-online\/\" class=\"lwrp-list-link\"><span class=\"lwrp-list-link-title-text\">Top kasiino lauakaardim\u00e4ngud, mida m\u00e4ngida online 2024. aastal<\/span><\/a><\/li>                    <\/ul>\r\n                <\/div>\r\n                        <\/div>\r\n<\/div>","protected":false},"excerpt":{"rendered":"<p>Kui vajate lisateavet v\u00f5i teil on k\u00fcsimusi meie saidi vastutuse v\u00e4listamise kohta, v\u00f5tke meiega \u00fchendust e-posti aadressil doasaloon@casino.com. deadoralivesaloon.com lahti\u00fctlemised Kogu teave sellel veebisaidil - https:\/\/deadoralivesaloon.com\/ - on avaldatud heas usus ja ainult \u00fcldiseks teavitamiseks. Deadoralivesaloon.com ei anna mingeid garantiisid ... <a title=\"DeadorAliveSaloon&#039;i vastutusest loobumine\" class=\"read-more\" href=\"https:\/\/deadoralivesaloon.com\/et\/disclaimer\/\" aria-label=\"Loe l\u00e4hemalt DeadorAliveSaloon&#039;i vastutuse kohta\">Loe edasi<\/a><\/p>","protected":false},"author":1,"featured_media":0,"parent":0,"menu_order":0,"comment_status":"closed","ping_status":"closed","template":"","meta":{"footnotes":""},"class_list":["post-50","page","type-page","status-publish"],"_links":{"self":[{"href":"https:\/\/deadoralivesaloon.com\/et\/wp-json\/wp\/v2\/pages\/50","targetHints":{"allow":["GET"]}}],"collection":[{"href":"https:\/\/deadoralivesaloon.com\/et\/wp-json\/wp\/v2\/pages"}],"about":[{"href":"https:\/\/deadoralivesaloon.com\/et\/wp-json\/wp\/v2\/types\/page"}],"author":[{"embeddable":true,"href":"https:\/\/deadoralivesaloon.com\/et\/wp-json\/wp\/v2\/users\/1"}],"replies":[{"embeddable":true,"href":"https:\/\/deadoralivesaloon.com\/et\/wp-json\/wp\/v2\/comments?post=50"}],"version-history":[{"count":0,"href":"https:\/\/deadoralivesaloon.com\/et\/wp-json\/wp\/v2\/pages\/50\/revisions"}],"wp:attachment":[{"href":"https:\/\/deadoralivesaloon.com\/et\/wp-json\/wp\/v2\/media?parent=50"}],"curies":[{"name":"wp","href":"https:\/\/api.w.org\/{rel}","templated":true}]}}