{"id":47,"date":"2023-01-09T15:19:57","date_gmt":"2023-01-09T15:19:57","guid":{"rendered":"https:\/\/deadoralivesaloon.com\/?page_id=47"},"modified":"2023-01-09T15:19:57","modified_gmt":"2023-01-09T15:19:57","slug":"tietosuojakaytanto","status":"publish","type":"page","link":"https:\/\/deadoralivesaloon.com\/fi\/privacy-policy\/","title":{"rendered":"DeadorAliven tietosuojak\u00e4yt\u00e4nt\u00f6: Saloon"},"content":{"rendered":"<div class=\"page\">\n<div class=\"container\">\n<div class=\"content download-wrapper\">\n<div class=\"row\">\n<div class=\"col-md-6 col-md-pull-6 col-sm-6 col-sm-pull-6\">\n<div class=\"main\">\n<div class=\"preview\">\n<p>deadoralivesaloon.com:ss\u00e4, jonne p\u00e4\u00e4see <a href=\"https:\/\/deadoralivesaloon.com\/fi\/\" target=\"_blank\" rel=\"noopener\">https:\/\/deadoralivesaloon.com\/<\/a>yksi t\u00e4rkeimmist\u00e4 prioriteeteistamme on k\u00e4vij\u00f6idemme yksityisyys. T\u00e4m\u00e4 tietosuojak\u00e4yt\u00e4nt\u00f6 sis\u00e4lt\u00e4\u00e4 deadoralivesaloon.com:n ker\u00e4\u00e4m\u00e4t ja tallentamat tiedot ja miten k\u00e4yt\u00e4mme niit\u00e4.<\/p>\n<p>Jos sinulla on lis\u00e4kysymyksi\u00e4 tai tarvitset lis\u00e4tietoja tietosuojak\u00e4yt\u00e4nn\u00f6st\u00e4mme, ota meihin yhteytt\u00e4.<\/p>\n<p>T\u00e4m\u00e4 tietosuojak\u00e4yt\u00e4nt\u00f6 koskee vain verkkotoimintaamme, ja se on voimassa verkkosivustomme k\u00e4vij\u00f6ille niiden tietojen osalta, jotka he jakavat ja\/tai ker\u00e4\u00e4v\u00e4t deadoralivesaloon.com:ss\u00e4. T\u00e4t\u00e4 k\u00e4yt\u00e4nt\u00f6\u00e4 ei sovelleta offline-tilassa tai muiden kanavien kuin t\u00e4m\u00e4n verkkosivuston kautta ker\u00e4ttyihin tietoihin.<\/p>\n<h2>Suostumus<\/h2>\n<p>K\u00e4ytt\u00e4m\u00e4ll\u00e4 verkkosivustoamme hyv\u00e4ksyt t\u00e4ten tietosuojak\u00e4yt\u00e4nt\u00f6mme ja hyv\u00e4ksyt sen ehdot.<\/p>\n<h2>Ker\u00e4\u00e4m\u00e4mme tiedot<\/h2>\n<p>Henkil\u00f6tiedot, joita sinua pyydet\u00e4\u00e4n toimittamaan, ja syyt, miksi sinua pyydet\u00e4\u00e4n toimittamaan niit\u00e4, tehd\u00e4\u00e4n sinulle selv\u00e4ksi siin\u00e4 vaiheessa, kun pyyd\u00e4mme sinua toimittamaan henkil\u00f6tietojasi.<\/p>\n<p>Jos otat meihin suoraan yhteytt\u00e4, saatamme saada sinusta lis\u00e4tietoja, kuten nimesi, s\u00e4hk\u00f6postiosoitteesi, puhelinnumerosi, meille l\u00e4hett\u00e4m\u00e4si viestin ja\/tai liitteiden sis\u00e4ll\u00f6n sek\u00e4 kaikki muut tiedot, jotka haluat antaa.<\/p>\n<p>Kun rekister\u00f6idyt tili\u00e4 varten, saatamme pyyt\u00e4\u00e4 yhteystietojasi, kuten nime\u00e4, yrityksen nime\u00e4, osoitetta, s\u00e4hk\u00f6postiosoitetta ja puhelinnumeroa.<\/p>\n<h2>Miten k\u00e4yt\u00e4mme tietojasi<\/h2>\n<p>K\u00e4yt\u00e4mme ker\u00e4\u00e4mi\u00e4mme tietoja eri tavoin, muun muassa seuraaviin tarkoituksiin:<\/p>\n<ul>\n<li>tarjota, k\u00e4ytt\u00e4\u00e4 ja yll\u00e4pit\u00e4\u00e4 verkkosivustoamme<\/li>\n<li>Parantaa, muokata ja laajentaa verkkosivustoamme.<\/li>\n<li>ymm\u00e4rt\u00e4\u00e4 ja analysoida, miten k\u00e4yt\u00e4t verkkosivustoamme<\/li>\n<li>Uusien tuotteiden, palvelujen, ominaisuuksien ja toimintojen kehitt\u00e4minen.<\/li>\n<li>yhteydenpito sinuun joko suoraan tai jonkin yhteisty\u00f6kumppanimme kautta, mukaan lukien asiakaspalvelu, p\u00e4ivitysten ja muiden verkkosivustoon liittyvien tietojen toimittaminen sinulle sek\u00e4 markkinointi- ja myynninedist\u00e4mistarkoituksiin.<\/li>\n<li>L\u00e4het\u00e4 sinulle s\u00e4hk\u00f6posteja<\/li>\n<li>Etsi ja ehk\u00e4ise petoksia<\/li>\n<\/ul>\n<h2>Lokitiedostot<\/h2>\n<p>deadoralivesaloon.com k\u00e4ytt\u00e4\u00e4 lokitiedostoja tavanomaisesti. N\u00e4m\u00e4 tiedostot kirjaavat k\u00e4vij\u00e4t, kun he vierailevat verkkosivustoilla. Kaikki hosting-yritykset tekev\u00e4t n\u00e4in, ja se on osa hosting-palveluiden analytiikkaa. Lokitiedostojen ker\u00e4\u00e4miin tietoihin kuuluvat IP-osoitteet, selaimen tyyppi, Internet-palveluntarjoaja, p\u00e4iv\u00e4m\u00e4\u00e4r\u00e4- ja aikaleima, viittaavat ja poistuvat sivut sek\u00e4 mahdollisesti klikkausten m\u00e4\u00e4r\u00e4. N\u00e4it\u00e4 tietoja ei yhdistet\u00e4 mihink\u00e4\u00e4n henkil\u00f6kohtaisesti tunnistettaviin tietoihin. Tietojen tarkoituksena on analysoida suuntauksia, hallinnoida sivustoa, seurata k\u00e4ytt\u00e4jien liikkumista sivustolla ja ker\u00e4t\u00e4 demografisia tietoja.<\/p>\n<h2>Ev\u00e4steet ja verkkomajakat<\/h2>\n<p>Kuten kaikki muutkin verkkosivustot, deadoralivesaloon.com k\u00e4ytt\u00e4\u00e4 ev\u00e4steit\u00e4. N\u00e4it\u00e4 ev\u00e4steit\u00e4 k\u00e4ytet\u00e4\u00e4n tallentamaan tietoja, mukaan lukien k\u00e4vij\u00f6iden mieltymykset ja verkkosivut, joita k\u00e4vij\u00e4 on k\u00e4ytt\u00e4nyt tai joilla h\u00e4n on vieraillut. Tietoja k\u00e4ytet\u00e4\u00e4n k\u00e4ytt\u00e4jien kokemuksen optimoimiseksi mukauttamalla verkkosivujen sis\u00e4lt\u00f6\u00e4 k\u00e4vij\u00f6iden selaintyypin ja\/tai muiden tietojen perusteella.<\/p>\n<h2>Mainoskumppanit Tietosuojak\u00e4yt\u00e4nn\u00f6t<\/h2>\n<p>Voit tutustua t\u00e4h\u00e4n luetteloon l\u00f6yt\u00e4\u00e4ksesi kunkin deadoralivesaloon.com:n mainoskumppanin tietosuojak\u00e4yt\u00e4nn\u00f6n.<\/p>\n<p>Kolmannen osapuolen mainospalvelimet tai mainosverkostot k\u00e4ytt\u00e4v\u00e4t tekniikoita, kuten ev\u00e4steit\u00e4, JavaScripti\u00e4 tai web-majakoita, joita k\u00e4ytet\u00e4\u00e4n deadoralivesaloon.com:ss\u00e4 n\u00e4kyviss\u00e4 mainoksissa ja linkeiss\u00e4, jotka l\u00e4hetet\u00e4\u00e4n suoraan k\u00e4ytt\u00e4jien selaimelle. Ne saavat automaattisesti IP-osoitteesi, kun t\u00e4m\u00e4 tapahtuu. N\u00e4it\u00e4 tekniikoita k\u00e4ytet\u00e4\u00e4n niiden mainoskampanjoiden tehokkuuden mittaamiseen ja\/tai niiden mainossis\u00e4ll\u00f6n personointiin, jota n\u00e4et verkkosivustoilla, joilla vierailet.<\/p>\n<p>Huomaa, ett\u00e4 deadoralivesaloon.com:ll\u00e4 ei ole p\u00e4\u00e4sy\u00e4 n\u00e4ihin kolmannen osapuolen mainostajien k\u00e4ytt\u00e4miin ev\u00e4steisiin eik\u00e4 se voi valvoa niit\u00e4.<\/p>\n<h2>Kolmansien osapuolten tietosuojak\u00e4yt\u00e4nn\u00f6t<\/h2>\n<p>deadoralivesaloon.com:n tietosuojak\u00e4yt\u00e4nt\u00f6 ei koske muita mainostajia tai verkkosivustoja. N\u00e4in ollen kehotamme sinua tutustumaan n\u00e4iden kolmansien osapuolten mainospalvelimien tietosuojak\u00e4yt\u00e4nt\u00f6ihin tarkempia tietoja varten. Se voi sis\u00e4lt\u00e4\u00e4 niiden k\u00e4yt\u00e4nn\u00f6t ja ohjeet siit\u00e4, miten tietyist\u00e4 vaihtoehdoista voi kielt\u00e4yty\u00e4.<\/p>\n<p>Voit poistaa ev\u00e4steet k\u00e4yt\u00f6st\u00e4 selaimesi asetuksista. Tarkempia tietoja ev\u00e4steiden hallinnasta tietyill\u00e4 selaimilla saat selainten omilta verkkosivuilta.<\/p>\n<h2>CCPA Privacy Rights (\u00c4l\u00e4 myy henkil\u00f6kohtaisia tietojani)<\/h2>\n<p>CCPA:n mukaan kalifornialaisilla kuluttajilla on muun muassa seuraavat oikeudet:<\/p>\n<p>Pyyd\u00e4 kuluttajan henkil\u00f6tietoja ker\u00e4\u00e4v\u00e4\u00e4 yrityst\u00e4 ilmoittamaan, mihin luokkiin ja mit\u00e4 henkil\u00f6tietoja yritys on ker\u00e4nnyt kuluttajista.<\/p>\n<p>pyyt\u00e4\u00e4 yrityst\u00e4 poistamaan kaikki kuluttajaa koskevat henkil\u00f6tiedot, jotka yritys on ker\u00e4nnyt.<\/p>\n<p>Pyyd\u00e4, ett\u00e4 yritys, joka myy kuluttajan henkil\u00f6tietoja, ei myy kuluttajan henkil\u00f6tietoja.<\/p>\n<p>Jos teet pyynn\u00f6n, meill\u00e4 on kuukausi aikaa vastata sinulle. Jos haluat k\u00e4ytt\u00e4\u00e4 jotakin n\u00e4ist\u00e4 oikeuksista, ota meihin yhteytt\u00e4.<\/p>\n<h2>GDPR Tietosuojaoikeudet<\/h2>\n<p>Haluamme varmistaa, ett\u00e4 olet t\u00e4ysin tietoinen kaikista tietosuojaoikeuksistasi. Jokaisella k\u00e4ytt\u00e4j\u00e4ll\u00e4 on oikeus seuraaviin oikeuksiin:<\/p>\n<p>Oikeus tutustua tietoihin - Sinulla on oikeus pyyt\u00e4\u00e4 kopioita henkil\u00f6tiedoistasi. Saatamme peri\u00e4 t\u00e4st\u00e4 palvelusta pienen maksun.<\/p>\n<p>Oikeus tietojen oikaisemiseen - Sinulla on oikeus pyyt\u00e4\u00e4 meit\u00e4 oikaisemaan virheelliseksi katsomasi tiedot. Sinulla on my\u00f6s oikeus pyyt\u00e4\u00e4, ett\u00e4 t\u00e4ydenn\u00e4mme tietoja, jotka mielest\u00e4si ovat puutteellisia.<\/p>\n<p>Oikeus tietojen poistamiseen - Sinulla on tietyin edellytyksin oikeus pyyt\u00e4\u00e4 meit\u00e4 poistamaan henkil\u00f6tietosi.<\/p>\n<p>Oikeus rajoittaa k\u00e4sittely\u00e4 - Sinulla on oikeus tietyin edellytyksin pyyt\u00e4\u00e4 meit\u00e4 rajoittamaan henkil\u00f6tietojesi k\u00e4sittely\u00e4.<\/p>\n<p>Oikeus vastustaa k\u00e4sittely\u00e4 - Sinulla on tietyin edellytyksin oikeus vastustaa henkil\u00f6tietojesi k\u00e4sittely\u00e4.<\/p>\n<p>Oikeus tietojen siirrett\u00e4vyyteen - Sinulla on oikeus pyyt\u00e4\u00e4, ett\u00e4 siirr\u00e4mme ker\u00e4\u00e4m\u00e4mme tiedot toiselle organisaatiolle tai suoraan sinulle tietyin edellytyksin.<\/p>\n<p>Jos teet pyynn\u00f6n, meill\u00e4 on kuukausi aikaa vastata sinulle. Jos haluat k\u00e4ytt\u00e4\u00e4 jotakin n\u00e4ist\u00e4 oikeuksista, ota meihin yhteytt\u00e4.<\/p>\n<h2>Lasten tiedot<\/h2>\n<p>Toinen painopistealueemme on lasten suojelun lis\u00e4\u00e4minen interneti\u00e4 k\u00e4ytett\u00e4ess\u00e4. Kannustamme vanhempia ja huoltajia tarkkailemaan, osallistumaan ja\/tai valvomaan ja ohjaamaan lasten verkkotoimintaa.<\/p>\n<p>deadoralivesaloon.com ei tietoisesti ker\u00e4\u00e4 henkil\u00f6kohtaisia tietoja alle 13-vuotiailta lapsilta. Jos uskot, ett\u00e4 lapsesi on antanut t\u00e4llaisia tietoja verkkosivustollamme, kehotamme sinua ottamaan v\u00e4litt\u00f6m\u00e4sti yhteytt\u00e4 meihin, jotta voimme parhaan kykymme mukaan poistaa t\u00e4llaiset tiedot rekisterist\u00e4mme.<\/p>\n<\/div>\n<\/div>\n<\/div>\n<\/div>\n<\/div>\n<\/div>\n<\/div>\n<style>\r\n\r\n        .lwrp.link-whisper-related-posts{\r\n            \r\n            margin-top: 40px;\nmargin-bottom: 30px;\r\n        }\r\n        .lwrp .lwrp-title{\r\n            \r\n            \r\n        }\r\n        .lwrp .lwrp-description{\r\n            \r\n            \r\n\r\n        }\r\n        .lwrp .lwrp-list-container{\r\n        }\r\n        .lwrp .lwrp-list-multi-container{\r\n            display: flex;\r\n        }\r\n        .lwrp .lwrp-list-double{\r\n            width: 48%;\r\n        }\r\n        .lwrp .lwrp-list-triple{\r\n            width: 32%;\r\n        }\r\n        .lwrp .lwrp-list-row-container{\r\n            display: flex;\r\n            justify-content: space-between;\r\n        }\r\n        .lwrp .lwrp-list-row-container .lwrp-list-item{\r\n            width: calc(25% - 20px);\r\n        }\r\n        .lwrp .lwrp-list-item:not(.lwrp-no-posts-message-item){\r\n            \r\n            max-width: 250px;\r\n        }\r\n        .lwrp .lwrp-list-item img{\r\n            max-width: 100%;\r\n            height: auto;\r\n        }\r\n        .lwrp .lwrp-list-item.lwrp-empty-list-item{\r\n            background: initial !important;\r\n        }\r\n        .lwrp .lwrp-list-item .lwrp-list-link .lwrp-list-link-title-text,\r\n        .lwrp .lwrp-list-item .lwrp-list-no-posts-message{\r\n            \r\n                \r\n        }\r\n        @media screen and (max-width: 480px) {\r\n            .lwrp.link-whisper-related-posts{\r\n                \r\n                \r\n            }\r\n            .lwrp .lwrp-title{\r\n                \r\n                \r\n            }\r\n            .lwrp .lwrp-description{\r\n                \r\n                \r\n            }\r\n            .lwrp .lwrp-list-multi-container{\r\n                flex-direction: column;\r\n            }\r\n            .lwrp .lwrp-list-multi-container ul.lwrp-list{\r\n                margin-top: 0px;\r\n                margin-bottom: 0px;\r\n                padding-top: 0px;\r\n                padding-bottom: 0px;\r\n            }\r\n            .lwrp .lwrp-list-double,\r\n            .lwrp .lwrp-list-triple{\r\n                width: 100%;\r\n            }\r\n            .lwrp .lwrp-list-row-container{\r\n                justify-content: initial;\r\n                flex-direction: column;\r\n            }\r\n            .lwrp .lwrp-list-row-container .lwrp-list-item{\r\n                width: 100%;\r\n            }\r\n            .lwrp .lwrp-list-item:not(.lwrp-no-posts-message-item){\r\n                \r\n                max-width: initial;\r\n            }\r\n            .lwrp .lwrp-list-item .lwrp-list-link .lwrp-list-link-title-text,\r\n            .lwrp .lwrp-list-item .lwrp-list-no-posts-message{\r\n                \r\n                    \r\n            }\r\n        }<\/style>\r\n<div id=\"link-whisper-related-posts-widget\" class=\"link-whisper-related-posts lwrp\">\r\n            <h3 class=\"lwrp-title\">Aiheeseen liittyv\u00e4t viestit<\/h3>    \r\n        <div class=\"lwrp-list-container\">\r\n                                            <div class=\"lwrp-list-multi-container\">\r\n                    <ul class=\"lwrp-list lwrp-list-double lwrp-list-left\">\r\n                        <li class=\"lwrp-list-item\"><a href=\"https:\/\/deadoralivesaloon.com\/fi\/super-andar-bahar\/\" class=\"lwrp-list-link\"><span class=\"lwrp-list-link-title-text\">Koe Super Andar Bahar: Evolution Gaming:n uusin peli!<\/span><\/a><\/li><li class=\"lwrp-list-item\"><a href=\"https:\/\/deadoralivesaloon.com\/fi\/top-kasino-poyta-korttipeleja-pelata-verkossa\/\" class=\"lwrp-list-link\"><span class=\"lwrp-list-link-title-text\">Top Casino p\u00f6yt\u00e4 korttipelej\u00e4 pelata verkossa vuonna 2024<\/span><\/a><\/li>                    <\/ul>\r\n                    <ul class=\"lwrp-list lwrp-list-double lwrp-list-right\">\r\n                        <li class=\"lwrp-list-item\"><a href=\"https:\/\/deadoralivesaloon.com\/fi\/arvostelut\/\" class=\"lwrp-list-link\"><span class=\"lwrp-list-link-title-text\">Dead or Alive Saloon: Uusin nettikasino-korttipeli, joka vie maailmaa myrskyyn<\/span><\/a><\/li>                    <\/ul>\r\n                <\/div>\r\n                        <\/div>\r\n<\/div>","protected":false},"excerpt":{"rendered":"<p>deadoralivesaloon.com:ss\u00e4, johon p\u00e4\u00e4see osoitteesta https:\/\/deadoralivesaloon.com\/, yksi t\u00e4rkeimmist\u00e4 prioriteeteistamme on k\u00e4vij\u00f6idemme yksityisyys. T\u00e4m\u00e4 tietosuojak\u00e4yt\u00e4nt\u00f6 sis\u00e4lt\u00e4\u00e4 deadoralivesaloon.com:n ker\u00e4\u00e4m\u00e4t ja tallentamat tiedot ja sen, miten k\u00e4yt\u00e4mme niit\u00e4. Jos sinulla on lis\u00e4kysymyksi\u00e4 tai tarvitset lis\u00e4tietoja tietosuojak\u00e4yt\u00e4nn\u00f6st\u00e4mme, ota meihin yhteytt\u00e4. ... <a title=\"DeadorAliven tietosuojak\u00e4yt\u00e4nt\u00f6: Saloon\" class=\"read-more\" href=\"https:\/\/deadoralivesaloon.com\/fi\/privacy-policy\/\" aria-label=\"Lue lis\u00e4\u00e4 aiheesta DeadorAliven tietosuojak\u00e4yt\u00e4nt\u00f6: Saloon\">Lue lis\u00e4\u00e4<\/a><\/p>","protected":false},"author":1,"featured_media":0,"parent":0,"menu_order":0,"comment_status":"closed","ping_status":"closed","template":"","meta":{"footnotes":""},"class_list":["post-47","page","type-page","status-publish"],"_links":{"self":[{"href":"https:\/\/deadoralivesaloon.com\/fi\/wp-json\/wp\/v2\/pages\/47","targetHints":{"allow":["GET"]}}],"collection":[{"href":"https:\/\/deadoralivesaloon.com\/fi\/wp-json\/wp\/v2\/pages"}],"about":[{"href":"https:\/\/deadoralivesaloon.com\/fi\/wp-json\/wp\/v2\/types\/page"}],"author":[{"embeddable":true,"href":"https:\/\/deadoralivesaloon.com\/fi\/wp-json\/wp\/v2\/users\/1"}],"replies":[{"embeddable":true,"href":"https:\/\/deadoralivesaloon.com\/fi\/wp-json\/wp\/v2\/comments?post=47"}],"version-history":[{"count":0,"href":"https:\/\/deadoralivesaloon.com\/fi\/wp-json\/wp\/v2\/pages\/47\/revisions"}],"wp:attachment":[{"href":"https:\/\/deadoralivesaloon.com\/fi\/wp-json\/wp\/v2\/media?parent=47"}],"curies":[{"name":"wp","href":"https:\/\/api.w.org\/{rel}","templated":true}]}}