{"id":50,"date":"2023-01-09T15:23:14","date_gmt":"2023-01-09T15:23:14","guid":{"rendered":"https:\/\/deadoralivesaloon.com\/?page_id=50"},"modified":"2023-01-09T15:23:14","modified_gmt":"2023-01-09T15:23:14","slug":"vastuuvapauslauseke","status":"publish","type":"page","link":"https:\/\/deadoralivesaloon.com\/fi\/disclaimer\/","title":{"rendered":"Vastuuvapauslauseke DeadorAliveSaloonille"},"content":{"rendered":"<div class=\"page\">\n<div class=\"container\">\n<div class=\"content download-wrapper\">\n<div class=\"row\">\n<div class=\"col-md-6 col-md-pull-6 col-sm-6 col-sm-pull-6\">\n<div class=\"main\">\n<div class=\"preview\">\n<p>Jos tarvitset lis\u00e4tietoja tai sinulla on kysytt\u00e4v\u00e4\u00e4 sivustomme vastuuvapauslausekkeesta, voit ottaa meihin yhteytt\u00e4 s\u00e4hk\u00f6postitse osoitteeseen doasaloon@casino.com.<\/p>\n<h2>deadoralivesaloon.com:n vastuuvapauslausekkeet<\/h2>\n<p>Kaikki t\u00e4ll\u00e4 verkkosivustolla - https:\/\/deadoralivesaloon.com\/ - olevat tiedot julkaistaan hyv\u00e4ss\u00e4 uskossa ja ainoastaan yleiseen tiedottamiseen. Deadoralivesaloon.com ei anna mit\u00e4\u00e4n takuita n\u00e4iden tietojen t\u00e4ydellisyydest\u00e4, luotettavuudesta ja tarkkuudesta. Kaikki toimet, joita teet t\u00e4ll\u00e4 verkkosivustolla olevien tietojen perusteella (<a href=\"https:\/\/deadoralivesaloon.com\/fi\/\" target=\"_blank\" rel=\"noopener\">deadoralivesaloon.com<\/a>), on t\u00e4ysin omalla vastuullasi. deadoralivesaloon.com ei ole vastuussa mist\u00e4\u00e4n verkkosivustomme k\u00e4ytt\u00f6\u00f6n liittyvist\u00e4 menetyksist\u00e4 ja\/tai vahingoista.<\/p>\n<p>Verkkosivustoltamme voit vierailla muilla verkkosivustoilla seuraamalla hyperlinkkej\u00e4 t\u00e4llaisille ulkoisille sivustoille. Vaikka pyrimme tarjoamaan vain laadukkaita linkkej\u00e4 hy\u00f6dyllisille ja eettisesti hyv\u00e4ksytt\u00e4ville verkkosivustoille, emme voi valvoa n\u00e4iden sivustojen sis\u00e4lt\u00f6\u00e4 ja luonnetta. N\u00e4m\u00e4 linkit muille verkkosivustoille eiv\u00e4t tarkoita, ett\u00e4 suosittelisimme kaikkea n\u00e4ill\u00e4 sivustoilla olevaa sis\u00e4lt\u00f6\u00e4. Sivustojen omistajat ja sis\u00e4lt\u00f6 voivat muuttua ilman ennakkoilmoitusta, ja se voi tapahtua ennen kuin meill\u00e4 on mahdollisuus poistaa linkki, joka on saattanut menn\u00e4 \"pieleen\".<\/p>\n<p>Huomaa my\u00f6s, ett\u00e4 kun poistut verkkosivustoltamme, muilla sivustoilla voi olla erilaisia verkkosivuja. <a href=\"https:\/\/deadoralivesaloon.com\/fi\/tietosuojakaytanto\/\" title=\"DeadorAliven tietosuojak\u00e4yt\u00e4nt\u00f6: Saloon\" target=\"_blank\" rel=\"noopener\" data-wpil-monitor-id=\"8\">tietosuojak\u00e4yt\u00e4nn\u00f6t<\/a> ja ehdoista, jotka eiv\u00e4t ole meid\u00e4n hallinnassamme. Muista tarkistaa n\u00e4iden sivustojen tietosuojak\u00e4yt\u00e4nn\u00f6t sek\u00e4 niiden \"k\u00e4ytt\u00f6ehdot\" ennen kuin ryhdyt liiketoimintaan tai lataat tietoja.<\/p>\n<h2>Suostumus<\/h2>\n<p>K\u00e4ytt\u00e4m\u00e4ll\u00e4 verkkosivustoamme hyv\u00e4ksyt t\u00e4ten vastuuvapauslausekkeemme ja hyv\u00e4ksyt sen ehdot.<\/p>\n<h2>P\u00e4ivitys<\/h2>\n<p>Jos p\u00e4ivit\u00e4mme, t\u00e4ydenn\u00e4mme tai teemme muutoksia t\u00e4h\u00e4n asiakirjaan, muutokset ilmoitetaan n\u00e4kyv\u00e4sti t\u00e4\u00e4ll\u00e4.<\/p>\n<\/div>\n<\/div>\n<\/div>\n<\/div>\n<\/div>\n<\/div>\n<\/div>\n<style>\r\n\r\n        .lwrp.link-whisper-related-posts{\r\n            \r\n            margin-top: 40px;\nmargin-bottom: 30px;\r\n        }\r\n        .lwrp .lwrp-title{\r\n            \r\n            \r\n        }\r\n        .lwrp .lwrp-description{\r\n            \r\n            \r\n\r\n        }\r\n        .lwrp .lwrp-list-container{\r\n        }\r\n        .lwrp .lwrp-list-multi-container{\r\n            display: flex;\r\n        }\r\n        .lwrp .lwrp-list-double{\r\n            width: 48%;\r\n        }\r\n        .lwrp .lwrp-list-triple{\r\n            width: 32%;\r\n        }\r\n        .lwrp .lwrp-list-row-container{\r\n            display: flex;\r\n            justify-content: space-between;\r\n        }\r\n        .lwrp .lwrp-list-row-container .lwrp-list-item{\r\n            width: calc(25% - 20px);\r\n        }\r\n        .lwrp .lwrp-list-item:not(.lwrp-no-posts-message-item){\r\n            \r\n            max-width: 250px;\r\n        }\r\n        .lwrp .lwrp-list-item img{\r\n            max-width: 100%;\r\n            height: auto;\r\n        }\r\n        .lwrp .lwrp-list-item.lwrp-empty-list-item{\r\n            background: initial !important;\r\n        }\r\n        .lwrp .lwrp-list-item .lwrp-list-link .lwrp-list-link-title-text,\r\n        .lwrp .lwrp-list-item .lwrp-list-no-posts-message{\r\n            \r\n                \r\n        }\r\n        @media screen and (max-width: 480px) {\r\n            .lwrp.link-whisper-related-posts{\r\n                \r\n                \r\n            }\r\n            .lwrp .lwrp-title{\r\n                \r\n                \r\n            }\r\n            .lwrp .lwrp-description{\r\n                \r\n                \r\n            }\r\n            .lwrp .lwrp-list-multi-container{\r\n                flex-direction: column;\r\n            }\r\n            .lwrp .lwrp-list-multi-container ul.lwrp-list{\r\n                margin-top: 0px;\r\n                margin-bottom: 0px;\r\n                padding-top: 0px;\r\n                padding-bottom: 0px;\r\n            }\r\n            .lwrp .lwrp-list-double,\r\n            .lwrp .lwrp-list-triple{\r\n                width: 100%;\r\n            }\r\n            .lwrp .lwrp-list-row-container{\r\n                justify-content: initial;\r\n                flex-direction: column;\r\n            }\r\n            .lwrp .lwrp-list-row-container .lwrp-list-item{\r\n                width: 100%;\r\n            }\r\n            .lwrp .lwrp-list-item:not(.lwrp-no-posts-message-item){\r\n                \r\n                max-width: initial;\r\n            }\r\n            .lwrp .lwrp-list-item .lwrp-list-link .lwrp-list-link-title-text,\r\n            .lwrp .lwrp-list-item .lwrp-list-no-posts-message{\r\n                \r\n                    \r\n            }\r\n        }<\/style>\r\n<div id=\"link-whisper-related-posts-widget\" class=\"link-whisper-related-posts lwrp\">\r\n            <h3 class=\"lwrp-title\">Aiheeseen liittyv\u00e4t viestit<\/h3>    \r\n        <div class=\"lwrp-list-container\">\r\n                                            <div class=\"lwrp-list-multi-container\">\r\n                    <ul class=\"lwrp-list lwrp-list-double lwrp-list-left\">\r\n                        <li class=\"lwrp-list-item\"><a href=\"https:\/\/deadoralivesaloon.com\/lv\/super-andar-bahar\/\" class=\"lwrp-list-link\"><span class=\"lwrp-list-link-title-text\">Koe Super Andar Bahar: Evolution Gaming:n uusin peli!<\/span><\/a><\/li><li class=\"lwrp-list-item\"><a href=\"https:\/\/deadoralivesaloon.com\/lv\/atsauksmes\/\" class=\"lwrp-list-link\"><span class=\"lwrp-list-link-title-text\">Dead or Alive Saloon: Uusin nettikasino-korttipeli, joka vie maailmaa myrskyyn<\/span><\/a><\/li>                    <\/ul>\r\n                    <ul class=\"lwrp-list lwrp-list-double lwrp-list-right\">\r\n                        <li class=\"lwrp-list-item\"><a href=\"https:\/\/deadoralivesaloon.com\/lv\/top-kazino-galda-karsu-speles-spelesanai-online\/\" class=\"lwrp-list-link\"><span class=\"lwrp-list-link-title-text\">Top Casino p\u00f6yt\u00e4 korttipelej\u00e4 pelata verkossa vuonna 2024<\/span><\/a><\/li>                    <\/ul>\r\n                <\/div>\r\n                        <\/div>\r\n<\/div>","protected":false},"excerpt":{"rendered":"<p>Jos tarvitset lis\u00e4tietoja tai sinulla on kysytt\u00e4v\u00e4\u00e4 sivustomme vastuuvapauslausekkeesta, voit ottaa meihin yhteytt\u00e4 s\u00e4hk\u00f6postitse osoitteeseen doasaloon@casino.com. deadoralivesaloon.com:n vastuuvapauslausekkeet Kaikki t\u00e4ll\u00e4 verkkosivustolla - https:\/\/deadoralivesaloon.com\/ - olevat tiedot julkaistaan vilpitt\u00f6m\u00e4ss\u00e4 mieless\u00e4 ja ainoastaan yleiseen tiedotustarkoitukseen. Deadoralivesaloon.com ei anna mit\u00e4\u00e4n takuita ... <a title=\"Vastuuvapauslauseke DeadorAliveSaloonille\" class=\"read-more\" href=\"https:\/\/deadoralivesaloon.com\/fi\/disclaimer\/\" aria-label=\"Lue lis\u00e4\u00e4 aiheesta Vastuuvapauslauseke DeadorAliveSaloonille\">Lue lis\u00e4\u00e4<\/a><\/p>","protected":false},"author":1,"featured_media":0,"parent":0,"menu_order":0,"comment_status":"closed","ping_status":"closed","template":"","meta":{"footnotes":""},"class_list":["post-50","page","type-page","status-publish"],"_links":{"self":[{"href":"https:\/\/deadoralivesaloon.com\/fi\/wp-json\/wp\/v2\/pages\/50","targetHints":{"allow":["GET"]}}],"collection":[{"href":"https:\/\/deadoralivesaloon.com\/fi\/wp-json\/wp\/v2\/pages"}],"about":[{"href":"https:\/\/deadoralivesaloon.com\/fi\/wp-json\/wp\/v2\/types\/page"}],"author":[{"embeddable":true,"href":"https:\/\/deadoralivesaloon.com\/fi\/wp-json\/wp\/v2\/users\/1"}],"replies":[{"embeddable":true,"href":"https:\/\/deadoralivesaloon.com\/fi\/wp-json\/wp\/v2\/comments?post=50"}],"version-history":[{"count":0,"href":"https:\/\/deadoralivesaloon.com\/fi\/wp-json\/wp\/v2\/pages\/50\/revisions"}],"wp:attachment":[{"href":"https:\/\/deadoralivesaloon.com\/fi\/wp-json\/wp\/v2\/media?parent=50"}],"curies":[{"name":"wp","href":"https:\/\/api.w.org\/{rel}","templated":true}]}}