{"id":50,"date":"2023-01-09T15:23:14","date_gmt":"2023-01-09T15:23:14","guid":{"rendered":"https:\/\/deadoralivesaloon.com\/?page_id=50"},"modified":"2023-01-09T15:23:14","modified_gmt":"2023-01-09T15:23:14","slug":"clause-de-non-responsabilite","status":"publish","type":"page","link":"https:\/\/deadoralivesaloon.com\/fr\/disclaimer\/","title":{"rendered":"Avis de non-responsabilit\u00e9 pour DeadorAliveSaloon"},"content":{"rendered":"<div class=\"page\">\n<div class=\"container\">\n<div class=\"content download-wrapper\">\n<div class=\"row\">\n<div class=\"col-md-6 col-md-pull-6 col-sm-6 col-sm-pull-6\">\n<div class=\"main\">\n<div class=\"preview\">\n<p>Si vous souhaitez obtenir de plus amples informations ou si vous avez des questions concernant la clause de non-responsabilit\u00e9 de notre site, n'h\u00e9sitez pas \u00e0 nous contacter par courrier \u00e9lectronique \u00e0 l'adresse doasaloon@casino.com.<\/p>\n<h2>Avis de non-responsabilit\u00e9 pour deadoralivesaloon.com<\/h2>\n<p>Toutes les informations sur ce site web - https:\/\/deadoralivesaloon.com\/ - sont publi\u00e9es de bonne foi et \u00e0 des fins d'information g\u00e9n\u00e9rale uniquement. Deadoralivesaloon.com ne donne aucune garantie quant \u00e0 l'exhaustivit\u00e9, la fiabilit\u00e9 et l'exactitude de ces informations. Toute action que vous entreprenez sur la base des informations que vous trouvez sur ce site web (<a href=\"https:\/\/deadoralivesaloon.com\/fr\/\" target=\"_blank\" rel=\"noopener\">deadoralivesaloon.com<\/a>), est strictement \u00e0 vos propres risques. deadoralivesaloon.com ne sera pas responsable des pertes et\/ou dommages li\u00e9s \u00e0 l'utilisation de notre site web.<\/p>\n<p>\u00c0 partir de notre site web, vous pouvez visiter d'autres sites web en suivant les hyperliens vers ces sites externes. Bien que nous nous efforcions de ne fournir que des liens de qualit\u00e9 vers des sites utiles et \u00e9thiques, nous n'avons aucun contr\u00f4le sur le contenu et la nature de ces sites. Ces liens vers d'autres sites web n'impliquent pas une recommandation pour tout le contenu trouv\u00e9 sur ces sites. Les propri\u00e9taires des sites et leur contenu peuvent changer sans pr\u00e9avis, et ce, avant que nous ayons la possibilit\u00e9 de supprimer un lien qui aurait mal tourn\u00e9.<\/p>\n<p>Sachez \u00e9galement que lorsque vous quittez notre site web, d'autres sites peuvent avoir des caract\u00e9ristiques diff\u00e9rentes. <a href=\"https:\/\/deadoralivesaloon.com\/fr\/politique-de-confidentialite\/\" title=\"Politique de confidentialit\u00e9 pour DeadorAlive : Saloon\" target=\"_blank\" rel=\"noopener\" data-wpil-monitor-id=\"8\">politiques en mati\u00e8re de protection de la vie priv\u00e9e<\/a> et des conditions qui \u00e9chappent \u00e0 notre contr\u00f4le. Veillez \u00e0 v\u00e9rifier les politiques de confidentialit\u00e9 de ces sites ainsi que leurs \"conditions de service\" avant de vous engager dans une activit\u00e9 commerciale ou de t\u00e9l\u00e9charger des informations.<\/p>\n<h2>Consentement<\/h2>\n<p>En utilisant notre site web, vous consentez \u00e0 notre clause de non-responsabilit\u00e9 et en acceptez les termes.<\/p>\n<h2>Mise \u00e0 jour<\/h2>\n<p>Si nous mettons \u00e0 jour, modifions ou apportons des changements \u00e0 ce document, ces changements seront affich\u00e9s ici de mani\u00e8re bien visible.<\/p>\n<\/div>\n<\/div>\n<\/div>\n<\/div>\n<\/div>\n<\/div>\n<\/div>\n<style>\r\n\r\n        .lwrp.link-whisper-related-posts{\r\n            \r\n            margin-top: 40px;\nmargin-bottom: 30px;\r\n        }\r\n        .lwrp .lwrp-title{\r\n            \r\n            \r\n        }\r\n        .lwrp .lwrp-description{\r\n            \r\n            \r\n\r\n        }\r\n        .lwrp .lwrp-list-container{\r\n        }\r\n        .lwrp .lwrp-list-multi-container{\r\n            display: flex;\r\n        }\r\n        .lwrp .lwrp-list-double{\r\n            width: 48%;\r\n        }\r\n        .lwrp .lwrp-list-triple{\r\n            width: 32%;\r\n        }\r\n        .lwrp .lwrp-list-row-container{\r\n            display: flex;\r\n            justify-content: space-between;\r\n        }\r\n        .lwrp .lwrp-list-row-container .lwrp-list-item{\r\n            width: calc(25% - 20px);\r\n        }\r\n        .lwrp .lwrp-list-item:not(.lwrp-no-posts-message-item){\r\n            \r\n            max-width: 250px;\r\n        }\r\n        .lwrp .lwrp-list-item img{\r\n            max-width: 100%;\r\n            height: auto;\r\n        }\r\n        .lwrp .lwrp-list-item.lwrp-empty-list-item{\r\n            background: initial !important;\r\n        }\r\n        .lwrp .lwrp-list-item .lwrp-list-link .lwrp-list-link-title-text,\r\n        .lwrp .lwrp-list-item .lwrp-list-no-posts-message{\r\n            \r\n                \r\n        }\r\n        @media screen and (max-width: 480px) {\r\n            .lwrp.link-whisper-related-posts{\r\n                \r\n                \r\n            }\r\n            .lwrp .lwrp-title{\r\n                \r\n                \r\n            }\r\n            .lwrp .lwrp-description{\r\n                \r\n                \r\n            }\r\n            .lwrp .lwrp-list-multi-container{\r\n                flex-direction: column;\r\n            }\r\n            .lwrp .lwrp-list-multi-container ul.lwrp-list{\r\n                margin-top: 0px;\r\n                margin-bottom: 0px;\r\n                padding-top: 0px;\r\n                padding-bottom: 0px;\r\n            }\r\n            .lwrp .lwrp-list-double,\r\n            .lwrp .lwrp-list-triple{\r\n                width: 100%;\r\n            }\r\n            .lwrp .lwrp-list-row-container{\r\n                justify-content: initial;\r\n                flex-direction: column;\r\n            }\r\n            .lwrp .lwrp-list-row-container .lwrp-list-item{\r\n                width: 100%;\r\n            }\r\n            .lwrp .lwrp-list-item:not(.lwrp-no-posts-message-item){\r\n                \r\n                max-width: initial;\r\n            }\r\n            .lwrp .lwrp-list-item .lwrp-list-link .lwrp-list-link-title-text,\r\n            .lwrp .lwrp-list-item .lwrp-list-no-posts-message{\r\n                \r\n                    \r\n            }\r\n        }<\/style>\r\n<div id=\"link-whisper-related-posts-widget\" class=\"link-whisper-related-posts lwrp\">\r\n            <h3 class=\"lwrp-title\">Articles connexes<\/h3>    \r\n        <div class=\"lwrp-list-container\">\r\n                                            <div class=\"lwrp-list-multi-container\">\r\n                    <ul class=\"lwrp-list lwrp-list-double lwrp-list-left\">\r\n                        <li class=\"lwrp-list-item\"><a href=\"https:\/\/deadoralivesaloon.com\/lv\/super-andar-bahar\/\" class=\"lwrp-list-link\"><span class=\"lwrp-list-link-title-text\">Vivez l'excitation de Super Andar Bahar : Le dernier jeu de Evolution Gaming !<\/span><\/a><\/li><li class=\"lwrp-list-item\"><a href=\"https:\/\/deadoralivesaloon.com\/lv\/atsauksmes\/\" class=\"lwrp-list-link\"><span class=\"lwrp-list-link-title-text\">Dead or Alive Saloon : Le dernier jeu de cartes de casino en ligne qui prend le monde d'assaut<\/span><\/a><\/li>                    <\/ul>\r\n                    <ul class=\"lwrp-list lwrp-list-double lwrp-list-right\">\r\n                        <li class=\"lwrp-list-item\"><a href=\"https:\/\/deadoralivesaloon.com\/lv\/top-kazino-galda-karsu-speles-spelesanai-online\/\" class=\"lwrp-list-link\"><span class=\"lwrp-list-link-title-text\">Les meilleurs jeux de cartes de table de casino \u00e0 jouer en ligne en 2024<\/span><\/a><\/li>                    <\/ul>\r\n                <\/div>\r\n                        <\/div>\r\n<\/div>","protected":false},"excerpt":{"rendered":"<p>Si vous souhaitez obtenir de plus amples informations ou si vous avez des questions concernant la clause de non-responsabilit\u00e9 de notre site, n'h\u00e9sitez pas \u00e0 nous contacter par courrier \u00e9lectronique \u00e0 l'adresse doasaloon@casino.com. Clauses de non-responsabilit\u00e9 pour deadoralivesaloon.com Toutes les informations contenues sur ce site - https:\/\/deadoralivesaloon.com\/ - sont publi\u00e9es de bonne foi et \u00e0 des fins d'information g\u00e9n\u00e9rale uniquement. Deadoralivesaloon.com ne donne aucune garantie quant \u00e0 la ... <a title=\"Avis de non-responsabilit\u00e9 pour DeadorAliveSaloon\" class=\"read-more\" href=\"https:\/\/deadoralivesaloon.com\/fr\/disclaimer\/\" aria-label=\"En savoir plus sur Disclaimer for DeadorAliveSaloon\">Lire la suite<\/a><\/p>","protected":false},"author":1,"featured_media":0,"parent":0,"menu_order":0,"comment_status":"closed","ping_status":"closed","template":"","meta":{"footnotes":""},"class_list":["post-50","page","type-page","status-publish"],"_links":{"self":[{"href":"https:\/\/deadoralivesaloon.com\/fr\/wp-json\/wp\/v2\/pages\/50","targetHints":{"allow":["GET"]}}],"collection":[{"href":"https:\/\/deadoralivesaloon.com\/fr\/wp-json\/wp\/v2\/pages"}],"about":[{"href":"https:\/\/deadoralivesaloon.com\/fr\/wp-json\/wp\/v2\/types\/page"}],"author":[{"embeddable":true,"href":"https:\/\/deadoralivesaloon.com\/fr\/wp-json\/wp\/v2\/users\/1"}],"replies":[{"embeddable":true,"href":"https:\/\/deadoralivesaloon.com\/fr\/wp-json\/wp\/v2\/comments?post=50"}],"version-history":[{"count":0,"href":"https:\/\/deadoralivesaloon.com\/fr\/wp-json\/wp\/v2\/pages\/50\/revisions"}],"wp:attachment":[{"href":"https:\/\/deadoralivesaloon.com\/fr\/wp-json\/wp\/v2\/media?parent=50"}],"curies":[{"name":"wp","href":"https:\/\/api.w.org\/{rel}","templated":true}]}}