{"id":47,"date":"2023-01-09T15:19:57","date_gmt":"2023-01-09T15:19:57","guid":{"rendered":"https:\/\/deadoralivesaloon.com\/?page_id=47"},"modified":"2023-01-09T15:19:57","modified_gmt":"2023-01-09T15:19:57","slug":"privatuma-politika","status":"publish","type":"page","link":"https:\/\/deadoralivesaloon.com\/lv\/privacy-policy\/","title":{"rendered":"DeadorAlive priv\u0101tuma politika: Saloon"},"content":{"rendered":"<div class=\"page\">\n<div class=\"container\">\n<div class=\"content download-wrapper\">\n<div class=\"row\">\n<div class=\"col-md-6 col-md-pull-6 col-sm-6 col-sm-pull-6\">\n<div class=\"main\">\n<div class=\"preview\">\n<p>deadoralivesaloon.com, kas pieejams no <a href=\"https:\/\/deadoralivesaloon.com\/lv\/\" target=\"_blank\" rel=\"noopener\">https:\/\/deadoralivesaloon.com\/<\/a>, viena no m\u016bsu galvenaj\u0101m priorit\u0101t\u0113m ir apmekl\u0113t\u0101ju priv\u0101tums. \u0160aj\u0101 konfidencialit\u0101tes politikas dokument\u0101 ir apkopoti deadoralivesaloon.com apkopot\u0101s un re\u0123istr\u0113t\u0101s inform\u0101cijas veidi un to, k\u0101 m\u0113s to izmantojam.<\/p>\n<p>Ja jums ir papildu jaut\u0101jumi vai nepiecie\u0161ama papildu inform\u0101cija par m\u016bsu konfidencialit\u0101tes politiku, sazinieties ar mums.<\/p>\n<p>\u0160\u012b konfidencialit\u0101tes politika attiecas tikai uz m\u016bsu tie\u0161saistes darb\u012bb\u0101m un ir sp\u0113k\u0101 m\u016bsu t\u012bmek\u013ca vietnes apmekl\u0113t\u0101jiem attiec\u012bb\u0101 uz inform\u0101ciju, ar kuru vi\u0146i dal\u0101s un\/vai kuru apkopo deadoralivesaloon.com. \u0160\u012b politika nav piem\u0113rojama inform\u0101cijai, kas apkopota bezsaist\u0113 vai citos kan\u0101los, kas nav \u0161\u012b t\u012bmek\u013ca vietne.<\/p>\n<h2>Piekri\u0161ana<\/h2>\n<p>Izmantojot m\u016bsu vietni, j\u016bs piekr\u012btat m\u016bsu konfidencialit\u0101tes politikai un piekr\u012btat t\u0101s noteikumiem.<\/p>\n<h2>M\u016bsu apkopot\u0101 inform\u0101cija<\/h2>\n<p>Personas inform\u0101cija, ko jums l\u016bdz sniegt, un iemesli, k\u0101p\u0113c jums to l\u016bdz sniegt, tiks jums izskaidroti br\u012bd\u012b, kad m\u0113s l\u016bgsim jums sniegt savu personisko inform\u0101ciju.<\/p>\n<p>Ja sazin\u0101ties ar mums tie\u0161i, m\u0113s varam sa\u0146emt papildu inform\u0101ciju par jums, piem\u0113ram, j\u016bsu v\u0101rdu un uzv\u0101rdu, e-pasta adresi, t\u0101lru\u0146a numuru, zi\u0146ojuma saturu un\/vai pielikumus, ko varat mums nos\u016bt\u012bt, k\u0101 ar\u012b citu inform\u0101ciju, ko varat izv\u0113l\u0113ties sniegt.<\/p>\n<p>Re\u0123istr\u0113joties kont\u0101, m\u0113s varam piepras\u012bt j\u016bsu kontaktinform\u0101ciju, tostarp, piem\u0113ram, v\u0101rdu, uz\u0146\u0113muma nosaukumu, adresi, e-pasta adresi un t\u0101lru\u0146a numuru.<\/p>\n<h2>K\u0101 m\u0113s izmantojam j\u016bsu inform\u0101ciju<\/h2>\n<p>Sav\u0101kto inform\u0101ciju m\u0113s izmantojam da\u017e\u0101dos veidos, tostarp, lai:<\/p>\n<ul>\n<li>Nodro\u0161in\u0101t, uztur\u0113t un uztur\u0113t m\u016bsu t\u012bmek\u013ca vietni.<\/li>\n<li>Uzlabot, personaliz\u0113t un papla\u0161in\u0101t m\u016bsu t\u012bmek\u013ca vietni.<\/li>\n<li>Izprast un analiz\u0113t, k\u0101 izmantojat m\u016bsu vietni.<\/li>\n<li>Jaunu produktu, pakalpojumu, funkciju un funkcionalit\u0101tes izstr\u0101de.<\/li>\n<li>sazin\u0101ties ar jums tie\u0161i vai ar m\u016bsu partneru starpniec\u012bbu, tostarp klientu apkalpo\u0161anas nol\u016bkos, lai sniegtu jums atjaunin\u0101jumus un citu inform\u0101ciju saist\u012bb\u0101 ar t\u012bmek\u013ca vietni, k\u0101 ar\u012b m\u0101rketinga un rekl\u0101mas nol\u016bkos.<\/li>\n<li>S\u016bt\u012bt jums e-pasta zi\u0146ojumus<\/li>\n<li>Kr\u0101p\u0161anas atkl\u0101\u0161ana un nov\u0113r\u0161ana<\/li>\n<\/ul>\n<h2>\u017durn\u0101la faili<\/h2>\n<p>deadoralivesaloon.com izmanto standarta proced\u016bru, izmantojot \u017eurn\u0101lu failus. \u0160ie faili re\u0123istr\u0113 apmekl\u0113t\u0101jus, kad vi\u0146i apmekl\u0113 t\u012bmek\u013ca vietnes. To dara visi hostinga uz\u0146\u0113mumi, un t\u0101 ir da\u013ca no hostinga pakalpojumu anal\u012btikas. \u017durn\u0101lu datn\u0113s apkopot\u0101 inform\u0101cija ietver interneta protokola (IP) adreses, p\u0101rl\u016bkprogrammas veidu, interneta pakalpojumu sniedz\u0113ju (ISP), datuma un laika z\u012bmogu, atsauces\/izvades lapas un, iesp\u0113jams, klik\u0161\u0137u skaitu. Tie nav saist\u012bti ar inform\u0101ciju, kas \u013cauj identific\u0113t personu. \u0160\u012bs inform\u0101cijas m\u0113r\u0137is ir analiz\u0113t tendences, p\u0101rvald\u012bt vietni, izsekot lietot\u0101ju p\u0101rvieto\u0161anos vietn\u0113 un v\u0101kt demogr\u0101fisko inform\u0101ciju.<\/p>\n<h2>S\u012bkfaili un t\u012bmek\u013ca b\u0101kas<\/h2>\n<p>T\u0101pat k\u0101 jebkura cita t\u012bmek\u013ca vietne, ar\u012b deadoralivesaloon.com izmanto s\u012bkfailus. \u0160\u012bs s\u012bkdatnes tiek izmantotas, lai saglab\u0101tu inform\u0101ciju, tostarp apmekl\u0113t\u0101ju preferences un t\u012bmek\u013ca vietnes lapas, kur\u0101m apmekl\u0113t\u0101js piek\u013c\u016bst vai kuras apmekl\u0113. \u0160\u012b inform\u0101cija tiek izmantota, lai optimiz\u0113tu lietot\u0101ju pieredzi, piel\u0101gojot m\u016bsu t\u012bmek\u013ca lapas saturu, pamatojoties uz apmekl\u0113t\u0101ja p\u0101rl\u016bkprogrammas veidu un\/vai citu inform\u0101ciju.<\/p>\n<h2>Rekl\u0101mas partneri Priv\u0101tuma politika<\/h2>\n<p>\u0160aj\u0101 sarakst\u0101 varat iepaz\u012bties ar katra deadoralivesaloon.com rekl\u0101mas partnera priv\u0101tuma politiku.<\/p>\n<p>Tre\u0161o pu\u0161u rekl\u0101mu serveri vai rekl\u0101mu t\u012bkli izmanto t\u0101das tehnolo\u0123ijas k\u0101 s\u012bkfaili, JavaScript vai t\u012bmek\u013ca b\u0101kas, kas tiek izmantotas attiec\u012bgaj\u0101s rekl\u0101m\u0101s un sait\u0113s, kuras par\u0101d\u0101s deadoralivesaloon.com vietn\u0113 un tiek nos\u016bt\u012btas tie\u0161i uz lietot\u0101ja p\u0101rl\u016bkprogrammu. \u0160\u0101d\u0101 gad\u012bjum\u0101 tie autom\u0101tiski sa\u0146em j\u016bsu IP adresi. \u0160\u012bs tehnolo\u0123ijas tiek izmantotas, lai nov\u0113rt\u0113tu savu rekl\u0101mas kampa\u0146u efektivit\u0101ti un\/vai lai personaliz\u0113tu rekl\u0101mas saturu, ko redzat apmekl\u0113taj\u0101s t\u012bmek\u013ca vietn\u0113s.<\/p>\n<p>\u0145emiet v\u0113r\u0101, ka deadoralivesaloon.com nav piek\u013cuves vai kontroles p\u0101r \u0161\u012bm s\u012bkdatn\u0113m, ko izmanto tre\u0161o pu\u0161u rekl\u0101mdev\u0113ji.<\/p>\n<h2>Tre\u0161o pu\u0161u konfidencialit\u0101tes politika<\/h2>\n<p>deadoralivesaloon.com konfidencialit\u0101tes politika neattiecas uz citiem rekl\u0101mdev\u0113jiem vai vietn\u0113m. T\u0101p\u0113c, lai ieg\u016btu s\u012bk\u0101ku inform\u0101ciju, iesak\u0101m iepaz\u012bties ar \u0161o tre\u0161o pu\u0161u rekl\u0101mu serveru attiec\u012bgaj\u0101m priv\u0101tuma politik\u0101m. T\u0101 var ietvert to praksi un nor\u0101d\u012bjumus par to, k\u0101 atteikties no noteikt\u0101m iesp\u0113j\u0101m.<\/p>\n<p>S\u012bkfailus varat atsp\u0113jot, izmantojot individu\u0101l\u0101s p\u0101rl\u016bkprogrammas opcijas. Lai uzzin\u0101tu s\u012bk\u0101ku inform\u0101ciju par s\u012bkfailu p\u0101rvald\u012bbu ar konkr\u0113t\u0101m t\u012bmek\u013ca p\u0101rl\u016bkprogramm\u0101m, to var atrast attiec\u012bgo p\u0101rl\u016bkprogrammu t\u012bmek\u013ca vietn\u0113s.<\/p>\n<h2>CCPA konfidencialit\u0101tes ties\u012bbas (Nep\u0101rdodiet manu personisko inform\u0101ciju)<\/h2>\n<p>Saska\u0146\u0101 ar CCPA Kalifornijas pat\u0113r\u0113t\u0101jiem, papildus cit\u0101m ties\u012bb\u0101m, ir ties\u012bbas:<\/p>\n<p>piepras\u012bt, lai uz\u0146\u0113mums, kas v\u0101c pat\u0113r\u0113t\u0101ja personas datus, atkl\u0101j, k\u0101das kategorijas un konkr\u0113tus personas datus uz\u0146\u0113mums ir v\u0101cis par pat\u0113r\u0113t\u0101jiem.<\/p>\n<p>piepras\u012bt, lai uz\u0146\u0113mums dz\u0113\u0161 visus personas datus par pat\u0113r\u0113t\u0101ju, ko uz\u0146\u0113mums ir sav\u0101cis.<\/p>\n<p>piepras\u012bt, lai uz\u0146\u0113mums, kas p\u0101rdod pat\u0113r\u0113t\u0101ja personas datus, nep\u0101rdod pat\u0113r\u0113t\u0101ja personas datus.<\/p>\n<p>Ja iesniedzat piepras\u012bjumu, mums ir viens m\u0113nesis laika, lai jums atbild\u0113tu. Ja v\u0113laties izmantot k\u0101du no \u0161\u012bm ties\u012bb\u0101m, l\u016bdzu, sazinieties ar mums.<\/p>\n<h2>VDAR datu aizsardz\u012bbas ties\u012bbas<\/h2>\n<p>M\u0113s v\u0113lamies p\u0101rliecin\u0101ties, ka esat piln\u012bb\u0101 inform\u0113ts par vis\u0101m sav\u0101m datu aizsardz\u012bbas ties\u012bb\u0101m. Katram lietot\u0101jam ir \u0161\u0101das ties\u012bbas:<\/p>\n<p>Piek\u013cuves ties\u012bbas - jums ir ties\u012bbas piepras\u012bt savu personas datu kopijas. Par \u0161o pakalpojumu m\u0113s varam iekas\u0113t nelielu maksu.<\/p>\n<p>Ties\u012bbas uz labo\u0161anu - jums ir ties\u012bbas piepras\u012bt, lai m\u0113s labojam jebk\u0101du inform\u0101ciju, kas, j\u016bsupr\u0101t, ir neprec\u012bza. Jums ir ar\u012b ties\u012bbas piepras\u012bt, lai m\u0113s papildin\u0101m inform\u0101ciju, kas, j\u016bsupr\u0101t, ir nepiln\u012bga.<\/p>\n<p>Ties\u012bbas uz dz\u0113\u0161anu - jums ir ties\u012bbas piepras\u012bt, lai m\u0113s dz\u0113\u0161am j\u016bsu personas datus, ja tiek iev\u0113roti konkr\u0113ti nosac\u012bjumi.<\/p>\n<p>Ties\u012bbas ierobe\u017eot apstr\u0101di - jums ir ties\u012bbas piepras\u012bt, lai m\u0113s ierobe\u017eojam j\u016bsu personas datu apstr\u0101di, ja tiek iev\u0113roti konkr\u0113ti nosac\u012bjumi.<\/p>\n<p>Ties\u012bbas iebilst pret apstr\u0101di - jums ir ties\u012bbas iebilst pret savu personas datu apstr\u0101di, ja tiek iev\u0113roti noteikti nosac\u012bjumi.<\/p>\n<p>Ties\u012bbas uz datu p\u0101rnesam\u012bbu - jums ir ties\u012bbas noteiktos apst\u0101k\u013cos piepras\u012bt, lai m\u0113s p\u0101rs\u016bt\u0101m sav\u0101ktos datus citai organiz\u0101cijai vai tie\u0161i jums.<\/p>\n<p>Ja iesniedzat piepras\u012bjumu, mums ir viens m\u0113nesis laika, lai jums atbild\u0113tu. Ja v\u0113laties izmantot k\u0101du no \u0161\u012bm ties\u012bb\u0101m, l\u016bdzu, sazinieties ar mums.<\/p>\n<h2>B\u0113rnu inform\u0101cija<\/h2>\n<p>V\u0113l viena no m\u016bsu priorit\u0101t\u0113m ir b\u0113rnu aizsardz\u012bba, izmantojot internetu. M\u0113s aicin\u0101m vec\u0101kus un aizbild\u0146us nov\u0113rot, piedal\u012bties un\/vai uzraudz\u012bt un vad\u012bt vi\u0146u darb\u012bbu tie\u0161saist\u0113.<\/p>\n<p>deadoralivesaloon.com apzin\u0101ti nev\u0101c personas identific\u0113jamu inform\u0101ciju no b\u0113rniem, kas jaun\u0101ki par 13 gadiem. Ja jums \u0161\u0137iet, ka j\u016bsu b\u0113rns m\u016bsu vietn\u0113 ir sniedzis \u0161\u0101da veida inform\u0101ciju, m\u0113s aicin\u0101m j\u016bs nekav\u0113joties sazin\u0101ties ar mums, un m\u0113s dar\u012bsim visu iesp\u0113jamo, lai nekav\u0113joties dz\u0113stu \u0161\u0101du inform\u0101ciju no saviem ierakstiem.<\/p>\n<\/div>\n<\/div>\n<\/div>\n<\/div>\n<\/div>\n<\/div>\n<\/div>\n<style>\r\n\r\n        .lwrp.link-whisper-related-posts{\r\n            \r\n            margin-top: 40px;\nmargin-bottom: 30px;\r\n        }\r\n        .lwrp .lwrp-title{\r\n            \r\n            \r\n        }\r\n        .lwrp .lwrp-description{\r\n            \r\n            \r\n\r\n        }\r\n        .lwrp .lwrp-list-container{\r\n        }\r\n        .lwrp .lwrp-list-multi-container{\r\n            display: flex;\r\n        }\r\n        .lwrp .lwrp-list-double{\r\n            width: 48%;\r\n        }\r\n        .lwrp .lwrp-list-triple{\r\n            width: 32%;\r\n        }\r\n        .lwrp .lwrp-list-row-container{\r\n            display: flex;\r\n            justify-content: space-between;\r\n        }\r\n        .lwrp .lwrp-list-row-container .lwrp-list-item{\r\n            width: calc(25% - 20px);\r\n        }\r\n        .lwrp .lwrp-list-item:not(.lwrp-no-posts-message-item){\r\n            \r\n            max-width: 250px;\r\n        }\r\n        .lwrp .lwrp-list-item img{\r\n            max-width: 100%;\r\n            height: auto;\r\n        }\r\n        .lwrp .lwrp-list-item.lwrp-empty-list-item{\r\n            background: initial !important;\r\n        }\r\n        .lwrp .lwrp-list-item .lwrp-list-link .lwrp-list-link-title-text,\r\n        .lwrp .lwrp-list-item .lwrp-list-no-posts-message{\r\n            \r\n                \r\n        }\r\n        @media screen and (max-width: 480px) {\r\n            .lwrp.link-whisper-related-posts{\r\n                \r\n                \r\n            }\r\n            .lwrp .lwrp-title{\r\n                \r\n                \r\n            }\r\n            .lwrp .lwrp-description{\r\n                \r\n                \r\n            }\r\n            .lwrp .lwrp-list-multi-container{\r\n                flex-direction: column;\r\n            }\r\n            .lwrp .lwrp-list-multi-container ul.lwrp-list{\r\n                margin-top: 0px;\r\n                margin-bottom: 0px;\r\n                padding-top: 0px;\r\n                padding-bottom: 0px;\r\n            }\r\n            .lwrp .lwrp-list-double,\r\n            .lwrp .lwrp-list-triple{\r\n                width: 100%;\r\n            }\r\n            .lwrp .lwrp-list-row-container{\r\n                justify-content: initial;\r\n                flex-direction: column;\r\n            }\r\n            .lwrp .lwrp-list-row-container .lwrp-list-item{\r\n                width: 100%;\r\n            }\r\n            .lwrp .lwrp-list-item:not(.lwrp-no-posts-message-item){\r\n                \r\n                max-width: initial;\r\n            }\r\n            .lwrp .lwrp-list-item .lwrp-list-link .lwrp-list-link-title-text,\r\n            .lwrp .lwrp-list-item .lwrp-list-no-posts-message{\r\n                \r\n                    \r\n            }\r\n        }<\/style>\r\n<div id=\"link-whisper-related-posts-widget\" class=\"link-whisper-related-posts lwrp\">\r\n            <h3 class=\"lwrp-title\">Saist\u012bt\u0101s zi\u0146as<\/h3>    \r\n        <div class=\"lwrp-list-container\">\r\n                                            <div class=\"lwrp-list-multi-container\">\r\n                    <ul class=\"lwrp-list lwrp-list-double lwrp-list-left\">\r\n                        <li class=\"lwrp-list-item\"><a href=\"https:\/\/deadoralivesaloon.com\/lv\/super-andar-bahar\/\" class=\"lwrp-list-link\"><span class=\"lwrp-list-link-title-text\">Izbaudiet Super Andar Bahar: jaun\u0101ko sp\u0113li no Evolution Gaming!<\/span><\/a><\/li><li class=\"lwrp-list-item\"><a href=\"https:\/\/deadoralivesaloon.com\/lv\/top-kazino-galda-karsu-speles-spelet-tiessaiste\/\" class=\"lwrp-list-link\"><span class=\"lwrp-list-link-title-text\">Top kazino galda k\u0101r\u0161u sp\u0113les, kuras sp\u0113l\u0113t tie\u0161saist\u0113 2024. gad\u0101<\/span><\/a><\/li>                    <\/ul>\r\n                    <ul class=\"lwrp-list lwrp-list-double lwrp-list-right\">\r\n                        <li class=\"lwrp-list-item\"><a href=\"https:\/\/deadoralivesaloon.com\/lv\/atsauksmes\/\" class=\"lwrp-list-link\"><span class=\"lwrp-list-link-title-text\">Dead or Alive Saloon: jaun\u0101k\u0101 tie\u0161saistes kazino k\u0101r\u0161u sp\u0113le, kas p\u0101rsteidz pasauli<\/span><\/a><\/li>                    <\/ul>\r\n                <\/div>\r\n                        <\/div>\r\n<\/div>","protected":false},"excerpt":{"rendered":"<p>deadoralivesaloon.com, kas pieejams no https:\/\/deadoralivesaloon.com\/, viena no m\u016bsu galvenaj\u0101m priorit\u0101t\u0113m ir apmekl\u0113t\u0101ju priv\u0101tums. \u0160aj\u0101 konfidencialit\u0101tes politikas dokument\u0101 ir apkopoti deadoralivesaloon.com apkopot\u0101s un re\u0123istr\u0113t\u0101s inform\u0101cijas veidi un to, k\u0101 m\u0113s to izmantojam. Ja jums ir papildu jaut\u0101jumi vai nepiecie\u0161ama papildu inform\u0101cija par m\u016bsu konfidencialit\u0101tes politiku, sazinieties ar mums. ... <a title=\"DeadorAlive priv\u0101tuma politika: Saloon\" class=\"read-more\" href=\"https:\/\/deadoralivesaloon.com\/lv\/privacy-policy\/\" aria-label=\"Uzziniet vair\u0101k par DeadorAlive konfidencialit\u0101tes politiku: Saloon\">Las\u012bt vair\u0101k<\/a><\/p>","protected":false},"author":1,"featured_media":0,"parent":0,"menu_order":0,"comment_status":"closed","ping_status":"closed","template":"","meta":{"footnotes":""},"class_list":["post-47","page","type-page","status-publish"],"_links":{"self":[{"href":"https:\/\/deadoralivesaloon.com\/lv\/wp-json\/wp\/v2\/pages\/47","targetHints":{"allow":["GET"]}}],"collection":[{"href":"https:\/\/deadoralivesaloon.com\/lv\/wp-json\/wp\/v2\/pages"}],"about":[{"href":"https:\/\/deadoralivesaloon.com\/lv\/wp-json\/wp\/v2\/types\/page"}],"author":[{"embeddable":true,"href":"https:\/\/deadoralivesaloon.com\/lv\/wp-json\/wp\/v2\/users\/1"}],"replies":[{"embeddable":true,"href":"https:\/\/deadoralivesaloon.com\/lv\/wp-json\/wp\/v2\/comments?post=47"}],"version-history":[{"count":0,"href":"https:\/\/deadoralivesaloon.com\/lv\/wp-json\/wp\/v2\/pages\/47\/revisions"}],"wp:attachment":[{"href":"https:\/\/deadoralivesaloon.com\/lv\/wp-json\/wp\/v2\/media?parent=47"}],"curies":[{"name":"wp","href":"https:\/\/api.w.org\/{rel}","templated":true}]}}