{"id":50,"date":"2023-01-09T15:23:14","date_gmt":"2023-01-09T15:23:14","guid":{"rendered":"https:\/\/deadoralivesaloon.com\/?page_id=50"},"modified":"2023-01-09T15:23:14","modified_gmt":"2023-01-09T15:23:14","slug":"atbildibas-atruna","status":"publish","type":"page","link":"https:\/\/deadoralivesaloon.com\/lv\/disclaimer\/","title":{"rendered":"Atruna par DeadorAliveSaloon"},"content":{"rendered":"<div class=\"page\">\n<div class=\"container\">\n<div class=\"content download-wrapper\">\n<div class=\"row\">\n<div class=\"col-md-6 col-md-pull-6 col-sm-6 col-sm-pull-6\">\n<div class=\"main\">\n<div class=\"preview\">\n<p>Ja jums nepiecie\u0161ama papildu inform\u0101cija vai rodas jaut\u0101jumi par m\u016bsu vietnes atrunu, l\u016bdzu, sazinieties ar mums pa e-pastu doasaloon@casino.com.<\/p>\n<h2>Atruna attiec\u012bb\u0101 uz deadoralivesaloon.com<\/h2>\n<p>Visa inform\u0101cija \u0161aj\u0101 t\u012bmek\u013ca vietn\u0113 - https:\/\/deadoralivesaloon.com\/ - ir public\u0113ta labtic\u012bgi un tikai visp\u0101r\u0113jas inform\u0101cijas nol\u016bk\u0101. Deadoralivesaloon.com nesniedz nek\u0101das garantijas par \u0161\u012bs inform\u0101cijas piln\u012bgumu, uzticam\u012bbu un precizit\u0101ti. Jebkura darb\u012bba, ko j\u016bs veicat, pamatojoties uz \u0161aj\u0101 t\u012bmek\u013ca vietn\u0113 atrodamo inform\u0101ciju (<a href=\"https:\/\/deadoralivesaloon.com\/lv\/\" target=\"_blank\" rel=\"noopener\">deadoralivesaloon.com<\/a>), tas ir tikai uz j\u016bsu pa\u0161u risku. deadoralivesaloon.com nav atbild\u012bgs par jebk\u0101diem zaud\u0113jumiem un\/vai kait\u0113jumu, kas saist\u012bts ar m\u016bsu t\u012bmek\u013ca vietnes izmanto\u0161anu.<\/p>\n<p>No m\u016bsu vietnes varat apmekl\u0113t citas vietnes, izmantojot hipersaites uz \u0161\u0101d\u0101m \u0101r\u0113j\u0101m vietn\u0113m. Lai gan m\u0113s cen\u0161amies nodro\u0161in\u0101t tikai kvalitat\u012bvas saites uz noder\u012bg\u0101m un \u0113tisk\u0101m t\u012bmek\u013ca vietn\u0113m, mums nav kontroles p\u0101r \u0161o viet\u0146u saturu un b\u016bt\u012bbu. \u0160\u012bs saites uz cit\u0101m t\u012bmek\u013ca vietn\u0113m nenoz\u012bm\u0113, ka tiek rekomend\u0113ts viss \u0161aj\u0101s vietn\u0113s atrodamais saturs. Viet\u0146u \u012bpa\u0161nieki un saturs var main\u012bties bez iepriek\u0161\u0113ja br\u012bdin\u0101juma, un tas var notikt, pirms mums ir iesp\u0113ja dz\u0113st saiti, kas, iesp\u0113jams, ir k\u013cuvusi \"slikta\".<\/p>\n<p>L\u016bdzu, \u0146emiet v\u0113r\u0101 ar\u012b to, ka, atst\u0101jot m\u016bsu vietni, cit\u0101s vietn\u0113s var b\u016bt at\u0161\u0137ir\u012bgas <a href=\"https:\/\/deadoralivesaloon.com\/lv\/privatuma-politika\/\" title=\"DeadorAlive priv\u0101tuma politika: Saloon\" target=\"_blank\" rel=\"noopener\" data-wpil-monitor-id=\"8\">priv\u0101tuma politika<\/a> un noteikumiem, kas ir \u0101rpus m\u016bsu kontroles. Pirms iesaist\u012b\u0161an\u0101s uz\u0146\u0113m\u0113jdarb\u012bb\u0101 vai inform\u0101cijas aug\u0161upiel\u0101des noteikti p\u0101rbaudiet \u0161o viet\u0146u konfidencialit\u0101tes politiku, k\u0101 ar\u012b to \"Pakalpojumu snieg\u0161anas noteikumus\".<\/p>\n<h2>Piekri\u0161ana<\/h2>\n<p>Izmantojot m\u016bsu vietni, j\u016bs piekr\u012btat m\u016bsu atrunai un piekr\u012btat t\u0101s noteikumiem.<\/p>\n<h2>Atjaunin\u0101t<\/h2>\n<p>Ja m\u0113s atjaunin\u0101sim, groz\u012bsim vai veiksim jebk\u0101das izmai\u0146as \u0161aj\u0101 dokument\u0101, \u0161\u012bs izmai\u0146as tiks public\u0113tas \u0161eit.<\/p>\n<\/div>\n<\/div>\n<\/div>\n<\/div>\n<\/div>\n<\/div>\n<\/div>\n<style>\r\n\r\n        .lwrp.link-whisper-related-posts{\r\n            \r\n            margin-top: 40px;\nmargin-bottom: 30px;\r\n        }\r\n        .lwrp .lwrp-title{\r\n            \r\n            \r\n        }\r\n        .lwrp .lwrp-description{\r\n            \r\n            \r\n\r\n        }\r\n        .lwrp .lwrp-list-container{\r\n        }\r\n        .lwrp .lwrp-list-multi-container{\r\n            display: flex;\r\n        }\r\n        .lwrp .lwrp-list-double{\r\n            width: 48%;\r\n        }\r\n        .lwrp .lwrp-list-triple{\r\n            width: 32%;\r\n        }\r\n        .lwrp .lwrp-list-row-container{\r\n            display: flex;\r\n            justify-content: space-between;\r\n        }\r\n        .lwrp .lwrp-list-row-container .lwrp-list-item{\r\n            width: calc(25% - 20px);\r\n        }\r\n        .lwrp .lwrp-list-item:not(.lwrp-no-posts-message-item){\r\n            \r\n            max-width: 250px;\r\n        }\r\n        .lwrp .lwrp-list-item img{\r\n            max-width: 100%;\r\n            height: auto;\r\n        }\r\n        .lwrp .lwrp-list-item.lwrp-empty-list-item{\r\n            background: initial !important;\r\n        }\r\n        .lwrp .lwrp-list-item .lwrp-list-link .lwrp-list-link-title-text,\r\n        .lwrp .lwrp-list-item .lwrp-list-no-posts-message{\r\n            \r\n                \r\n        }\r\n        @media screen and (max-width: 480px) {\r\n            .lwrp.link-whisper-related-posts{\r\n                \r\n                \r\n            }\r\n            .lwrp .lwrp-title{\r\n                \r\n                \r\n            }\r\n            .lwrp .lwrp-description{\r\n                \r\n                \r\n            }\r\n            .lwrp .lwrp-list-multi-container{\r\n                flex-direction: column;\r\n            }\r\n            .lwrp .lwrp-list-multi-container ul.lwrp-list{\r\n                margin-top: 0px;\r\n                margin-bottom: 0px;\r\n                padding-top: 0px;\r\n                padding-bottom: 0px;\r\n            }\r\n            .lwrp .lwrp-list-double,\r\n            .lwrp .lwrp-list-triple{\r\n                width: 100%;\r\n            }\r\n            .lwrp .lwrp-list-row-container{\r\n                justify-content: initial;\r\n                flex-direction: column;\r\n            }\r\n            .lwrp .lwrp-list-row-container .lwrp-list-item{\r\n                width: 100%;\r\n            }\r\n            .lwrp .lwrp-list-item:not(.lwrp-no-posts-message-item){\r\n                \r\n                max-width: initial;\r\n            }\r\n            .lwrp .lwrp-list-item .lwrp-list-link .lwrp-list-link-title-text,\r\n            .lwrp .lwrp-list-item .lwrp-list-no-posts-message{\r\n                \r\n                    \r\n            }\r\n        }<\/style>\r\n<div id=\"link-whisper-related-posts-widget\" class=\"link-whisper-related-posts lwrp\">\r\n            <h3 class=\"lwrp-title\">Saist\u012bt\u0101s zi\u0146as<\/h3>    \r\n        <div class=\"lwrp-list-container\">\r\n                                            <div class=\"lwrp-list-multi-container\">\r\n                    <ul class=\"lwrp-list lwrp-list-double lwrp-list-left\">\r\n                        <li class=\"lwrp-list-item\"><a href=\"https:\/\/deadoralivesaloon.com\/lv\/super-andar-bahar\/\" class=\"lwrp-list-link\"><span class=\"lwrp-list-link-title-text\">Izbaudiet Super Andar Bahar: jaun\u0101ko sp\u0113li no Evolution Gaming!<\/span><\/a><\/li><li class=\"lwrp-list-item\"><a href=\"https:\/\/deadoralivesaloon.com\/lv\/atsauksmes\/\" class=\"lwrp-list-link\"><span class=\"lwrp-list-link-title-text\">Dead or Alive Saloon: jaun\u0101k\u0101 tie\u0161saistes kazino k\u0101r\u0161u sp\u0113le, kas p\u0101rsteidz pasauli<\/span><\/a><\/li>                    <\/ul>\r\n                    <ul class=\"lwrp-list lwrp-list-double lwrp-list-right\">\r\n                        <li class=\"lwrp-list-item\"><a href=\"https:\/\/deadoralivesaloon.com\/lv\/top-kazino-galda-karsu-speles-spelesanai-online\/\" class=\"lwrp-list-link\"><span class=\"lwrp-list-link-title-text\">Top kazino galda k\u0101r\u0161u sp\u0113les, kuras sp\u0113l\u0113t tie\u0161saist\u0113 2024. gad\u0101<\/span><\/a><\/li>                    <\/ul>\r\n                <\/div>\r\n                        <\/div>\r\n<\/div>","protected":false},"excerpt":{"rendered":"<p>Ja jums nepiecie\u0161ama papildu inform\u0101cija vai rodas jaut\u0101jumi par m\u016bsu vietnes atrunu, l\u016bdzu, sazinieties ar mums pa e-pastu doasaloon@casino.com. deadoralivesaloon.com atruna Visa inform\u0101cija \u0161aj\u0101 vietn\u0113 https:\/\/deadoralivesaloon.com\/ ir public\u0113ta labtic\u012bgi un tikai visp\u0101r\u0113jas inform\u0101cijas nol\u016bk\u0101. Deadoralivesaloon.com nesniedz nek\u0101das garantijas par ... <a title=\"Atruna par DeadorAliveSaloon\" class=\"read-more\" href=\"https:\/\/deadoralivesaloon.com\/lv\/disclaimer\/\" aria-label=\"Las\u012bt vair\u0101k par Atruna attiec\u012bb\u0101 uz DeadorAliveSaloon\">Las\u012bt vair\u0101k<\/a><\/p>","protected":false},"author":1,"featured_media":0,"parent":0,"menu_order":0,"comment_status":"closed","ping_status":"closed","template":"","meta":{"footnotes":""},"class_list":["post-50","page","type-page","status-publish"],"_links":{"self":[{"href":"https:\/\/deadoralivesaloon.com\/lv\/wp-json\/wp\/v2\/pages\/50","targetHints":{"allow":["GET"]}}],"collection":[{"href":"https:\/\/deadoralivesaloon.com\/lv\/wp-json\/wp\/v2\/pages"}],"about":[{"href":"https:\/\/deadoralivesaloon.com\/lv\/wp-json\/wp\/v2\/types\/page"}],"author":[{"embeddable":true,"href":"https:\/\/deadoralivesaloon.com\/lv\/wp-json\/wp\/v2\/users\/1"}],"replies":[{"embeddable":true,"href":"https:\/\/deadoralivesaloon.com\/lv\/wp-json\/wp\/v2\/comments?post=50"}],"version-history":[{"count":0,"href":"https:\/\/deadoralivesaloon.com\/lv\/wp-json\/wp\/v2\/pages\/50\/revisions"}],"wp:attachment":[{"href":"https:\/\/deadoralivesaloon.com\/lv\/wp-json\/wp\/v2\/media?parent=50"}],"curies":[{"name":"wp","href":"https:\/\/api.w.org\/{rel}","templated":true}]}}