{"id":47,"date":"2023-01-09T15:19:57","date_gmt":"2023-01-09T15:19:57","guid":{"rendered":"https:\/\/deadoralivesaloon.com\/?page_id=47"},"modified":"2023-01-09T15:19:57","modified_gmt":"2023-01-09T15:19:57","slug":"polityka-prywatnosci","status":"publish","type":"page","link":"https:\/\/deadoralivesaloon.com\/pl\/privacy-policy\/","title":{"rendered":"Polityka prywatno\u015bci dla DeadorAlive: Saloon"},"content":{"rendered":"<div class=\"page\">\n<div class=\"container\">\n<div class=\"content download-wrapper\">\n<div class=\"row\">\n<div class=\"col-md-6 col-md-pull-6 col-sm-6 col-sm-pull-6\">\n<div class=\"main\">\n<div class=\"preview\">\n<p>W deadoralivesaloon.com, dost\u0119pnym od <a href=\"https:\/\/deadoralivesaloon.com\/pl\/\" target=\"_blank\" rel=\"noopener\">https:\/\/deadoralivesaloon.com\/<\/a>Jednym z naszych g\u0142\u00f3wnych priorytet\u00f3w jest prywatno\u015b\u0107 naszych go\u015bci. Niniejszy dokument dotycz\u0105cy polityki prywatno\u015bci zawiera rodzaje informacji, kt\u00f3re s\u0105 gromadzone i zapisywane przez deadoralivesaloon.com oraz spos\u00f3b ich wykorzystania.<\/p>\n<p>Je\u015bli masz dodatkowe pytania lub potrzebujesz wi\u0119cej informacji na temat naszej Polityki Prywatno\u015bci, nie wahaj si\u0119 z nami skontaktowa\u0107.<\/p>\n<p>Niniejsza polityka prywatno\u015bci dotyczy wy\u0142\u0105cznie naszej dzia\u0142alno\u015bci online i jest wa\u017cna dla odwiedzaj\u0105cych nasz\u0105 stron\u0119 internetow\u0105 w odniesieniu do informacji, kt\u00f3re udost\u0119pnili i\/lub zgromadzili w deadoralivesaloon.com. Niniejsza polityka nie ma zastosowania do \u017cadnych informacji zebranych offline lub za po\u015brednictwem kana\u0142\u00f3w innych ni\u017c ta strona internetowa.<\/p>\n<h2>Zgoda<\/h2>\n<p>Korzystaj\u0105c z naszej strony internetowej, niniejszym wyra\u017casz zgod\u0119 na nasz\u0105 Polityk\u0119 Prywatno\u015bci i akceptujesz jej warunki.<\/p>\n<h2>Informacje, kt\u00f3re zbieramy<\/h2>\n<p>Dane osobowe, o kt\u00f3re u\u017cytkownik jest proszony, oraz powody, dla kt\u00f3rych jest proszony o ich podanie, zostan\u0105 wyja\u015bnione w momencie, gdy poprosimy go o podanie danych osobowych.<\/p>\n<p>Je\u015bli skontaktujesz si\u0119 z nami bezpo\u015brednio, mo\u017cemy otrzyma\u0107 dodatkowe informacje o Tobie, takie jak imi\u0119 i nazwisko, adres e-mail, numer telefonu, tre\u015b\u0107 wiadomo\u015bci i\/lub za\u0142\u0105cznik\u00f3w, kt\u00f3re mo\u017cesz nam wys\u0142a\u0107, oraz wszelkie inne informacje, kt\u00f3re zdecydujesz si\u0119 poda\u0107.<\/p>\n<p>Podczas rejestracji Konta mo\u017cemy poprosi\u0107 o podanie danych kontaktowych, takich jak imi\u0119 i nazwisko, nazwa firmy, adres, adres e-mail i numer telefonu.<\/p>\n<h2>Jak wykorzystujemy informacje o u\u017cytkowniku<\/h2>\n<p>Gromadzone przez nas informacje wykorzystujemy na r\u00f3\u017cne sposoby, w tym do:<\/p>\n<ul>\n<li>Zapewnienie, obs\u0142uga i utrzymanie naszej strony internetowej<\/li>\n<li>Ulepsza\u0107, personalizowa\u0107 i rozszerza\u0107 nasz\u0105 stron\u0119 internetow\u0105<\/li>\n<li>Zrozumienie i analiza sposobu korzystania z naszej strony internetowej<\/li>\n<li>Opracowanie nowych produkt\u00f3w, us\u0142ug, cech i funkcjonalno\u015bci<\/li>\n<li>Komunikowanie si\u0119 z Tob\u0105, bezpo\u015brednio lub za po\u015brednictwem jednego z naszych partner\u00f3w, w tym w celu obs\u0142ugi klienta, dostarczania Ci aktualizacji i innych informacji zwi\u0105zanych ze stron\u0105 internetow\u0105 oraz w celach marketingowych i promocyjnych<\/li>\n<li>Wysy\u0142aj e-maile<\/li>\n<li>Wykrywanie i zapobieganie oszustwom<\/li>\n<\/ul>\n<h2>Pliki dziennika<\/h2>\n<p>deadoralivesaloon.com stosuje standardow\u0105 procedur\u0119 korzystania z plik\u00f3w dziennika. Pliki te rejestruj\u0105 odwiedzaj\u0105cych podczas ich wizyt na stronach internetowych. Wszystkie firmy hostingowe to robi\u0105 i jest to cz\u0119\u015b\u0107 analityki us\u0142ug hostingowych. Informacje zbierane przez pliki dziennika obejmuj\u0105 adresy IP, typ przegl\u0105darki, dostawc\u0119 us\u0142ug internetowych (ISP), dat\u0119 i godzin\u0119, strony odsy\u0142aj\u0105ce\/wychodz\u0105ce oraz ewentualnie liczb\u0119 klikni\u0119\u0107. Nie s\u0105 one powi\u0105zane z \u017cadnymi informacjami, kt\u00f3re mo\u017cna zidentyfikowa\u0107 osobi\u015bcie. Celem tych informacji jest analiza trend\u00f3w, administrowanie stron\u0105, \u015bledzenie ruchu u\u017cytkownik\u00f3w na stronie oraz zbieranie informacji demograficznych.<\/p>\n<h2>Pliki cookie i sygna\u0142y nawigacyjne<\/h2>\n<p>Jak ka\u017cda inna strona internetowa, deadoralivesaloon.com wykorzystuje \"ciasteczka\". Te pliki cookie s\u0105 u\u017cywane do przechowywania informacji, w tym preferencji odwiedzaj\u0105cych i stron na stronie internetowej, do kt\u00f3rych odwiedzaj\u0105cy uzyska\u0142 dost\u0119p lub kt\u00f3re odwiedzi\u0142. Informacje te s\u0105 wykorzystywane do optymalizacji do\u015bwiadcze\u0144 u\u017cytkownik\u00f3w poprzez dostosowanie zawarto\u015bci strony internetowej do typu przegl\u0105darki odwiedzaj\u0105cego i\/lub innych informacji.<\/p>\n<h2>Partnerzy reklamowi Polityka prywatno\u015bci<\/h2>\n<p>Mo\u017cesz zapozna\u0107 si\u0119 z t\u0105 list\u0105, aby znale\u017a\u0107 polityk\u0119 prywatno\u015bci ka\u017cdego z partner\u00f3w reklamowych deadoralivesaloon.com.<\/p>\n<p>Serwery reklamowe stron trzecich lub sieci reklamowe wykorzystuj\u0105 technologie takie jak pliki cookie, JavaScript lub Web Beacons, kt\u00f3re s\u0105 wykorzystywane w ich odpowiednich reklamach i linkach, kt\u00f3re pojawiaj\u0105 si\u0119 na stronie deadoralivesaloon.com, kt\u00f3re s\u0105 wysy\u0142ane bezpo\u015brednio do przegl\u0105darki u\u017cytkownika. Gdy to nast\u0105pi, automatycznie otrzymuj\u0105 adres IP u\u017cytkownika. Technologie te s\u0105 wykorzystywane do pomiaru skuteczno\u015bci ich kampanii reklamowych i\/lub do personalizacji tre\u015bci reklamowych, kt\u00f3re widzisz na odwiedzanych stronach internetowych.<\/p>\n<p>Nale\u017cy pami\u0119ta\u0107, \u017ce deadoralivesaloon.com nie ma dost\u0119pu ani kontroli nad tymi plikami cookie, kt\u00f3re s\u0105 wykorzystywane przez reklamodawc\u00f3w zewn\u0119trznych.<\/p>\n<h2>Polityki prywatno\u015bci stron trzecich<\/h2>\n<p>Polityka prywatno\u015bci deadoralivesaloon.com nie ma zastosowania do innych reklamodawc\u00f3w lub stron internetowych. W zwi\u0105zku z tym, radzimy zapozna\u0107 si\u0119 z odpowiednimi politykami prywatno\u015bci tych serwer\u00f3w reklamowych stron trzecich w celu uzyskania bardziej szczeg\u00f3\u0142owych informacji. Mo\u017ce to obejmowa\u0107 ich praktyki i instrukcje dotycz\u0105ce sposobu rezygnacji z niekt\u00f3rych opcji.<\/p>\n<p>U\u017cytkownik mo\u017ce wybra\u0107 opcj\u0119 wy\u0142\u0105czenia plik\u00f3w cookie poprzez indywidualne opcje przegl\u0105darki. Bardziej szczeg\u00f3\u0142owe informacje na temat zarz\u0105dzania plikami cookie w poszczeg\u00f3lnych przegl\u0105darkach internetowych mo\u017cna znale\u017a\u0107 na stronach internetowych tych przegl\u0105darek.<\/p>\n<h2>Prawa prywatno\u015bci CCPA (Nie sprzedawaj moich danych osobowych)<\/h2>\n<p>Zgodnie z CCPA, opr\u00f3cz innych praw, kalifornijscy konsumenci maj\u0105 prawo do:<\/p>\n<p>\u017b\u0105danie od przedsi\u0119biorcy, kt\u00f3ry gromadzi dane osobowe konsumenta, ujawnienia kategorii i konkretnych element\u00f3w danych osobowych, kt\u00f3re przedsi\u0119biorca zgromadzi\u0142 na temat konsument\u00f3w.<\/p>\n<p>Za\u017c\u0105da\u0107 od przedsi\u0119biorcy usuni\u0119cia wszelkich danych osobowych o konsumencie, kt\u00f3re przedsi\u0119biorca zgromadzi\u0142.<\/p>\n<p>\u017b\u0105danie, aby przedsi\u0119biorca, kt\u00f3ry sprzedaje dane osobowe konsumenta, nie sprzedawa\u0142 danych osobowych konsumenta.<\/p>\n<p>Je\u015bli z\u0142o\u017cysz wniosek, mamy miesi\u0105c na udzielenie Ci odpowiedzi. Je\u015bli chcesz skorzysta\u0107 z kt\u00f3rego\u015b z tych praw, skontaktuj si\u0119 z nami.<\/p>\n<h2>Prawa do ochrony danych GDPR<\/h2>\n<p>Chcieliby\u015bmy si\u0119 upewni\u0107, \u017ce jeste\u015b w pe\u0142ni \u015bwiadomy wszystkich swoich praw zwi\u0105zanych z ochron\u0105 danych. Ka\u017cdy u\u017cytkownik ma prawo do:<\/p>\n<p>Prawo dost\u0119pu - Masz prawo za\u017c\u0105da\u0107 kopii swoich danych osobowych. Za t\u0119 us\u0142ug\u0119 mo\u017cemy pobra\u0107 niewielk\u0105 op\u0142at\u0119.<\/p>\n<p>Prawo do sprostowania - Masz prawo za\u017c\u0105da\u0107, aby\u015bmy poprawili wszelkie informacje, kt\u00f3re uwa\u017casz za niedok\u0142adne. Masz r\u00f3wnie\u017c prawo do za\u017c\u0105dania od nas uzupe\u0142nienia informacji, kt\u00f3re uwa\u017casz za niekompletne.<\/p>\n<p>Prawo do usuni\u0119cia danych - masz prawo za\u017c\u0105da\u0107 od nas usuni\u0119cia Twoich danych osobowych, pod pewnymi warunkami.<\/p>\n<p>Prawo do ograniczenia przetwarzania - Masz prawo za\u017c\u0105da\u0107, aby\u015bmy ograniczyli przetwarzanie Twoich danych osobowych, pod pewnymi warunkami.<\/p>\n<p>Prawo do sprzeciwu wobec przetwarzania - Masz prawo do wniesienia sprzeciwu wobec przetwarzania przez nas Twoich danych osobowych, pod pewnymi warunkami.<\/p>\n<p>Prawo do przenoszenia danych - Masz prawo \u017c\u0105da\u0107, aby\u015bmy pod pewnymi warunkami przekazali zebrane przez nas dane innej organizacji lub bezpo\u015brednio Tobie.<\/p>\n<p>Je\u015bli z\u0142o\u017cysz wniosek, mamy miesi\u0105c na udzielenie Ci odpowiedzi. Je\u015bli chcesz skorzysta\u0107 z kt\u00f3rego\u015b z tych praw, skontaktuj si\u0119 z nami.<\/p>\n<h2>Informacje dla dzieci<\/h2>\n<p>Kolejn\u0105 cz\u0119\u015bci\u0105 naszego priorytetu jest dodanie ochrony dla dzieci podczas korzystania z Internetu. Zach\u0119camy rodzic\u00f3w i opiekun\u00f3w do obserwowania, uczestniczenia i\/lub monitorowania i kierowania ich aktywno\u015bci\u0105 online.<\/p>\n<p>deadoralivesaloon.com nie zbiera \u015bwiadomie \u017cadnych danych osobowych od dzieci poni\u017cej 13 roku \u017cycia. Je\u015bli uwa\u017casz, \u017ce Twoje dziecko poda\u0142o tego rodzaju informacje na naszej stronie internetowej, zach\u0119camy do natychmiastowego kontaktu z nami, a my do\u0142o\u017cymy wszelkich stara\u0144, aby niezw\u0142ocznie usun\u0105\u0107 takie informacje z naszych rejestr\u00f3w.<\/p>\n<\/div>\n<\/div>\n<\/div>\n<\/div>\n<\/div>\n<\/div>\n<\/div>\n<style>\r\n\r\n        .lwrp.link-whisper-related-posts{\r\n            \r\n            margin-top: 40px;\nmargin-bottom: 30px;\r\n        }\r\n        .lwrp .lwrp-title{\r\n            \r\n            \r\n        }\r\n        .lwrp .lwrp-description{\r\n            \r\n            \r\n\r\n        }\r\n        .lwrp .lwrp-list-container{\r\n        }\r\n        .lwrp .lwrp-list-multi-container{\r\n            display: flex;\r\n        }\r\n        .lwrp .lwrp-list-double{\r\n            width: 48%;\r\n        }\r\n        .lwrp .lwrp-list-triple{\r\n            width: 32%;\r\n        }\r\n        .lwrp .lwrp-list-row-container{\r\n            display: flex;\r\n            justify-content: space-between;\r\n        }\r\n        .lwrp .lwrp-list-row-container .lwrp-list-item{\r\n            width: calc(25% - 20px);\r\n        }\r\n        .lwrp .lwrp-list-item:not(.lwrp-no-posts-message-item){\r\n            \r\n            max-width: 250px;\r\n        }\r\n        .lwrp .lwrp-list-item img{\r\n            max-width: 100%;\r\n            height: auto;\r\n        }\r\n        .lwrp .lwrp-list-item.lwrp-empty-list-item{\r\n            background: initial !important;\r\n        }\r\n        .lwrp .lwrp-list-item .lwrp-list-link .lwrp-list-link-title-text,\r\n        .lwrp .lwrp-list-item .lwrp-list-no-posts-message{\r\n            \r\n                \r\n        }\r\n        @media screen and (max-width: 480px) {\r\n            .lwrp.link-whisper-related-posts{\r\n                \r\n                \r\n            }\r\n            .lwrp .lwrp-title{\r\n                \r\n                \r\n            }\r\n            .lwrp .lwrp-description{\r\n                \r\n                \r\n            }\r\n            .lwrp .lwrp-list-multi-container{\r\n                flex-direction: column;\r\n            }\r\n            .lwrp .lwrp-list-multi-container ul.lwrp-list{\r\n                margin-top: 0px;\r\n                margin-bottom: 0px;\r\n                padding-top: 0px;\r\n                padding-bottom: 0px;\r\n            }\r\n            .lwrp .lwrp-list-double,\r\n            .lwrp .lwrp-list-triple{\r\n                width: 100%;\r\n            }\r\n            .lwrp .lwrp-list-row-container{\r\n                justify-content: initial;\r\n                flex-direction: column;\r\n            }\r\n            .lwrp .lwrp-list-row-container .lwrp-list-item{\r\n                width: 100%;\r\n            }\r\n            .lwrp .lwrp-list-item:not(.lwrp-no-posts-message-item){\r\n                \r\n                max-width: initial;\r\n            }\r\n            .lwrp .lwrp-list-item .lwrp-list-link .lwrp-list-link-title-text,\r\n            .lwrp .lwrp-list-item .lwrp-list-no-posts-message{\r\n                \r\n                    \r\n            }\r\n        }<\/style>\r\n<div id=\"link-whisper-related-posts-widget\" class=\"link-whisper-related-posts lwrp\">\r\n            <h3 class=\"lwrp-title\">Powi\u0105zane posty<\/h3>    \r\n        <div class=\"lwrp-list-container\">\r\n                                            <div class=\"lwrp-list-multi-container\">\r\n                    <ul class=\"lwrp-list lwrp-list-double lwrp-list-left\">\r\n                        <li class=\"lwrp-list-item\"><a href=\"https:\/\/deadoralivesaloon.com\/pl\/super-andar-bahar\/\" class=\"lwrp-list-link\"><span class=\"lwrp-list-link-title-text\">Prze\u017cyj emocje w Super Andar Bahar: Najnowsza gra od Evolution Gaming!<\/span><\/a><\/li><li class=\"lwrp-list-item\"><a href=\"https:\/\/deadoralivesaloon.com\/pl\/najlepsze-kasynowe-gry-karciane-do-grania-online\/\" class=\"lwrp-list-link\"><span class=\"lwrp-list-link-title-text\">Najlepsze kasynowe gry karciane online w 2024 roku<\/span><\/a><\/li>                    <\/ul>\r\n                    <ul class=\"lwrp-list lwrp-list-double lwrp-list-right\">\r\n                        <li class=\"lwrp-list-item\"><a href=\"https:\/\/deadoralivesaloon.com\/pl\/recenzje\/\" class=\"lwrp-list-link\"><span class=\"lwrp-list-link-title-text\">Dead or Alive Saloon: Najnowsza gra karciana w kasynie online, kt\u00f3ra zdobywa \u015bwiat<\/span><\/a><\/li>                    <\/ul>\r\n                <\/div>\r\n                        <\/div>\r\n<\/div>","protected":false},"excerpt":{"rendered":"<p>W deadoralivesaloon.com, dost\u0119pnym pod adresem https:\/\/deadoralivesaloon.com\/, jednym z naszych g\u0142\u00f3wnych priorytet\u00f3w jest prywatno\u015b\u0107 naszych go\u015bci. Niniejszy dokument dotycz\u0105cy polityki prywatno\u015bci zawiera rodzaje informacji, kt\u00f3re s\u0105 zbierane i rejestrowane przez deadoralivesaloon.com oraz spos\u00f3b ich wykorzystania. Je\u015bli masz dodatkowe pytania lub potrzebujesz wi\u0119cej informacji na temat naszej Polityki Prywatno\u015bci, nie wahaj si\u0119 z nami skontaktowa\u0107. ... <a title=\"Polityka prywatno\u015bci dla DeadorAlive: Saloon\" class=\"read-more\" href=\"https:\/\/deadoralivesaloon.com\/pl\/privacy-policy\/\" aria-label=\"Dowiedz si\u0119 wi\u0119cej o Polityce prywatno\u015bci DeadorAlive: Saloon\">Wi\u0119cej<\/a><\/p>","protected":false},"author":1,"featured_media":0,"parent":0,"menu_order":0,"comment_status":"closed","ping_status":"closed","template":"","meta":{"footnotes":""},"class_list":["post-47","page","type-page","status-publish"],"_links":{"self":[{"href":"https:\/\/deadoralivesaloon.com\/pl\/wp-json\/wp\/v2\/pages\/47","targetHints":{"allow":["GET"]}}],"collection":[{"href":"https:\/\/deadoralivesaloon.com\/pl\/wp-json\/wp\/v2\/pages"}],"about":[{"href":"https:\/\/deadoralivesaloon.com\/pl\/wp-json\/wp\/v2\/types\/page"}],"author":[{"embeddable":true,"href":"https:\/\/deadoralivesaloon.com\/pl\/wp-json\/wp\/v2\/users\/1"}],"replies":[{"embeddable":true,"href":"https:\/\/deadoralivesaloon.com\/pl\/wp-json\/wp\/v2\/comments?post=47"}],"version-history":[{"count":0,"href":"https:\/\/deadoralivesaloon.com\/pl\/wp-json\/wp\/v2\/pages\/47\/revisions"}],"wp:attachment":[{"href":"https:\/\/deadoralivesaloon.com\/pl\/wp-json\/wp\/v2\/media?parent=47"}],"curies":[{"name":"wp","href":"https:\/\/api.w.org\/{rel}","templated":true}]}}