{"id":50,"date":"2023-01-09T15:23:14","date_gmt":"2023-01-09T15:23:14","guid":{"rendered":"https:\/\/deadoralivesaloon.com\/?page_id=50"},"modified":"2023-01-09T15:23:14","modified_gmt":"2023-01-09T15:23:14","slug":"wylaczenie-odpowiedzialnosci","status":"publish","type":"page","link":"https:\/\/deadoralivesaloon.com\/pl\/disclaimer\/","title":{"rendered":"O\u015bwiadczenie dla DeadorAliveSaloon"},"content":{"rendered":"<div class=\"page\">\n<div class=\"container\">\n<div class=\"content download-wrapper\">\n<div class=\"row\">\n<div class=\"col-md-6 col-md-pull-6 col-sm-6 col-sm-pull-6\">\n<div class=\"main\">\n<div class=\"preview\">\n<p>Je\u015bli potrzebuj\u0105 Pa\u0144stwo wi\u0119cej informacji lub maj\u0105 pytania dotycz\u0105ce wy\u0142\u0105czenia odpowiedzialno\u015bci naszej strony, prosimy o kontakt z nami za po\u015brednictwem poczty elektronicznej pod adresem doasaloon@casino.com.<\/p>\n<h2>Zastrze\u017cenia dla deadoralivesaloon.com<\/h2>\n<p>Wszystkie informacje na tej stronie - https:\/\/deadoralivesaloon.com\/ - s\u0105 publikowane w dobrej wierze i wy\u0142\u0105cznie w celu uzyskania og\u00f3lnej informacji. Deadoralivesaloon.com nie udziela \u017cadnych gwarancji co do kompletno\u015bci, wiarygodno\u015bci i dok\u0142adno\u015bci tych informacji. Wszelkie dzia\u0142ania podejmowane na podstawie informacji znajduj\u0105cych si\u0119 w tej witrynie (<a href=\"https:\/\/deadoralivesaloon.com\/pl\/\" target=\"_blank\" rel=\"noopener\">deadoralivesaloon.com<\/a>), odbywa si\u0119 wy\u0142\u0105cznie na w\u0142asne ryzyko. deadoralivesaloon.com nie ponosi odpowiedzialno\u015bci za jakiekolwiek straty i\/lub szkody zwi\u0105zane z korzystaniem z naszej strony internetowej.<\/p>\n<p>Z naszej strony internetowej mo\u017cna odwiedzi\u0107 inne strony internetowe poprzez hiper\u0142\u0105cza do takich zewn\u0119trznych stron. Chocia\u017c staramy si\u0119 zapewni\u0107 tylko wysokiej jako\u015bci linki do u\u017cytecznych i etycznych stron internetowych, nie mamy kontroli nad tre\u015bci\u0105 i charakterem tych stron. Linki do innych stron internetowych nie oznaczaj\u0105 rekomendacji dla wszystkich tre\u015bci znajduj\u0105cych si\u0119 na tych stronach. W\u0142a\u015bciciele witryn i ich zawarto\u015b\u0107 mog\u0105 si\u0119 zmieni\u0107 bez powiadomienia i mo\u017ce to nast\u0105pi\u0107 zanim b\u0119dziemy mieli mo\u017cliwo\u015b\u0107 usuni\u0119cia linku, kt\u00f3ry m\u00f3g\u0142 si\u0119 \"zepsu\u0107\".<\/p>\n<p>Nale\u017cy r\u00f3wnie\u017c pami\u0119ta\u0107, \u017ce po opuszczeniu naszej witryny inne witryny mog\u0105 mie\u0107 inne ustawienia. <a href=\"https:\/\/deadoralivesaloon.com\/pl\/polityka-prywatnosci\/\" title=\"Polityka prywatno\u015bci dla DeadorAlive: Saloon\" target=\"_blank\" rel=\"noopener\" data-wpil-monitor-id=\"8\">polityka prywatno\u015bci<\/a> i warunki, na kt\u00f3re nie mamy wp\u0142ywu. Przed zaanga\u017cowaniem si\u0119 w jak\u0105kolwiek dzia\u0142alno\u015b\u0107 lub przes\u0142aniem jakichkolwiek informacji nale\u017cy zapozna\u0107 si\u0119 z polityk\u0105 prywatno\u015bci tych witryn, a tak\u017ce z ich \"Warunkami \u015bwiadczenia us\u0142ug\".<\/p>\n<h2>Zgoda<\/h2>\n<p>Korzystaj\u0105c z naszej strony internetowej, wyra\u017caj\u0105 Pa\u0144stwo zgod\u0119 na nasze wy\u0142\u0105czenie odpowiedzialno\u015bci i zgadzaj\u0105 si\u0119 z jego warunkami.<\/p>\n<h2>Aktualizacja<\/h2>\n<p>Je\u017celi b\u0119dziemy aktualizowa\u0107, zmienia\u0107 lub wprowadza\u0107 jakiekolwiek zmiany w tym dokumencie, zmiany te zostan\u0105 w widoczny spos\u00f3b opublikowane tutaj.<\/p>\n<\/div>\n<\/div>\n<\/div>\n<\/div>\n<\/div>\n<\/div>\n<\/div>\n<style>\r\n\r\n        .lwrp.link-whisper-related-posts{\r\n            \r\n            margin-top: 40px;\nmargin-bottom: 30px;\r\n        }\r\n        .lwrp .lwrp-title{\r\n            \r\n            \r\n        }\r\n        .lwrp .lwrp-description{\r\n            \r\n            \r\n\r\n        }\r\n        .lwrp .lwrp-list-container{\r\n        }\r\n        .lwrp .lwrp-list-multi-container{\r\n            display: flex;\r\n        }\r\n        .lwrp .lwrp-list-double{\r\n            width: 48%;\r\n        }\r\n        .lwrp .lwrp-list-triple{\r\n            width: 32%;\r\n        }\r\n        .lwrp .lwrp-list-row-container{\r\n            display: flex;\r\n            justify-content: space-between;\r\n        }\r\n        .lwrp .lwrp-list-row-container .lwrp-list-item{\r\n            width: calc(25% - 20px);\r\n        }\r\n        .lwrp .lwrp-list-item:not(.lwrp-no-posts-message-item){\r\n            \r\n            max-width: 250px;\r\n        }\r\n        .lwrp .lwrp-list-item img{\r\n            max-width: 100%;\r\n            height: auto;\r\n        }\r\n        .lwrp .lwrp-list-item.lwrp-empty-list-item{\r\n            background: initial !important;\r\n        }\r\n        .lwrp .lwrp-list-item .lwrp-list-link .lwrp-list-link-title-text,\r\n        .lwrp .lwrp-list-item .lwrp-list-no-posts-message{\r\n            \r\n                \r\n        }\r\n        @media screen and (max-width: 480px) {\r\n            .lwrp.link-whisper-related-posts{\r\n                \r\n                \r\n            }\r\n            .lwrp .lwrp-title{\r\n                \r\n                \r\n            }\r\n            .lwrp .lwrp-description{\r\n                \r\n                \r\n            }\r\n            .lwrp .lwrp-list-multi-container{\r\n                flex-direction: column;\r\n            }\r\n            .lwrp .lwrp-list-multi-container ul.lwrp-list{\r\n                margin-top: 0px;\r\n                margin-bottom: 0px;\r\n                padding-top: 0px;\r\n                padding-bottom: 0px;\r\n            }\r\n            .lwrp .lwrp-list-double,\r\n            .lwrp .lwrp-list-triple{\r\n                width: 100%;\r\n            }\r\n            .lwrp .lwrp-list-row-container{\r\n                justify-content: initial;\r\n                flex-direction: column;\r\n            }\r\n            .lwrp .lwrp-list-row-container .lwrp-list-item{\r\n                width: 100%;\r\n            }\r\n            .lwrp .lwrp-list-item:not(.lwrp-no-posts-message-item){\r\n                \r\n                max-width: initial;\r\n            }\r\n            .lwrp .lwrp-list-item .lwrp-list-link .lwrp-list-link-title-text,\r\n            .lwrp .lwrp-list-item .lwrp-list-no-posts-message{\r\n                \r\n                    \r\n            }\r\n        }<\/style>\r\n<div id=\"link-whisper-related-posts-widget\" class=\"link-whisper-related-posts lwrp\">\r\n            <h3 class=\"lwrp-title\">Powi\u0105zane posty<\/h3>    \r\n        <div class=\"lwrp-list-container\">\r\n                                            <div class=\"lwrp-list-multi-container\">\r\n                    <ul class=\"lwrp-list lwrp-list-double lwrp-list-left\">\r\n                        <li class=\"lwrp-list-item\"><a href=\"https:\/\/deadoralivesaloon.com\/lv\/super-andar-bahar\/\" class=\"lwrp-list-link\"><span class=\"lwrp-list-link-title-text\">Prze\u017cyj emocje w Super Andar Bahar: Najnowsza gra od Evolution Gaming!<\/span><\/a><\/li><li class=\"lwrp-list-item\"><a href=\"https:\/\/deadoralivesaloon.com\/lv\/atsauksmes\/\" class=\"lwrp-list-link\"><span class=\"lwrp-list-link-title-text\">Dead or Alive Saloon: Najnowsza gra karciana w kasynie online, kt\u00f3ra zdobywa \u015bwiat<\/span><\/a><\/li>                    <\/ul>\r\n                    <ul class=\"lwrp-list lwrp-list-double lwrp-list-right\">\r\n                        <li class=\"lwrp-list-item\"><a href=\"https:\/\/deadoralivesaloon.com\/lv\/top-kazino-galda-karsu-speles-spelesanai-online\/\" class=\"lwrp-list-link\"><span class=\"lwrp-list-link-title-text\">Najlepsze kasynowe gry karciane online w 2024 roku<\/span><\/a><\/li>                    <\/ul>\r\n                <\/div>\r\n                        <\/div>\r\n<\/div>","protected":false},"excerpt":{"rendered":"<p>Je\u015bli potrzebujesz wi\u0119cej informacji lub masz pytania dotycz\u0105ce zastrze\u017cenia naszej strony, skontaktuj si\u0119 z nami za po\u015brednictwem poczty elektronicznej pod adresem doasaloon@casino.com. Zastrze\u017cenia dla deadoralivesaloon.com Wszystkie informacje na tej stronie - https:\/\/deadoralivesaloon.com\/ - s\u0105 publikowane w dobrej wierze i wy\u0142\u0105cznie w celu uzyskania informacji og\u00f3lnych. Deadoralivesaloon.com nie udziela \u017cadnych gwarancji co do ... <a title=\"O\u015bwiadczenie dla DeadorAliveSaloon\" class=\"read-more\" href=\"https:\/\/deadoralivesaloon.com\/pl\/disclaimer\/\" aria-label=\"Dowiedz si\u0119 wi\u0119cej o Disclaimer dla DeadorAliveSaloon\">Wi\u0119cej<\/a><\/p>","protected":false},"author":1,"featured_media":0,"parent":0,"menu_order":0,"comment_status":"closed","ping_status":"closed","template":"","meta":{"footnotes":""},"class_list":["post-50","page","type-page","status-publish"],"_links":{"self":[{"href":"https:\/\/deadoralivesaloon.com\/pl\/wp-json\/wp\/v2\/pages\/50","targetHints":{"allow":["GET"]}}],"collection":[{"href":"https:\/\/deadoralivesaloon.com\/pl\/wp-json\/wp\/v2\/pages"}],"about":[{"href":"https:\/\/deadoralivesaloon.com\/pl\/wp-json\/wp\/v2\/types\/page"}],"author":[{"embeddable":true,"href":"https:\/\/deadoralivesaloon.com\/pl\/wp-json\/wp\/v2\/users\/1"}],"replies":[{"embeddable":true,"href":"https:\/\/deadoralivesaloon.com\/pl\/wp-json\/wp\/v2\/comments?post=50"}],"version-history":[{"count":0,"href":"https:\/\/deadoralivesaloon.com\/pl\/wp-json\/wp\/v2\/pages\/50\/revisions"}],"wp:attachment":[{"href":"https:\/\/deadoralivesaloon.com\/pl\/wp-json\/wp\/v2\/media?parent=50"}],"curies":[{"name":"wp","href":"https:\/\/api.w.org\/{rel}","templated":true}]}}