{"id":50,"date":"2023-01-09T15:23:14","date_gmt":"2023-01-09T15:23:14","guid":{"rendered":"https:\/\/deadoralivesaloon.com\/?page_id=50"},"modified":"2023-01-09T15:23:14","modified_gmt":"2023-01-09T15:23:14","slug":"isencao-de-responsabilidade","status":"publish","type":"page","link":"https:\/\/deadoralivesaloon.com\/pt_br\/disclaimer\/","title":{"rendered":"Isen\u00e7\u00e3o de responsabilidade para DeadorAliveSaloon"},"content":{"rendered":"<div class=\"page\">\n<div class=\"container\">\n<div class=\"content download-wrapper\">\n<div class=\"row\">\n<div class=\"col-md-6 col-md-pull-6 col-sm-6 col-sm-pull-6\">\n<div class=\"main\">\n<div class=\"preview\">\n<p>Se voc\u00ea precisar de mais informa\u00e7\u00f5es ou tiver alguma d\u00favida sobre a isen\u00e7\u00e3o de responsabilidade de nosso site, sinta-se \u00e0 vontade para entrar em contato conosco por e-mail: doasaloon@casino.com.<\/p>\n<h2>Isen\u00e7\u00f5es de responsabilidade para deadoralivesaloon.com<\/h2>\n<p>Todas as informa\u00e7\u00f5es deste site - https:\/\/deadoralivesaloon.com\/ - s\u00e3o publicadas de boa f\u00e9 e apenas para fins de informa\u00e7\u00e3o geral. Deadoralivesaloon.com n\u00e3o d\u00e1 nenhuma garantia sobre a completude, confiabilidade e exatid\u00e3o destas informa\u00e7\u00f5es. Qualquer a\u00e7\u00e3o que voc\u00ea tome sobre as informa\u00e7\u00f5es encontradas neste website (<a href=\"https:\/\/deadoralivesaloon.com\/pt_br\/\" target=\"_blank\" rel=\"noopener\">deadoralivesaloon.com<\/a>), \u00e9 estritamente por sua pr\u00f3pria conta e risco. deadoralivesaloon.com n\u00e3o ser\u00e1 respons\u00e1vel por quaisquer perdas e\/ou danos relacionados com o uso de nosso website.<\/p>\n<p>A partir de nosso website, voc\u00ea pode visitar outros websites, seguindo hiperlinks para tais sites externos. Embora nos esforcemos para fornecer apenas links de qualidade para sites \u00fateis e \u00e9ticos, n\u00e3o temos controle sobre o conte\u00fado e a natureza desses sites. Esses links para outros websites n\u00e3o implicam em uma recomenda\u00e7\u00e3o para todo o conte\u00fado encontrado nesses sites. Os propriet\u00e1rios e conte\u00fado do site podem mudar sem aviso pr\u00e9vio e podem ocorrer antes de termos a oportunidade de remover um link que pode ter ficado 'ruim'.<\/p>\n<p>Esteja ciente tamb\u00e9m de que, ao sair do nosso site, outros sites podem ter diferentes <a href=\"https:\/\/deadoralivesaloon.com\/pt_br\/politica-de-privacidade\/\" title=\"Pol\u00edtica de Privacidade para DeadorAlive: Saloon\" target=\"_blank\" rel=\"noopener\" data-wpil-monitor-id=\"8\">pol\u00edticas de privacidade<\/a> e termos que est\u00e3o fora do nosso controle. Certifique-se de verificar as Pol\u00edticas de Privacidade desses sites, bem como seus \"Termos de Servi\u00e7o\", antes de se envolver em qualquer neg\u00f3cio ou fazer upload de qualquer informa\u00e7\u00e3o.<\/p>\n<h2>Consentimento<\/h2>\n<p>Ao utilizar nosso website, voc\u00ea consente com nossa isen\u00e7\u00e3o de responsabilidade e concorda com seus termos.<\/p>\n<h2>Atualiza\u00e7\u00e3o<\/h2>\n<p>Caso atualizemos, emendemos ou fa\u00e7amos qualquer mudan\u00e7a neste documento, essas mudan\u00e7as ser\u00e3o publicadas de forma proeminente aqui.<\/p>\n<\/div>\n<\/div>\n<\/div>\n<\/div>\n<\/div>\n<\/div>\n<\/div>\n<style>\r\n\r\n        .lwrp.link-whisper-related-posts{\r\n            \r\n            margin-top: 40px;\nmargin-bottom: 30px;\r\n        }\r\n        .lwrp .lwrp-title{\r\n            \r\n            \r\n        }\r\n        .lwrp .lwrp-description{\r\n            \r\n            \r\n\r\n        }\r\n        .lwrp .lwrp-list-container{\r\n        }\r\n        .lwrp .lwrp-list-multi-container{\r\n            display: flex;\r\n        }\r\n        .lwrp .lwrp-list-double{\r\n            width: 48%;\r\n        }\r\n        .lwrp .lwrp-list-triple{\r\n            width: 32%;\r\n        }\r\n        .lwrp .lwrp-list-row-container{\r\n            display: flex;\r\n            justify-content: space-between;\r\n        }\r\n        .lwrp .lwrp-list-row-container .lwrp-list-item{\r\n            width: calc(25% - 20px);\r\n        }\r\n        .lwrp .lwrp-list-item:not(.lwrp-no-posts-message-item){\r\n            \r\n            max-width: 250px;\r\n        }\r\n        .lwrp .lwrp-list-item img{\r\n            max-width: 100%;\r\n            height: auto;\r\n        }\r\n        .lwrp .lwrp-list-item.lwrp-empty-list-item{\r\n            background: initial !important;\r\n        }\r\n        .lwrp .lwrp-list-item .lwrp-list-link .lwrp-list-link-title-text,\r\n        .lwrp .lwrp-list-item .lwrp-list-no-posts-message{\r\n            \r\n                \r\n        }\r\n        @media screen and (max-width: 480px) {\r\n            .lwrp.link-whisper-related-posts{\r\n                \r\n                \r\n            }\r\n            .lwrp .lwrp-title{\r\n                \r\n                \r\n            }\r\n            .lwrp .lwrp-description{\r\n                \r\n                \r\n            }\r\n            .lwrp .lwrp-list-multi-container{\r\n                flex-direction: column;\r\n            }\r\n            .lwrp .lwrp-list-multi-container ul.lwrp-list{\r\n                margin-top: 0px;\r\n                margin-bottom: 0px;\r\n                padding-top: 0px;\r\n                padding-bottom: 0px;\r\n            }\r\n            .lwrp .lwrp-list-double,\r\n            .lwrp .lwrp-list-triple{\r\n                width: 100%;\r\n            }\r\n            .lwrp .lwrp-list-row-container{\r\n                justify-content: initial;\r\n                flex-direction: column;\r\n            }\r\n            .lwrp .lwrp-list-row-container .lwrp-list-item{\r\n                width: 100%;\r\n            }\r\n            .lwrp .lwrp-list-item:not(.lwrp-no-posts-message-item){\r\n                \r\n                max-width: initial;\r\n            }\r\n            .lwrp .lwrp-list-item .lwrp-list-link .lwrp-list-link-title-text,\r\n            .lwrp .lwrp-list-item .lwrp-list-no-posts-message{\r\n                \r\n                    \r\n            }\r\n        }<\/style>\r\n<div id=\"link-whisper-related-posts-widget\" class=\"link-whisper-related-posts lwrp\">\r\n            <h3 class=\"lwrp-title\">Publica\u00e7\u00f5es relacionadas<\/h3>    \r\n        <div class=\"lwrp-list-container\">\r\n                                            <div class=\"lwrp-list-multi-container\">\r\n                    <ul class=\"lwrp-list lwrp-list-double lwrp-list-left\">\r\n                        <li class=\"lwrp-list-item\"><a href=\"https:\/\/deadoralivesaloon.com\/lv\/super-andar-bahar\/\" class=\"lwrp-list-link\"><span class=\"lwrp-list-link-title-text\">Experimente a excita\u00e7\u00e3o do Super Andar Bahar: O \u00daltimo Jogo do Evolution Gaming!<\/span><\/a><\/li><li class=\"lwrp-list-item\"><a href=\"https:\/\/deadoralivesaloon.com\/lv\/atsauksmes\/\" class=\"lwrp-list-link\"><span class=\"lwrp-list-link-title-text\">Dead or Alive Saloon: O Mais Recente Jogo de Cartas de Cassino Online Tomando o Mundo pela Tempestade<\/span><\/a><\/li>                    <\/ul>\r\n                    <ul class=\"lwrp-list lwrp-list-double lwrp-list-right\">\r\n                        <li class=\"lwrp-list-item\"><a href=\"https:\/\/deadoralivesaloon.com\/lv\/top-kazino-galda-karsu-speles-spelesanai-online\/\" class=\"lwrp-list-link\"><span class=\"lwrp-list-link-title-text\">Principais jogos de cartas de mesa de cassino para jogar on-line em 2024<\/span><\/a><\/li>                    <\/ul>\r\n                <\/div>\r\n                        <\/div>\r\n<\/div>","protected":false},"excerpt":{"rendered":"<p>Se voc\u00ea precisar de mais informa\u00e7\u00f5es ou tiver alguma d\u00favida sobre a isen\u00e7\u00e3o de responsabilidade de nosso site, sinta-se \u00e0 vontade para entrar em contato conosco por e-mail: doasaloon@casino.com. Isen\u00e7\u00f5es de responsabilidade para o deadoralivesaloon.com Todas as informa\u00e7\u00f5es deste site - https:\/\/deadoralivesaloon.com\/ - s\u00e3o publicadas de boa f\u00e9 e somente para fins de informa\u00e7\u00e3o geral. Deadoralivesaloon.com n\u00e3o d\u00e1 nenhuma garantia sobre o ... <a title=\"Isen\u00e7\u00e3o de responsabilidade para DeadorAliveSaloon\" class=\"read-more\" href=\"https:\/\/deadoralivesaloon.com\/pt_br\/disclaimer\/\" aria-label=\"Leia mais sobre Isen\u00e7\u00e3o de responsabilidade para DeadorAliveSaloon\">Leia mais<\/a><\/p>","protected":false},"author":1,"featured_media":0,"parent":0,"menu_order":0,"comment_status":"closed","ping_status":"closed","template":"","meta":{"footnotes":""},"class_list":["post-50","page","type-page","status-publish"],"_links":{"self":[{"href":"https:\/\/deadoralivesaloon.com\/pt_br\/wp-json\/wp\/v2\/pages\/50","targetHints":{"allow":["GET"]}}],"collection":[{"href":"https:\/\/deadoralivesaloon.com\/pt_br\/wp-json\/wp\/v2\/pages"}],"about":[{"href":"https:\/\/deadoralivesaloon.com\/pt_br\/wp-json\/wp\/v2\/types\/page"}],"author":[{"embeddable":true,"href":"https:\/\/deadoralivesaloon.com\/pt_br\/wp-json\/wp\/v2\/users\/1"}],"replies":[{"embeddable":true,"href":"https:\/\/deadoralivesaloon.com\/pt_br\/wp-json\/wp\/v2\/comments?post=50"}],"version-history":[{"count":0,"href":"https:\/\/deadoralivesaloon.com\/pt_br\/wp-json\/wp\/v2\/pages\/50\/revisions"}],"wp:attachment":[{"href":"https:\/\/deadoralivesaloon.com\/pt_br\/wp-json\/wp\/v2\/media?parent=50"}],"curies":[{"name":"wp","href":"https:\/\/api.w.org\/{rel}","templated":true}]}}