{"id":47,"date":"2023-01-09T15:19:57","date_gmt":"2023-01-09T15:19:57","guid":{"rendered":"https:\/\/deadoralivesaloon.com\/?page_id=47"},"modified":"2023-01-09T15:19:57","modified_gmt":"2023-01-09T15:19:57","slug":"integritetspolicy","status":"publish","type":"page","link":"https:\/\/deadoralivesaloon.com\/sv\/privacy-policy\/","title":{"rendered":"Integritetspolicy f\u00f6r DeadorAlive: Saloon"},"content":{"rendered":"<div class=\"page\">\n<div class=\"container\">\n<div class=\"content download-wrapper\">\n<div class=\"row\">\n<div class=\"col-md-6 col-md-pull-6 col-sm-6 col-sm-pull-6\">\n<div class=\"main\">\n<div class=\"preview\">\n<p>P\u00e5 deadoralivesaloon.com, som \u00e4r tillg\u00e4nglig fr\u00e5n <a href=\"https:\/\/deadoralivesaloon.com\/sv\/\" target=\"_blank\" rel=\"noopener\">https:\/\/deadoralivesaloon.com\/<\/a>En av v\u00e5ra viktigaste prioriteringar \u00e4r att skydda v\u00e5ra bes\u00f6kares integritet. Denna sekretesspolicy inneh\u00e5ller de typer av information som samlas in och registreras av deadoralivesaloon.com och hur vi anv\u00e4nder den.<\/p>\n<p>Om du har ytterligare fr\u00e5gor eller beh\u00f6ver mer information om v\u00e5r sekretesspolicy, tveka inte att kontakta oss.<\/p>\n<p>Denna sekretesspolicy g\u00e4ller endast f\u00f6r v\u00e5r online-verksamhet och g\u00e4ller f\u00f6r bes\u00f6kare p\u00e5 v\u00e5r webbplats n\u00e4r det g\u00e4ller den information som de delar och\/eller samlar in i deadoralivesaloon.com. Denna policy g\u00e4ller inte f\u00f6r information som samlas in offline eller via andra kanaler \u00e4n denna webbplats.<\/p>\n<h2>Samtycke<\/h2>\n<p>Genom att anv\u00e4nda v\u00e5r webbplats godk\u00e4nner du v\u00e5r sekretesspolicy och samtycker till dess villkor.<\/p>\n<h2>Information som vi samlar in<\/h2>\n<p>De personuppgifter som du ombeds att l\u00e4mna och sk\u00e4len till varf\u00f6r du ombeds att l\u00e4mna dem kommer att klarg\u00f6ras f\u00f6r dig n\u00e4r vi ber dig l\u00e4mna dina personuppgifter.<\/p>\n<p>Om du kontaktar oss direkt kan vi f\u00e5 ytterligare information om dig, t.ex. namn, e-postadress, telefonnummer, inneh\u00e5llet i meddelandet och\/eller bilagor som du skickar till oss och annan information som du v\u00e4ljer att l\u00e4mna.<\/p>\n<p>N\u00e4r du registrerar dig f\u00f6r ett konto kan vi be om dina kontaktuppgifter, inklusive namn, f\u00f6retagsnamn, adress, e-postadress och telefonnummer.<\/p>\n<h2>Hur vi anv\u00e4nder din information<\/h2>\n<p>Vi anv\u00e4nder den information vi samlar in p\u00e5 olika s\u00e4tt, bland annat f\u00f6r att:<\/p>\n<ul>\n<li>Tillhandah\u00e5lla, driva och underh\u00e5lla v\u00e5r webbplats<\/li>\n<li>F\u00f6rb\u00e4ttra, anpassa och ut\u00f6ka v\u00e5r webbplats<\/li>\n<li>F\u00f6rst\u00e5 och analysera hur du anv\u00e4nder v\u00e5r webbplats.<\/li>\n<li>Utveckla nya produkter, tj\u00e4nster, funktioner och funktionalitet.<\/li>\n<li>Kommunicera med dig, antingen direkt eller via n\u00e5gon av v\u00e5ra samarbetspartners, bland annat f\u00f6r kundservice, f\u00f6r att ge dig uppdateringar och annan information om webbplatsen samt f\u00f6r marknadsf\u00f6ring och kampanj\u00e4ndam\u00e5l.<\/li>\n<li>Skicka e-post till dig<\/li>\n<li>Hitta och f\u00f6rhindra bedr\u00e4gerier<\/li>\n<\/ul>\n<h2>Loggfiler<\/h2>\n<p>deadoralivesaloon.com f\u00f6ljer ett standardf\u00f6rfarande f\u00f6r anv\u00e4ndning av loggfiler. Dessa filer loggar bes\u00f6kare n\u00e4r de bes\u00f6ker webbplatser. Alla webbhotell g\u00f6r detta och \u00e4r en del av webbhotellens analysverktyg. Den information som samlas in av loggfiler omfattar IP-adresser (Internet Protocol), webbl\u00e4sartyp, Internetleverant\u00f6r (ISP), datum- och tidsst\u00e4mpel, h\u00e4nvisnings-\/avslutningssidor och eventuellt antalet klick. Dessa \u00e4r inte kopplade till n\u00e5gon information som \u00e4r personligt identifierbar. Syftet med informationen \u00e4r att analysera trender, administrera webbplatsen, sp\u00e5ra anv\u00e4ndarnas r\u00f6relser p\u00e5 webbplatsen och samla in demografisk information.<\/p>\n<h2>Cookies och webbsignaler<\/h2>\n<p>Precis som alla andra webbplatser anv\u00e4nder deadoralivesaloon.com \"cookies\". Dessa cookies anv\u00e4nds f\u00f6r att lagra information, inklusive bes\u00f6karnas preferenser och de sidor p\u00e5 webbplatsen som bes\u00f6karen har bes\u00f6kt. Informationen anv\u00e4nds f\u00f6r att optimera anv\u00e4ndarnas upplevelse genom att anpassa inneh\u00e5llet p\u00e5 v\u00e5ra webbsidor utifr\u00e5n bes\u00f6karnas webbl\u00e4sartyp och\/eller annan information.<\/p>\n<h2>Reklampartners Integritetspolicy<\/h2>\n<p>Du kan l\u00e4sa denna lista f\u00f6r att hitta sekretesspolicyn f\u00f6r var och en av deadoralivesaloon.com:s annonspartners.<\/p>\n<p>Tredje parts annonsservrar eller annonsn\u00e4tverk anv\u00e4nder tekniker som cookies, JavaScript eller webbfyrar som anv\u00e4nds i deras respektive annonser och l\u00e4nkar som visas p\u00e5 deadoralivesaloon.com och som skickas direkt till anv\u00e4ndarnas webbl\u00e4sare. De f\u00e5r automatiskt din IP-adress n\u00e4r detta sker. Dessa tekniker anv\u00e4nds f\u00f6r att m\u00e4ta effektiviteten av deras reklamkampanjer och\/eller f\u00f6r att anpassa det reklaminneh\u00e5ll som du ser p\u00e5 webbplatser som du bes\u00f6ker.<\/p>\n<p>Observera att deadoralivesaloon.com inte har tillg\u00e5ng till eller kontroll \u00f6ver dessa cookies som anv\u00e4nds av tredjepartsannons\u00f6rer.<\/p>\n<h2>Integritetspolicy f\u00f6r tredje part<\/h2>\n<p>deadoralivesaloon.com:s sekretesspolicy g\u00e4ller inte f\u00f6r andra annons\u00f6rer eller webbplatser. Vi rekommenderar d\u00e4rf\u00f6r att du konsulterar respektive sekretesspolicy f\u00f6r dessa tredje parts annonsservrar f\u00f6r mer detaljerad information. Den kan inneh\u00e5lla deras metoder och instruktioner om hur man kan v\u00e4lja bort vissa alternativ.<\/p>\n<p>Du kan v\u00e4lja att inaktivera cookies genom att anv\u00e4nda de individuella webbl\u00e4saralternativen. Mer detaljerad information om hantering av cookies med specifika webbl\u00e4sare finns p\u00e5 webbl\u00e4sarnas respektive webbplatser.<\/p>\n<h2>CCPA:s integritetsr\u00e4ttigheter (s\u00e4lj inte mina personuppgifter)<\/h2>\n<p>Enligt CCPA har konsumenter i Kalifornien bland annat r\u00e4tt till:<\/p>\n<p>Beg\u00e4r att ett f\u00f6retag som samlar in konsumenters personuppgifter ska l\u00e4mna ut de kategorier och specifika delar av personuppgifter som f\u00f6retaget har samlat in om konsumenter.<\/p>\n<p>beg\u00e4ra att ett f\u00f6retag raderar alla personuppgifter om konsumenten som f\u00f6retaget har samlat in.<\/p>\n<p>Beg\u00e4r att ett f\u00f6retag som s\u00e4ljer konsumentens personuppgifter inte ska s\u00e4lja konsumentens personuppgifter.<\/p>\n<p>Om du g\u00f6r en beg\u00e4ran har vi en m\u00e5nad p\u00e5 oss att svara dig. Om du vill ut\u00f6va n\u00e5gon av dessa r\u00e4ttigheter, v\u00e4nligen kontakta oss.<\/p>\n<h2>GDPR Dataskyddsr\u00e4ttigheter<\/h2>\n<p>Vi vill f\u00f6rs\u00e4kra oss om att du \u00e4r fullt medveten om alla dina dataskyddsr\u00e4ttigheter. Varje anv\u00e4ndare har r\u00e4tt till f\u00f6ljande:<\/p>\n<p>R\u00e4tt till tillg\u00e5ng - Du har r\u00e4tt att beg\u00e4ra kopior av dina personuppgifter. Vi kan ta ut en liten avgift f\u00f6r denna tj\u00e4nst.<\/p>\n<p>R\u00e4tten till r\u00e4ttelse - Du har r\u00e4tt att beg\u00e4ra att vi r\u00e4ttar information som du anser vara felaktig. Du har ocks\u00e5 r\u00e4tt att beg\u00e4ra att vi kompletterar den information som du anser vara ofullst\u00e4ndig.<\/p>\n<p>R\u00e4tt till radering - Du har r\u00e4tt att beg\u00e4ra att vi raderar dina personuppgifter under vissa villkor.<\/p>\n<p>R\u00e4tt att begr\u00e4nsa behandlingen - Du har r\u00e4tt att beg\u00e4ra att vi begr\u00e4nsar behandlingen av dina personuppgifter under vissa villkor.<\/p>\n<p>R\u00e4tt att inv\u00e4nda mot behandlingen - Du har r\u00e4tt att inv\u00e4nda mot v\u00e5r behandling av dina personuppgifter under vissa villkor.<\/p>\n<p>R\u00e4tten till dataportabilitet - Du har r\u00e4tt att beg\u00e4ra att vi \u00f6verf\u00f6r de uppgifter som vi har samlat in till en annan organisation eller direkt till dig, under vissa villkor.<\/p>\n<p>Om du g\u00f6r en beg\u00e4ran har vi en m\u00e5nad p\u00e5 oss att svara dig. Om du vill ut\u00f6va n\u00e5gon av dessa r\u00e4ttigheter, v\u00e4nligen kontakta oss.<\/p>\n<h2>Information om barn<\/h2>\n<p>En annan del av v\u00e5r prioritering \u00e4r att \u00f6ka skyddet f\u00f6r barn n\u00e4r de anv\u00e4nder internet. Vi uppmuntrar f\u00f6r\u00e4ldrar och v\u00e5rdnadshavare att observera, delta i och\/eller \u00f6vervaka och v\u00e4gleda barnens aktiviteter p\u00e5 n\u00e4tet.<\/p>\n<p>deadoralivesaloon.com samlar inte medvetet in n\u00e5gra personuppgifter fr\u00e5n barn under 13 \u00e5r. Om du tror att ditt barn har l\u00e4mnat denna typ av information p\u00e5 v\u00e5r webbplats uppmanar vi dig starkt att kontakta oss omedelbart s\u00e5 att vi kan g\u00f6ra v\u00e5rt b\u00e4sta f\u00f6r att snabbt ta bort s\u00e5dan information fr\u00e5n v\u00e5ra register.<\/p>\n<\/div>\n<\/div>\n<\/div>\n<\/div>\n<\/div>\n<\/div>\n<\/div>\n<style>\r\n\r\n        .lwrp.link-whisper-related-posts{\r\n            \r\n            margin-top: 40px;\nmargin-bottom: 30px;\r\n        }\r\n        .lwrp .lwrp-title{\r\n            \r\n            \r\n        }\r\n        .lwrp .lwrp-description{\r\n            \r\n            \r\n\r\n        }\r\n        .lwrp .lwrp-list-container{\r\n        }\r\n        .lwrp .lwrp-list-multi-container{\r\n            display: flex;\r\n        }\r\n        .lwrp .lwrp-list-double{\r\n            width: 48%;\r\n        }\r\n        .lwrp .lwrp-list-triple{\r\n            width: 32%;\r\n        }\r\n        .lwrp .lwrp-list-row-container{\r\n            display: flex;\r\n            justify-content: space-between;\r\n        }\r\n        .lwrp .lwrp-list-row-container .lwrp-list-item{\r\n            width: calc(25% - 20px);\r\n        }\r\n        .lwrp .lwrp-list-item:not(.lwrp-no-posts-message-item){\r\n            \r\n            max-width: 250px;\r\n        }\r\n        .lwrp .lwrp-list-item img{\r\n            max-width: 100%;\r\n            height: auto;\r\n        }\r\n        .lwrp .lwrp-list-item.lwrp-empty-list-item{\r\n            background: initial !important;\r\n        }\r\n        .lwrp .lwrp-list-item .lwrp-list-link .lwrp-list-link-title-text,\r\n        .lwrp .lwrp-list-item .lwrp-list-no-posts-message{\r\n            \r\n                \r\n        }\r\n        @media screen and (max-width: 480px) {\r\n            .lwrp.link-whisper-related-posts{\r\n                \r\n                \r\n            }\r\n            .lwrp .lwrp-title{\r\n                \r\n                \r\n            }\r\n            .lwrp .lwrp-description{\r\n                \r\n                \r\n            }\r\n            .lwrp .lwrp-list-multi-container{\r\n                flex-direction: column;\r\n            }\r\n            .lwrp .lwrp-list-multi-container ul.lwrp-list{\r\n                margin-top: 0px;\r\n                margin-bottom: 0px;\r\n                padding-top: 0px;\r\n                padding-bottom: 0px;\r\n            }\r\n            .lwrp .lwrp-list-double,\r\n            .lwrp .lwrp-list-triple{\r\n                width: 100%;\r\n            }\r\n            .lwrp .lwrp-list-row-container{\r\n                justify-content: initial;\r\n                flex-direction: column;\r\n            }\r\n            .lwrp .lwrp-list-row-container .lwrp-list-item{\r\n                width: 100%;\r\n            }\r\n            .lwrp .lwrp-list-item:not(.lwrp-no-posts-message-item){\r\n                \r\n                max-width: initial;\r\n            }\r\n            .lwrp .lwrp-list-item .lwrp-list-link .lwrp-list-link-title-text,\r\n            .lwrp .lwrp-list-item .lwrp-list-no-posts-message{\r\n                \r\n                    \r\n            }\r\n        }<\/style>\r\n<div id=\"link-whisper-related-posts-widget\" class=\"link-whisper-related-posts lwrp\">\r\n            <h3 class=\"lwrp-title\">Relaterade inl\u00e4gg<\/h3>    \r\n        <div class=\"lwrp-list-container\">\r\n                                            <div class=\"lwrp-list-multi-container\">\r\n                    <ul class=\"lwrp-list lwrp-list-double lwrp-list-left\">\r\n                        <li class=\"lwrp-list-item\"><a href=\"https:\/\/deadoralivesaloon.com\/sv\/super-andar-bahar\/\" class=\"lwrp-list-link\"><span class=\"lwrp-list-link-title-text\">Upplev sp\u00e4nningen i Super Andar Bahar: Det senaste spelet fr\u00e5n Evolution Gaming!<\/span><\/a><\/li><li class=\"lwrp-list-item\"><a href=\"https:\/\/deadoralivesaloon.com\/sv\/topp-casino-bordskortspel-att-spela-online\/\" class=\"lwrp-list-link\"><span class=\"lwrp-list-link-title-text\">De b\u00e4sta kasinobordskortsspelen att spela online 2024<\/span><\/a><\/li>                    <\/ul>\r\n                    <ul class=\"lwrp-list lwrp-list-double lwrp-list-right\">\r\n                        <li class=\"lwrp-list-item\"><a href=\"https:\/\/deadoralivesaloon.com\/sv\/recensioner\/\" class=\"lwrp-list-link\"><span class=\"lwrp-list-link-title-text\">Dead or Alive Saloon: Det senaste kortspelet p\u00e5 n\u00e4tcasino som tar v\u00e4rlden med storm<\/span><\/a><\/li>                    <\/ul>\r\n                <\/div>\r\n                        <\/div>\r\n<\/div>","protected":false},"excerpt":{"rendered":"<p>P\u00e5 deadoralivesaloon.com, som \u00e4r tillg\u00e4nglig fr\u00e5n https:\/\/deadoralivesaloon.com\/, \u00e4r en av v\u00e5ra viktigaste prioriteringar att skydda v\u00e5ra bes\u00f6kares integritet. Denna sekretesspolicy inneh\u00e5ller de typer av information som samlas in och registreras av deadoralivesaloon.com och hur vi anv\u00e4nder den. Om du har ytterligare fr\u00e5gor eller beh\u00f6ver mer information om v\u00e5r sekretesspolicy, tveka inte att kontakta oss. ... <a title=\"Integritetspolicy f\u00f6r DeadorAlive: Saloon\" class=\"read-more\" href=\"https:\/\/deadoralivesaloon.com\/sv\/privacy-policy\/\" aria-label=\"L\u00e4s mer om Integritetspolicy f\u00f6r DeadorAlive: Salong\">L\u00e4s mer<\/a><\/p>","protected":false},"author":1,"featured_media":0,"parent":0,"menu_order":0,"comment_status":"closed","ping_status":"closed","template":"","meta":{"footnotes":""},"class_list":["post-47","page","type-page","status-publish"],"_links":{"self":[{"href":"https:\/\/deadoralivesaloon.com\/sv\/wp-json\/wp\/v2\/pages\/47","targetHints":{"allow":["GET"]}}],"collection":[{"href":"https:\/\/deadoralivesaloon.com\/sv\/wp-json\/wp\/v2\/pages"}],"about":[{"href":"https:\/\/deadoralivesaloon.com\/sv\/wp-json\/wp\/v2\/types\/page"}],"author":[{"embeddable":true,"href":"https:\/\/deadoralivesaloon.com\/sv\/wp-json\/wp\/v2\/users\/1"}],"replies":[{"embeddable":true,"href":"https:\/\/deadoralivesaloon.com\/sv\/wp-json\/wp\/v2\/comments?post=47"}],"version-history":[{"count":0,"href":"https:\/\/deadoralivesaloon.com\/sv\/wp-json\/wp\/v2\/pages\/47\/revisions"}],"wp:attachment":[{"href":"https:\/\/deadoralivesaloon.com\/sv\/wp-json\/wp\/v2\/media?parent=47"}],"curies":[{"name":"wp","href":"https:\/\/api.w.org\/{rel}","templated":true}]}}