{"id":50,"date":"2023-01-09T15:23:14","date_gmt":"2023-01-09T15:23:14","guid":{"rendered":"https:\/\/deadoralivesaloon.com\/?page_id=50"},"modified":"2023-01-09T15:23:14","modified_gmt":"2023-01-09T15:23:14","slug":"ansvarsfriskrivning","status":"publish","type":"page","link":"https:\/\/deadoralivesaloon.com\/sv\/disclaimer\/","title":{"rendered":"Ansvarsfriskrivning f\u00f6r DeadorAliveSaloon"},"content":{"rendered":"<div class=\"page\">\n<div class=\"container\">\n<div class=\"content download-wrapper\">\n<div class=\"row\">\n<div class=\"col-md-6 col-md-pull-6 col-sm-6 col-sm-pull-6\">\n<div class=\"main\">\n<div class=\"preview\">\n<p>Om du beh\u00f6ver mer information eller har fr\u00e5gor om v\u00e5r webbplats ansvarsfriskrivning kan du kontakta oss via e-post p\u00e5 doasaloon@casino.com.<\/p>\n<h2>Ansvarsfriskrivningar f\u00f6r deadoralivesaloon.com<\/h2>\n<p>All information p\u00e5 denna webbplats - https:\/\/deadoralivesaloon.com\/ - publiceras i god tro och endast i allm\u00e4nt informationssyfte. Deadoralivesaloon.com l\u00e4mnar inga garantier f\u00f6r att informationen \u00e4r fullst\u00e4ndig, tillf\u00f6rlitlig och korrekt. Alla \u00e5tg\u00e4rder som du vidtar p\u00e5 grundval av den information som du hittar p\u00e5 denna webbplats (<a href=\"https:\/\/deadoralivesaloon.com\/sv\/\" target=\"_blank\" rel=\"noopener\">deadoralivesaloon.com<\/a>), sker p\u00e5 egen risk. deadoralivesaloon.com ansvarar inte f\u00f6r eventuella f\u00f6rluster och\/eller skador i samband med anv\u00e4ndningen av v\u00e5r webbplats.<\/p>\n<p>Fr\u00e5n v\u00e5r webbplats kan du bes\u00f6ka andra webbplatser genom att f\u00f6lja hyperl\u00e4nkar till s\u00e5dana externa webbplatser. Vi str\u00e4var efter att endast tillhandah\u00e5lla kvalitetsl\u00e4nkar till anv\u00e4ndbara och etiska webbplatser, men vi har ingen kontroll \u00f6ver dessa webbplatsers inneh\u00e5ll och karakt\u00e4r. Dessa l\u00e4nkar till andra webbplatser inneb\u00e4r inte att vi rekommenderar allt inneh\u00e5ll som finns p\u00e5 dessa webbplatser. Webbplatsens \u00e4gare och inneh\u00e5ll kan \u00e4ndras utan f\u00f6rvarning och kan ske innan vi har m\u00f6jlighet att ta bort en l\u00e4nk som kan ha blivit \"d\u00e5lig\".<\/p>\n<p>Var ocks\u00e5 medveten om att n\u00e4r du l\u00e4mnar v\u00e5r webbplats kan andra webbplatser ha olika <a href=\"https:\/\/deadoralivesaloon.com\/sv\/integritetspolicy\/\" title=\"Integritetspolicy f\u00f6r DeadorAlive: Saloon\" target=\"_blank\" rel=\"noopener\" data-wpil-monitor-id=\"8\">integritetspolicy<\/a> och villkor som ligger utanf\u00f6r v\u00e5r kontroll. Var noga med att kontrollera sekretesspolicyn f\u00f6r dessa webbplatser samt deras \"anv\u00e4ndarvillkor\" innan du deltar i n\u00e5gon verksamhet eller laddar upp n\u00e5gon information.<\/p>\n<h2>Samtycke<\/h2>\n<p>Genom att anv\u00e4nda v\u00e5r webbplats godk\u00e4nner du h\u00e4rmed v\u00e5r ansvarsfriskrivning och samtycker till dess villkor.<\/p>\n<h2>Uppdatera<\/h2>\n<p>Om vi uppdaterar, \u00e4ndrar eller g\u00f6r n\u00e5gra \u00e4ndringar i detta dokument kommer dessa \u00e4ndringar att publiceras tydligt h\u00e4r.<\/p>\n<\/div>\n<\/div>\n<\/div>\n<\/div>\n<\/div>\n<\/div>\n<\/div>\n<style>\r\n\r\n        .lwrp.link-whisper-related-posts{\r\n            \r\n            margin-top: 40px;\nmargin-bottom: 30px;\r\n        }\r\n        .lwrp .lwrp-title{\r\n            \r\n            \r\n        }\r\n        .lwrp .lwrp-description{\r\n            \r\n            \r\n\r\n        }\r\n        .lwrp .lwrp-list-container{\r\n        }\r\n        .lwrp .lwrp-list-multi-container{\r\n            display: flex;\r\n        }\r\n        .lwrp .lwrp-list-double{\r\n            width: 48%;\r\n        }\r\n        .lwrp .lwrp-list-triple{\r\n            width: 32%;\r\n        }\r\n        .lwrp .lwrp-list-row-container{\r\n            display: flex;\r\n            justify-content: space-between;\r\n        }\r\n        .lwrp .lwrp-list-row-container .lwrp-list-item{\r\n            width: calc(25% - 20px);\r\n        }\r\n        .lwrp .lwrp-list-item:not(.lwrp-no-posts-message-item){\r\n            \r\n            max-width: 250px;\r\n        }\r\n        .lwrp .lwrp-list-item img{\r\n            max-width: 100%;\r\n            height: auto;\r\n        }\r\n        .lwrp .lwrp-list-item.lwrp-empty-list-item{\r\n            background: initial !important;\r\n        }\r\n        .lwrp .lwrp-list-item .lwrp-list-link .lwrp-list-link-title-text,\r\n        .lwrp .lwrp-list-item .lwrp-list-no-posts-message{\r\n            \r\n                \r\n        }\r\n        @media screen and (max-width: 480px) {\r\n            .lwrp.link-whisper-related-posts{\r\n                \r\n                \r\n            }\r\n            .lwrp .lwrp-title{\r\n                \r\n                \r\n            }\r\n            .lwrp .lwrp-description{\r\n                \r\n                \r\n            }\r\n            .lwrp .lwrp-list-multi-container{\r\n                flex-direction: column;\r\n            }\r\n            .lwrp .lwrp-list-multi-container ul.lwrp-list{\r\n                margin-top: 0px;\r\n                margin-bottom: 0px;\r\n                padding-top: 0px;\r\n                padding-bottom: 0px;\r\n            }\r\n            .lwrp .lwrp-list-double,\r\n            .lwrp .lwrp-list-triple{\r\n                width: 100%;\r\n            }\r\n            .lwrp .lwrp-list-row-container{\r\n                justify-content: initial;\r\n                flex-direction: column;\r\n            }\r\n            .lwrp .lwrp-list-row-container .lwrp-list-item{\r\n                width: 100%;\r\n            }\r\n            .lwrp .lwrp-list-item:not(.lwrp-no-posts-message-item){\r\n                \r\n                max-width: initial;\r\n            }\r\n            .lwrp .lwrp-list-item .lwrp-list-link .lwrp-list-link-title-text,\r\n            .lwrp .lwrp-list-item .lwrp-list-no-posts-message{\r\n                \r\n                    \r\n            }\r\n        }<\/style>\r\n<div id=\"link-whisper-related-posts-widget\" class=\"link-whisper-related-posts lwrp\">\r\n            <h3 class=\"lwrp-title\">Relaterade inl\u00e4gg<\/h3>    \r\n        <div class=\"lwrp-list-container\">\r\n                                            <div class=\"lwrp-list-multi-container\">\r\n                    <ul class=\"lwrp-list lwrp-list-double lwrp-list-left\">\r\n                        <li class=\"lwrp-list-item\"><a href=\"https:\/\/deadoralivesaloon.com\/lv\/super-andar-bahar\/\" class=\"lwrp-list-link\"><span class=\"lwrp-list-link-title-text\">Upplev sp\u00e4nningen i Super Andar Bahar: Det senaste spelet fr\u00e5n Evolution Gaming!<\/span><\/a><\/li><li class=\"lwrp-list-item\"><a href=\"https:\/\/deadoralivesaloon.com\/lv\/atsauksmes\/\" class=\"lwrp-list-link\"><span class=\"lwrp-list-link-title-text\">Dead or Alive Saloon: Det senaste kortspelet p\u00e5 n\u00e4tcasino som tar v\u00e4rlden med storm<\/span><\/a><\/li>                    <\/ul>\r\n                    <ul class=\"lwrp-list lwrp-list-double lwrp-list-right\">\r\n                        <li class=\"lwrp-list-item\"><a href=\"https:\/\/deadoralivesaloon.com\/lv\/top-kazino-galda-karsu-speles-spelesanai-online\/\" class=\"lwrp-list-link\"><span class=\"lwrp-list-link-title-text\">De b\u00e4sta kasinobordskortsspelen att spela online 2024<\/span><\/a><\/li>                    <\/ul>\r\n                <\/div>\r\n                        <\/div>\r\n<\/div>","protected":false},"excerpt":{"rendered":"<p>Om du beh\u00f6ver mer information eller har fr\u00e5gor om v\u00e5r webbplats ansvarsfriskrivning kan du kontakta oss via e-post p\u00e5 doasaloon@casino.com. Ansvarsfriskrivning f\u00f6r deadoralivesaloon.com All information p\u00e5 denna webbplats - https:\/\/deadoralivesaloon.com\/ - publiceras i god tro och endast i allm\u00e4nt informationssyfte. Deadoralivesaloon.com l\u00e4mnar inga garantier om ... <a title=\"Ansvarsfriskrivning f\u00f6r DeadorAliveSaloon\" class=\"read-more\" href=\"https:\/\/deadoralivesaloon.com\/sv\/disclaimer\/\" aria-label=\"L\u00e4s mer om ansvarsfriskrivning f\u00f6r DeadorAliveSaloon\">L\u00e4s mer<\/a><\/p>","protected":false},"author":1,"featured_media":0,"parent":0,"menu_order":0,"comment_status":"closed","ping_status":"closed","template":"","meta":{"footnotes":""},"class_list":["post-50","page","type-page","status-publish"],"_links":{"self":[{"href":"https:\/\/deadoralivesaloon.com\/sv\/wp-json\/wp\/v2\/pages\/50","targetHints":{"allow":["GET"]}}],"collection":[{"href":"https:\/\/deadoralivesaloon.com\/sv\/wp-json\/wp\/v2\/pages"}],"about":[{"href":"https:\/\/deadoralivesaloon.com\/sv\/wp-json\/wp\/v2\/types\/page"}],"author":[{"embeddable":true,"href":"https:\/\/deadoralivesaloon.com\/sv\/wp-json\/wp\/v2\/users\/1"}],"replies":[{"embeddable":true,"href":"https:\/\/deadoralivesaloon.com\/sv\/wp-json\/wp\/v2\/comments?post=50"}],"version-history":[{"count":0,"href":"https:\/\/deadoralivesaloon.com\/sv\/wp-json\/wp\/v2\/pages\/50\/revisions"}],"wp:attachment":[{"href":"https:\/\/deadoralivesaloon.com\/sv\/wp-json\/wp\/v2\/media?parent=50"}],"curies":[{"name":"wp","href":"https:\/\/api.w.org\/{rel}","templated":true}]}}