{"id":47,"date":"2023-01-09T15:19:57","date_gmt":"2023-01-09T15:19:57","guid":{"rendered":"https:\/\/deadoralivesaloon.com\/?page_id=47"},"modified":"2023-01-09T15:19:57","modified_gmt":"2023-01-09T15:19:57","slug":"gizlilik-politikasi","status":"publish","type":"page","link":"https:\/\/deadoralivesaloon.com\/tr\/privacy-policy\/","title":{"rendered":"DeadorAlive i\u00e7in Gizlilik Politikas\u0131: Salon"},"content":{"rendered":"<div class=\"page\">\n<div class=\"container\">\n<div class=\"content download-wrapper\">\n<div class=\"row\">\n<div class=\"col-md-6 col-md-pull-6 col-sm-6 col-sm-pull-6\">\n<div class=\"main\">\n<div class=\"preview\">\n<p>deadoralivesaloon.com'de, \u015fu adresten eri\u015filebilir <a href=\"https:\/\/deadoralivesaloon.com\/tr\/\" target=\"_blank\" rel=\"noopener\">https:\/\/deadoralivesaloon.com\/<\/a>ana \u00f6nceliklerimizden biri ziyaret\u00e7ilerimizin gizlili\u011fidir. Bu Gizlilik Politikas\u0131 belgesi, deadoralivesaloon.com taraf\u0131ndan toplanan ve kaydedilen bilgi t\u00fcrlerini ve bunlar\u0131 nas\u0131l kulland\u0131\u011f\u0131m\u0131z\u0131 i\u00e7erir.<\/p>\n<p>Ek sorular\u0131n\u0131z varsa veya Gizlilik Politikam\u0131z hakk\u0131nda daha fazla bilgiye ihtiyac\u0131n\u0131z varsa, bizimle ileti\u015fime ge\u00e7mekten \u00e7ekinmeyin.<\/p>\n<p>Bu Gizlilik Politikas\u0131 yaln\u0131zca \u00e7evrimi\u00e7i faaliyetlerimiz i\u00e7in ge\u00e7erlidir ve deadoralivesaloon.com'de payla\u015ft\u0131klar\u0131 ve\/veya toplad\u0131klar\u0131 bilgilerle ilgili olarak web sitemizi ziyaret edenler i\u00e7in ge\u00e7erlidir. Bu politika, \u00e7evrimd\u0131\u015f\u0131 olarak veya bu web sitesi d\u0131\u015f\u0131ndaki kanallar arac\u0131l\u0131\u011f\u0131yla toplanan hi\u00e7bir bilgi i\u00e7in ge\u00e7erli de\u011fildir.<\/p>\n<h2>R\u0131za<\/h2>\n<p>Web sitemizi kullanarak, Gizlilik Politikam\u0131z\u0131 onaylam\u0131\u015f ve \u015fartlar\u0131n\u0131 kabul etmi\u015f olursunuz.<\/p>\n<h2>Toplad\u0131\u011f\u0131m\u0131z bilgiler<\/h2>\n<p>Vermeniz istenen ki\u015fisel bilgiler ve bunlar\u0131 vermenizin istenmesinin nedenleri, ki\u015fisel bilgilerinizi vermenizi istedi\u011fimiz noktada size a\u00e7\u0131k\u00e7a belirtilecektir.<\/p>\n<p>Bizimle do\u011frudan ileti\u015fime ge\u00e7erseniz, ad\u0131n\u0131z, e-posta adresiniz, telefon numaran\u0131z, bize g\u00f6nderebilece\u011finiz mesaj\u0131n ve\/veya eklerin i\u00e7eri\u011fi ve vermeyi tercih edebilece\u011finiz di\u011fer bilgiler gibi sizinle ilgili ek bilgiler alabiliriz.<\/p>\n<p>Bir Hesap i\u00e7in kaydoldu\u011funuzda, ad, \u015firket ad\u0131, adres, e-posta adresi ve telefon numaras\u0131 gibi \u00f6\u011feler dahil olmak \u00fczere ileti\u015fim bilgilerinizi isteyebiliriz.<\/p>\n<h2>Bilgilerinizi nas\u0131l kullan\u0131yoruz<\/h2>\n<p>Toplad\u0131\u011f\u0131m\u0131z bilgileri a\u015fa\u011f\u0131dakiler de dahil olmak \u00fczere \u00e7e\u015fitli \u015fekillerde kullan\u0131r\u0131z:<\/p>\n<ul>\n<li>Web sitemizi sa\u011flamak, i\u015fletmek ve bak\u0131m\u0131n\u0131 yapmak<\/li>\n<li>Web sitemizi iyile\u015ftirmek, ki\u015fiselle\u015ftirmek ve geni\u015fletmek<\/li>\n<li>Web sitemizi nas\u0131l kulland\u0131\u011f\u0131n\u0131z\u0131 anlamak ve analiz etmek<\/li>\n<li>Yeni \u00fcr\u00fcnler, hizmetler, \u00f6zellikler ve i\u015flevler geli\u015ftirmek<\/li>\n<li>M\u00fc\u015fteri hizmetleri, web sitesiyle ilgili g\u00fcncellemeler ve di\u011fer bilgileri size sa\u011flamak ve pazarlama ve tan\u0131t\u0131m ama\u00e7lar\u0131 da dahil olmak \u00fczere, do\u011frudan veya ortaklar\u0131m\u0131zdan biri arac\u0131l\u0131\u011f\u0131yla sizinle ileti\u015fim kurmak<\/li>\n<li>Size e-posta g\u00f6ndermek<\/li>\n<li>Doland\u0131r\u0131c\u0131l\u0131\u011f\u0131 bulun ve \u00f6nleyin<\/li>\n<\/ul>\n<h2>G\u00fcnl\u00fck Dosyalar\u0131<\/h2>\n<p>deadoralivesaloon.com, g\u00fcnl\u00fck dosyalar\u0131n\u0131 kullanmak i\u00e7in standart bir prosed\u00fcr izler. Bu dosyalar, web sitelerini ziyaret ettiklerinde ziyaret\u00e7ileri kaydeder. T\u00fcm bar\u0131nd\u0131rma \u015firketleri bunu yapar ve bar\u0131nd\u0131rma hizmetlerinin analitiklerinin bir par\u00e7as\u0131d\u0131r. G\u00fcnl\u00fck dosyalar\u0131 taraf\u0131ndan toplanan bilgiler aras\u0131nda internet protokol\u00fc (IP) adresleri, taray\u0131c\u0131 t\u00fcr\u00fc, \u0130nternet Servis Sa\u011flay\u0131c\u0131s\u0131 (ISP), tarih ve saat damgas\u0131, y\u00f6nlendirme\/\u00e7\u0131k\u0131\u015f sayfalar\u0131 ve muhtemelen t\u0131klama say\u0131s\u0131 bulunur. Bunlar ki\u015fisel olarak tan\u0131mlanabilecek herhangi bir bilgiyle ba\u011flant\u0131l\u0131 de\u011fildir. Bu bilgilerin amac\u0131 e\u011filimleri analiz etmek, siteyi y\u00f6netmek, kullan\u0131c\u0131lar\u0131n web sitesindeki hareketlerini izlemek ve demografik bilgi toplamakt\u0131r.<\/p>\n<h2>\u00c7erezler ve Web \u0130\u015faret\u00e7ileri<\/h2>\n<p>Di\u011fer t\u00fcm web siteleri gibi deadoralivesaloon.com de '\u00e7erezler' kullan\u0131r. Bu \u00e7erezler, ziyaret\u00e7ilerin tercihleri ve ziyaret\u00e7inin eri\u015fti\u011fi veya ziyaret etti\u011fi web sitesindeki sayfalar dahil olmak \u00fczere bilgileri saklamak i\u00e7in kullan\u0131l\u0131r. Bu bilgiler, web sayfas\u0131 i\u00e7eri\u011fimizi ziyaret\u00e7ilerin taray\u0131c\u0131 t\u00fcr\u00fcne ve\/veya di\u011fer bilgilerine g\u00f6re \u00f6zelle\u015ftirerek kullan\u0131c\u0131lar\u0131n deneyimini optimize etmek i\u00e7in kullan\u0131l\u0131r.<\/p>\n<h2>Reklam Ortaklar\u0131 Gizlilik Politikalar\u0131<\/h2>\n<p>deadoralivesaloon.com'nin reklam ortaklar\u0131n\u0131n her birinin Gizlilik Politikas\u0131n\u0131 bulmak i\u00e7in bu listeye ba\u015fvurabilirsiniz.<\/p>\n<p>\u00dc\u00e7\u00fcnc\u00fc taraf reklam sunucular\u0131 veya reklam a\u011flar\u0131, deadoralivesaloon.com'de g\u00f6r\u00fcnen ve do\u011frudan kullan\u0131c\u0131lar\u0131n taray\u0131c\u0131s\u0131na g\u00f6nderilen ilgili reklamlar\u0131nda ve ba\u011flant\u0131lar\u0131nda kullan\u0131lan \u00e7erezler, JavaScript veya Web \u0130\u015faret\u00e7ileri gibi teknolojileri kullan\u0131r. Bu ger\u00e7ekle\u015fti\u011finde IP adresinizi otomatik olarak al\u0131rlar. Bu teknolojiler, reklam kampanyalar\u0131n\u0131n etkinli\u011fini \u00f6l\u00e7mek ve\/veya ziyaret etti\u011finiz web sitelerinde g\u00f6rd\u00fc\u011f\u00fcn\u00fcz reklam i\u00e7eri\u011fini ki\u015fiselle\u015ftirmek i\u00e7in kullan\u0131l\u0131r.<\/p>\n<p>deadoralivesaloon.com'nin \u00fc\u00e7\u00fcnc\u00fc taraf reklamverenler taraf\u0131ndan kullan\u0131lan bu \u00e7erezlere eri\u015fimi veya kontrol\u00fc olmad\u0131\u011f\u0131n\u0131 unutmay\u0131n.<\/p>\n<h2>\u00dc\u00e7\u00fcnc\u00fc Taraf Gizlilik Politikalar\u0131<\/h2>\n<p>deadoralivesaloon.com'nin Gizlilik Politikas\u0131 di\u011fer reklamverenler veya web siteleri i\u00e7in ge\u00e7erli de\u011fildir. Bu nedenle, daha ayr\u0131nt\u0131l\u0131 bilgi i\u00e7in bu \u00fc\u00e7\u00fcnc\u00fc taraf reklam sunucular\u0131n\u0131n ilgili Gizlilik Politikalar\u0131na ba\u015fvurman\u0131z\u0131 tavsiye ederiz. Bu, onlar\u0131n uygulamalar\u0131n\u0131 ve belirli se\u00e7eneklerden nas\u0131l vazge\u00e7ilece\u011fine ili\u015fkin talimatlar\u0131 i\u00e7erebilir.<\/p>\n<p>Bireysel taray\u0131c\u0131 se\u00e7enekleriniz arac\u0131l\u0131\u011f\u0131yla \u00e7erezleri devre d\u0131\u015f\u0131 b\u0131rakmay\u0131 se\u00e7ebilirsiniz. Belirli web taray\u0131c\u0131lar\u0131 ile \u00e7erez y\u00f6netimi hakk\u0131nda daha ayr\u0131nt\u0131l\u0131 bilgi edinmek i\u00e7in, taray\u0131c\u0131lar\u0131n ilgili web sitelerinde bulunabilir.<\/p>\n<h2>CCPA Gizlilik Haklar\u0131 (Ki\u015fisel Bilgilerimi Satmay\u0131n)<\/h2>\n<p>CCPA kapsam\u0131nda, di\u011fer haklar\u0131n yan\u0131 s\u0131ra, Kaliforniyal\u0131 t\u00fcketiciler \u015fu haklara sahiptir:<\/p>\n<p>Bir t\u00fcketicinin ki\u015fisel verilerini toplayan bir i\u015fletmenin, t\u00fcketiciler hakk\u0131nda toplad\u0131\u011f\u0131 ki\u015fisel verilerin kategorilerini ve belirli par\u00e7alar\u0131n\u0131 a\u00e7\u0131klamas\u0131n\u0131 talep edin.<\/p>\n<p>Bir i\u015fletmenin t\u00fcketici hakk\u0131nda toplad\u0131\u011f\u0131 t\u00fcm ki\u015fisel verileri silmesini talep etme.<\/p>\n<p>T\u00fcketicinin ki\u015fisel verilerini satan bir i\u015fletmenin, t\u00fcketicinin ki\u015fisel verilerini satmamas\u0131n\u0131 talep edin.<\/p>\n<p>Bir talepte bulunursan\u0131z, size yan\u0131t vermek i\u00e7in bir ay s\u00fcremiz vard\u0131r. Bu haklardan herhangi birini kullanmak isterseniz, l\u00fctfen bizimle ileti\u015fime ge\u00e7in.<\/p>\n<h2>GDPR Veri Koruma Haklar\u0131<\/h2>\n<p>T\u00fcm veri koruma haklar\u0131n\u0131zdan tam olarak haberdar oldu\u011funuzdan emin olmak isteriz. Her kullan\u0131c\u0131 a\u015fa\u011f\u0131daki haklara sahiptir:<\/p>\n<p>Eri\u015fim hakk\u0131 - Ki\u015fisel verilerinizin kopyalar\u0131n\u0131 talep etme hakk\u0131na sahipsiniz. Bu hizmet i\u00e7in sizden k\u00fc\u00e7\u00fck bir \u00fccret talep edebiliriz.<\/p>\n<p>D\u00fczeltme hakk\u0131 - Yanl\u0131\u015f oldu\u011funa inand\u0131\u011f\u0131n\u0131z herhangi bir bilgiyi d\u00fczeltmemizi talep etme hakk\u0131na sahipsiniz. Ayr\u0131ca, eksik oldu\u011funa inand\u0131\u011f\u0131n\u0131z bilgileri tamamlamam\u0131z\u0131 talep etme hakk\u0131na da sahipsiniz.<\/p>\n<p>Silme hakk\u0131 - Belirli ko\u015fullar alt\u0131nda ki\u015fisel verilerinizi silmemizi talep etme hakk\u0131na sahipsiniz.<\/p>\n<p>\u0130\u015flemeyi k\u0131s\u0131tlama hakk\u0131 - Belirli ko\u015fullar alt\u0131nda ki\u015fisel verilerinizin i\u015flenmesini k\u0131s\u0131tlamam\u0131z\u0131 talep etme hakk\u0131na sahipsiniz.<\/p>\n<p>\u0130\u015flemeye itiraz etme hakk\u0131 - Belirli ko\u015fullar alt\u0131nda ki\u015fisel verilerinizin taraf\u0131m\u0131zca i\u015flenmesine itiraz etme hakk\u0131na sahipsiniz.<\/p>\n<p>Veri ta\u015f\u0131nabilirli\u011fi hakk\u0131 - Toplad\u0131\u011f\u0131m\u0131z verileri belirli ko\u015fullar alt\u0131nda ba\u015fka bir kurulu\u015fa veya do\u011frudan size aktarmam\u0131z\u0131 talep etme hakk\u0131na sahipsiniz.<\/p>\n<p>Bir talepte bulunursan\u0131z, size yan\u0131t vermek i\u00e7in bir ay s\u00fcremiz vard\u0131r. Bu haklardan herhangi birini kullanmak isterseniz, l\u00fctfen bizimle ileti\u015fime ge\u00e7in.<\/p>\n<h2>\u00c7ocuk Bilgileri<\/h2>\n<p>\u00d6nceli\u011fimizin bir di\u011fer par\u00e7as\u0131 da \u00e7ocuklar\u0131n interneti kullan\u0131rken korunmas\u0131n\u0131 sa\u011flamakt\u0131r. Ebeveynleri ve velileri \u00e7ocuklar\u0131n \u00e7evrimi\u00e7i faaliyetlerini g\u00f6zlemlemeye, bunlara kat\u0131lmaya ve\/veya izlemeye ve y\u00f6nlendirmeye te\u015fvik ediyoruz.<\/p>\n<p>deadoralivesaloon.com, 13 ya\u015f\u0131n alt\u0131ndaki \u00e7ocuklardan bilerek herhangi bir Ki\u015fisel Tan\u0131mlanabilir Bilgi toplamaz. \u00c7ocu\u011funuzun web sitemizde bu t\u00fcr bir bilgi sa\u011flad\u0131\u011f\u0131n\u0131 d\u00fc\u015f\u00fcn\u00fcyorsan\u0131z, derhal bizimle ileti\u015fime ge\u00e7menizi \u015fiddetle tavsiye ederiz ve bu t\u00fcr bilgileri kay\u0131tlar\u0131m\u0131zdan derhal kald\u0131rmak i\u00e7in elimizden gelenin en iyisini yapaca\u011f\u0131z.<\/p>\n<\/div>\n<\/div>\n<\/div>\n<\/div>\n<\/div>\n<\/div>\n<\/div>\n<style>\r\n\r\n        .lwrp.link-whisper-related-posts{\r\n            \r\n            margin-top: 40px;\nmargin-bottom: 30px;\r\n        }\r\n        .lwrp .lwrp-title{\r\n            \r\n            \r\n        }\r\n        .lwrp .lwrp-description{\r\n            \r\n            \r\n\r\n        }\r\n        .lwrp .lwrp-list-container{\r\n        }\r\n        .lwrp .lwrp-list-multi-container{\r\n            display: flex;\r\n        }\r\n        .lwrp .lwrp-list-double{\r\n            width: 48%;\r\n        }\r\n        .lwrp .lwrp-list-triple{\r\n            width: 32%;\r\n        }\r\n        .lwrp .lwrp-list-row-container{\r\n            display: flex;\r\n            justify-content: space-between;\r\n        }\r\n        .lwrp .lwrp-list-row-container .lwrp-list-item{\r\n            width: calc(25% - 20px);\r\n        }\r\n        .lwrp .lwrp-list-item:not(.lwrp-no-posts-message-item){\r\n            \r\n            max-width: 250px;\r\n        }\r\n        .lwrp .lwrp-list-item img{\r\n            max-width: 100%;\r\n            height: auto;\r\n        }\r\n        .lwrp .lwrp-list-item.lwrp-empty-list-item{\r\n            background: initial !important;\r\n        }\r\n        .lwrp .lwrp-list-item .lwrp-list-link .lwrp-list-link-title-text,\r\n        .lwrp .lwrp-list-item .lwrp-list-no-posts-message{\r\n            \r\n                \r\n        }\r\n        @media screen and (max-width: 480px) {\r\n            .lwrp.link-whisper-related-posts{\r\n                \r\n                \r\n            }\r\n            .lwrp .lwrp-title{\r\n                \r\n                \r\n            }\r\n            .lwrp .lwrp-description{\r\n                \r\n                \r\n            }\r\n            .lwrp .lwrp-list-multi-container{\r\n                flex-direction: column;\r\n            }\r\n            .lwrp .lwrp-list-multi-container ul.lwrp-list{\r\n                margin-top: 0px;\r\n                margin-bottom: 0px;\r\n                padding-top: 0px;\r\n                padding-bottom: 0px;\r\n            }\r\n            .lwrp .lwrp-list-double,\r\n            .lwrp .lwrp-list-triple{\r\n                width: 100%;\r\n            }\r\n            .lwrp .lwrp-list-row-container{\r\n                justify-content: initial;\r\n                flex-direction: column;\r\n            }\r\n            .lwrp .lwrp-list-row-container .lwrp-list-item{\r\n                width: 100%;\r\n            }\r\n            .lwrp .lwrp-list-item:not(.lwrp-no-posts-message-item){\r\n                \r\n                max-width: initial;\r\n            }\r\n            .lwrp .lwrp-list-item .lwrp-list-link .lwrp-list-link-title-text,\r\n            .lwrp .lwrp-list-item .lwrp-list-no-posts-message{\r\n                \r\n                    \r\n            }\r\n        }<\/style>\r\n<div id=\"link-whisper-related-posts-widget\" class=\"link-whisper-related-posts lwrp\">\r\n            <h3 class=\"lwrp-title\">\u0130lgili Yaz\u0131lar<\/h3>    \r\n        <div class=\"lwrp-list-container\">\r\n                                            <div class=\"lwrp-list-multi-container\">\r\n                    <ul class=\"lwrp-list lwrp-list-double lwrp-list-left\">\r\n                        <li class=\"lwrp-list-item\"><a href=\"https:\/\/deadoralivesaloon.com\/tr\/super-andar-bahar\/\" class=\"lwrp-list-link\"><span class=\"lwrp-list-link-title-text\">Super Andar Bahar Heyecan\u0131n\u0131 Ya\u015fay\u0131n: Evolution Gaming'den En Son Oyun!<\/span><\/a><\/li><li class=\"lwrp-list-item\"><a href=\"https:\/\/deadoralivesaloon.com\/tr\/online-oynamak-icin-en-iyi-casino-masa-karti-oyunlari\/\" class=\"lwrp-list-link\"><span class=\"lwrp-list-link-title-text\">2024'te \u00c7evrimi\u00e7i Oynanacak En \u0130yi Casino Masa Kart\u0131 Oyunlar\u0131<\/span><\/a><\/li>                    <\/ul>\r\n                    <ul class=\"lwrp-list lwrp-list-double lwrp-list-right\">\r\n                        <li class=\"lwrp-list-item\"><a href=\"https:\/\/deadoralivesaloon.com\/tr\/yorumlar\/\" class=\"lwrp-list-link\"><span class=\"lwrp-list-link-title-text\">Dead or Alive Saloon: D\u00fcnyay\u0131 F\u0131rt\u0131naya S\u00fcr\u00fckleyen En Yeni \u00c7evrimi\u00e7i Casino Kart Oyunu<\/span><\/a><\/li>                    <\/ul>\r\n                <\/div>\r\n                        <\/div>\r\n<\/div>","protected":false},"excerpt":{"rendered":"<p>https:\/\/deadoralivesaloon.com\/ adresinden eri\u015filebilen deadoralivesaloon.com'de ana \u00f6nceliklerimizden biri ziyaret\u00e7ilerimizin gizlili\u011fidir. Bu Gizlilik Politikas\u0131 belgesi, deadoralivesaloon.com taraf\u0131ndan toplanan ve kaydedilen bilgi t\u00fcrlerini ve bunlar\u0131 nas\u0131l kulland\u0131\u011f\u0131m\u0131z\u0131 i\u00e7erir. Ek sorular\u0131n\u0131z varsa veya Gizlilik Politikam\u0131z hakk\u0131nda daha fazla bilgiye ihtiyac\u0131n\u0131z varsa, bizimle ileti\u015fime ge\u00e7mekten \u00e7ekinmeyin. ... <a title=\"DeadorAlive i\u00e7in Gizlilik Politikas\u0131: Salon\" class=\"read-more\" href=\"https:\/\/deadoralivesaloon.com\/tr\/privacy-policy\/\" aria-label=\"DeadorAlive i\u00e7in Gizlilik Politikas\u0131 hakk\u0131nda daha fazla bilgi edinin: Salon\">Daha fazla bilgi edinin<\/a><\/p>","protected":false},"author":1,"featured_media":0,"parent":0,"menu_order":0,"comment_status":"closed","ping_status":"closed","template":"","meta":{"footnotes":""},"class_list":["post-47","page","type-page","status-publish"],"_links":{"self":[{"href":"https:\/\/deadoralivesaloon.com\/tr\/wp-json\/wp\/v2\/pages\/47","targetHints":{"allow":["GET"]}}],"collection":[{"href":"https:\/\/deadoralivesaloon.com\/tr\/wp-json\/wp\/v2\/pages"}],"about":[{"href":"https:\/\/deadoralivesaloon.com\/tr\/wp-json\/wp\/v2\/types\/page"}],"author":[{"embeddable":true,"href":"https:\/\/deadoralivesaloon.com\/tr\/wp-json\/wp\/v2\/users\/1"}],"replies":[{"embeddable":true,"href":"https:\/\/deadoralivesaloon.com\/tr\/wp-json\/wp\/v2\/comments?post=47"}],"version-history":[{"count":0,"href":"https:\/\/deadoralivesaloon.com\/tr\/wp-json\/wp\/v2\/pages\/47\/revisions"}],"wp:attachment":[{"href":"https:\/\/deadoralivesaloon.com\/tr\/wp-json\/wp\/v2\/media?parent=47"}],"curies":[{"name":"wp","href":"https:\/\/api.w.org\/{rel}","templated":true}]}}