{"id":50,"date":"2023-01-09T15:23:14","date_gmt":"2023-01-09T15:23:14","guid":{"rendered":"https:\/\/deadoralivesaloon.com\/?page_id=50"},"modified":"2023-01-09T15:23:14","modified_gmt":"2023-01-09T15:23:14","slug":"sorumluluk-reddi","status":"publish","type":"page","link":"https:\/\/deadoralivesaloon.com\/tr\/disclaimer\/","title":{"rendered":"DeadorAliveSaloon i\u00e7in Yasal Uyar\u0131"},"content":{"rendered":"<div class=\"page\">\n<div class=\"container\">\n<div class=\"content download-wrapper\">\n<div class=\"row\">\n<div class=\"col-md-6 col-md-pull-6 col-sm-6 col-sm-pull-6\">\n<div class=\"main\">\n<div class=\"preview\">\n<p>Daha fazla bilgiye ihtiyac\u0131n\u0131z varsa veya sitemizin sorumluluk reddi ile ilgili herhangi bir sorunuz varsa, l\u00fctfen doasaloon@casino.com adresinden e-posta yoluyla bizimle ileti\u015fime ge\u00e7mekten \u00e7ekinmeyin.<\/p>\n<h2>deadoralivesaloon.com i\u00e7in Yasal Uyar\u0131lar<\/h2>\n<p>Bu web sitesindeki - https:\/\/deadoralivesaloon.com\/ - t\u00fcm bilgiler iyi niyetle ve sadece genel bilgi ama\u00e7l\u0131 olarak yay\u0131nlanmaktad\u0131r. Deadoralivesaloon.com bu bilgilerin eksiksizli\u011fi, g\u00fcvenilirli\u011fi ve do\u011frulu\u011fu hakk\u0131nda herhangi bir garanti vermez. Bu web sitesinde buldu\u011funuz bilgilere dayanarak yapt\u0131\u011f\u0131n\u0131z herhangi bir i\u015flem (<a href=\"https:\/\/deadoralivesaloon.com\/tr\/\" target=\"_blank\" rel=\"noopener\">deadoralivesaloon.com<\/a>), kesinlikle kendi sorumlulu\u011funuzdad\u0131r. deadoralivesaloon.com, web sitemizin kullan\u0131m\u0131yla ba\u011flant\u0131l\u0131 olarak herhangi bir kay\u0131p ve\/veya zarardan sorumlu olmayacakt\u0131r.<\/p>\n<p>Web sitemizden, bu t\u00fcr harici sitelere giden k\u00f6pr\u00fcleri takip ederek di\u011fer web sitelerini ziyaret edebilirsiniz. Yararl\u0131 ve etik web sitelerine yaln\u0131zca kaliteli ba\u011flant\u0131lar sa\u011flamaya \u00e7al\u0131\u015fsak da, bu sitelerin i\u00e7eri\u011fi ve yap\u0131s\u0131 \u00fczerinde hi\u00e7bir kontrol\u00fcm\u00fcz yoktur. Di\u011fer web sitelerine verilen bu ba\u011flant\u0131lar, bu sitelerde bulunan t\u00fcm i\u00e7erik i\u00e7in bir tavsiye anlam\u0131na gelmez. Site sahipleri ve i\u00e7erikleri \u00f6nceden haber verilmeksizin de\u011fi\u015ftirilebilir ve bu durum, 'k\u00f6t\u00fc' olabilecek bir ba\u011flant\u0131y\u0131 kald\u0131rma f\u0131rsat\u0131m\u0131z olmadan \u00f6nce ger\u00e7ekle\u015febilir.<\/p>\n<p>Web sitemizden ayr\u0131ld\u0131\u011f\u0131n\u0131zda, di\u011fer sitelerin farkl\u0131 \u00f6zelliklere sahip olabilece\u011fini de l\u00fctfen unutmay\u0131n. <a href=\"https:\/\/deadoralivesaloon.com\/tr\/gizlilik-politikasi\/\" title=\"DeadorAlive i\u00e7in Gizlilik Politikas\u0131: Salon\" target=\"_blank\" rel=\"noopener\" data-wpil-monitor-id=\"8\">gi\u0307zli\u0307li\u0307k poli\u0307ti\u0307kalari<\/a> ve bizim kontrol\u00fcm\u00fcz d\u0131\u015f\u0131nda olan \u015fartlar. L\u00fctfen herhangi bir i\u015f yapmadan veya herhangi bir bilgi y\u00fcklemeden \u00f6nce bu sitelerin Gizlilik Politikalar\u0131n\u0131 ve \"Hizmet \u015eartlar\u0131n\u0131\" kontrol etti\u011finizden emin olun.<\/p>\n<h2>R\u0131za<\/h2>\n<p>Web sitemizi kullanarak, feragatnamemizi onaylam\u0131\u015f ve \u015fartlar\u0131n\u0131 kabul etmi\u015f olursunuz.<\/p>\n<h2>G\u00fcncelleme<\/h2>\n<p>Bu belgeyi g\u00fcncellememiz, de\u011fi\u015ftirmemiz veya bu belgede herhangi bir de\u011fi\u015fiklik yapmam\u0131z halinde, bu de\u011fi\u015fiklikler burada belirgin bir \u015fekilde yay\u0131nlanacakt\u0131r.<\/p>\n<\/div>\n<\/div>\n<\/div>\n<\/div>\n<\/div>\n<\/div>\n<\/div>\n<style>\r\n\r\n        .lwrp.link-whisper-related-posts{\r\n            \r\n            margin-top: 40px;\nmargin-bottom: 30px;\r\n        }\r\n        .lwrp .lwrp-title{\r\n            \r\n            \r\n        }\r\n        .lwrp .lwrp-description{\r\n            \r\n            \r\n\r\n        }\r\n        .lwrp .lwrp-list-container{\r\n        }\r\n        .lwrp .lwrp-list-multi-container{\r\n            display: flex;\r\n        }\r\n        .lwrp .lwrp-list-double{\r\n            width: 48%;\r\n        }\r\n        .lwrp .lwrp-list-triple{\r\n            width: 32%;\r\n        }\r\n        .lwrp .lwrp-list-row-container{\r\n            display: flex;\r\n            justify-content: space-between;\r\n        }\r\n        .lwrp .lwrp-list-row-container .lwrp-list-item{\r\n            width: calc(25% - 20px);\r\n        }\r\n        .lwrp .lwrp-list-item:not(.lwrp-no-posts-message-item){\r\n            \r\n            max-width: 250px;\r\n        }\r\n        .lwrp .lwrp-list-item img{\r\n            max-width: 100%;\r\n            height: auto;\r\n        }\r\n        .lwrp .lwrp-list-item.lwrp-empty-list-item{\r\n            background: initial !important;\r\n        }\r\n        .lwrp .lwrp-list-item .lwrp-list-link .lwrp-list-link-title-text,\r\n        .lwrp .lwrp-list-item .lwrp-list-no-posts-message{\r\n            \r\n                \r\n        }\r\n        @media screen and (max-width: 480px) {\r\n            .lwrp.link-whisper-related-posts{\r\n                \r\n                \r\n            }\r\n            .lwrp .lwrp-title{\r\n                \r\n                \r\n            }\r\n            .lwrp .lwrp-description{\r\n                \r\n                \r\n            }\r\n            .lwrp .lwrp-list-multi-container{\r\n                flex-direction: column;\r\n            }\r\n            .lwrp .lwrp-list-multi-container ul.lwrp-list{\r\n                margin-top: 0px;\r\n                margin-bottom: 0px;\r\n                padding-top: 0px;\r\n                padding-bottom: 0px;\r\n            }\r\n            .lwrp .lwrp-list-double,\r\n            .lwrp .lwrp-list-triple{\r\n                width: 100%;\r\n            }\r\n            .lwrp .lwrp-list-row-container{\r\n                justify-content: initial;\r\n                flex-direction: column;\r\n            }\r\n            .lwrp .lwrp-list-row-container .lwrp-list-item{\r\n                width: 100%;\r\n            }\r\n            .lwrp .lwrp-list-item:not(.lwrp-no-posts-message-item){\r\n                \r\n                max-width: initial;\r\n            }\r\n            .lwrp .lwrp-list-item .lwrp-list-link .lwrp-list-link-title-text,\r\n            .lwrp .lwrp-list-item .lwrp-list-no-posts-message{\r\n                \r\n                    \r\n            }\r\n        }<\/style>\r\n<div id=\"link-whisper-related-posts-widget\" class=\"link-whisper-related-posts lwrp\">\r\n            <h3 class=\"lwrp-title\">\u0130lgili Yaz\u0131lar<\/h3>    \r\n        <div class=\"lwrp-list-container\">\r\n                                            <div class=\"lwrp-list-multi-container\">\r\n                    <ul class=\"lwrp-list lwrp-list-double lwrp-list-left\">\r\n                        <li class=\"lwrp-list-item\"><a href=\"https:\/\/deadoralivesaloon.com\/lv\/super-andar-bahar\/\" class=\"lwrp-list-link\"><span class=\"lwrp-list-link-title-text\">Super Andar Bahar Heyecan\u0131n\u0131 Ya\u015fay\u0131n: Evolution Gaming'den En Son Oyun!<\/span><\/a><\/li><li class=\"lwrp-list-item\"><a href=\"https:\/\/deadoralivesaloon.com\/lv\/atsauksmes\/\" class=\"lwrp-list-link\"><span class=\"lwrp-list-link-title-text\">Dead or Alive Saloon: D\u00fcnyay\u0131 F\u0131rt\u0131naya S\u00fcr\u00fckleyen En Yeni \u00c7evrimi\u00e7i Casino Kart Oyunu<\/span><\/a><\/li>                    <\/ul>\r\n                    <ul class=\"lwrp-list lwrp-list-double lwrp-list-right\">\r\n                        <li class=\"lwrp-list-item\"><a href=\"https:\/\/deadoralivesaloon.com\/lv\/top-kazino-galda-karsu-speles-spelesanai-online\/\" class=\"lwrp-list-link\"><span class=\"lwrp-list-link-title-text\">2024'te \u00c7evrimi\u00e7i Oynanacak En \u0130yi Casino Masa Kart\u0131 Oyunlar\u0131<\/span><\/a><\/li>                    <\/ul>\r\n                <\/div>\r\n                        <\/div>\r\n<\/div>","protected":false},"excerpt":{"rendered":"<p>Daha fazla bilgiye ihtiyac\u0131n\u0131z varsa veya sitemizin sorumluluk reddi ile ilgili herhangi bir sorunuz varsa, l\u00fctfen doasaloon@casino.com adresinden e-posta yoluyla bizimle ileti\u015fime ge\u00e7mekten \u00e7ekinmeyin. deadoralivesaloon.com i\u00e7in feragatnameler Bu web sitesindeki t\u00fcm bilgiler - https:\/\/deadoralivesaloon.com\/ - iyi niyetle ve yaln\u0131zca genel bilgi ama\u00e7l\u0131 olarak yay\u0131nlanmaktad\u0131r. Deadoralivesaloon.com bu bilgiler hakk\u0131nda herhangi bir garanti vermez ... <a title=\"DeadorAliveSaloon i\u00e7in Yasal Uyar\u0131\" class=\"read-more\" href=\"https:\/\/deadoralivesaloon.com\/tr\/disclaimer\/\" aria-label=\"DeadorAliveSaloon i\u00e7in Sorumluluk Reddi hakk\u0131nda daha fazla bilgi edinin\">Daha fazla bilgi edinin<\/a><\/p>","protected":false},"author":1,"featured_media":0,"parent":0,"menu_order":0,"comment_status":"closed","ping_status":"closed","template":"","meta":{"footnotes":""},"class_list":["post-50","page","type-page","status-publish"],"_links":{"self":[{"href":"https:\/\/deadoralivesaloon.com\/tr\/wp-json\/wp\/v2\/pages\/50","targetHints":{"allow":["GET"]}}],"collection":[{"href":"https:\/\/deadoralivesaloon.com\/tr\/wp-json\/wp\/v2\/pages"}],"about":[{"href":"https:\/\/deadoralivesaloon.com\/tr\/wp-json\/wp\/v2\/types\/page"}],"author":[{"embeddable":true,"href":"https:\/\/deadoralivesaloon.com\/tr\/wp-json\/wp\/v2\/users\/1"}],"replies":[{"embeddable":true,"href":"https:\/\/deadoralivesaloon.com\/tr\/wp-json\/wp\/v2\/comments?post=50"}],"version-history":[{"count":0,"href":"https:\/\/deadoralivesaloon.com\/tr\/wp-json\/wp\/v2\/pages\/50\/revisions"}],"wp:attachment":[{"href":"https:\/\/deadoralivesaloon.com\/tr\/wp-json\/wp\/v2\/media?parent=50"}],"curies":[{"name":"wp","href":"https:\/\/api.w.org\/{rel}","templated":true}]}}